{"id":14190,"date":"2025-08-01T14:46:16","date_gmt":"2025-08-01T12:46:16","guid":{"rendered":"https:\/\/www.livresentre2actions.fr\/?post_type=product&#038;p=14190"},"modified":"2025-08-25T14:23:22","modified_gmt":"2025-08-25T12:23:22","slug":"les-dunes-du-nord-de-la-france-p-cuir-et-p-van-der-plaetsen","status":"publish","type":"product","link":"https:\/\/www.livresentre2actions.fr\/en\/product\/les-dunes-du-nord-de-la-france-p-cuir-et-p-van-der-plaetsen\/","title":{"rendered":"Les dunes du Nord de la France, P. Cuir et P. Van der Plaetsen"},"content":{"rendered":"<p>Broch\u00e9, 298 x 210, 190p. CNDP Lille, Dossier 16, 1983. Premi\u00e8re \u00e9dition. Exemplaire propre, r\u00e9form\u00e9 de biblioth\u00e8que avec tampon en couverture, au sommaire, code en couverture, titre manuscrit au dos, fiche d&#8217;emprunt au verso de la couverture. Bien ferme. Exemplaire sans diapositives.<\/p>","protected":false},"excerpt":{"rendered":"<p>Broch\u00e9, 298 x 210, 190p. CNDP Lille, Dossier 16, 1983. Premi\u00e8re \u00e9dition. Exemplaire propre, r\u00e9form\u00e9 de biblioth\u00e8que avec tampon en couverture, au sommaire, code en couverture, titre manuscrit au dos, fiche d&#8217;emprunt au verso de la couverture. Bien ferme. Exemplaire sans diapositives.<\/p>","protected":false},"featured_media":14191,"template":"","meta":{"_eb_attr":""},"product_brand":[],"product_cat":[37,74,71,81,70],"product_tag":[],"class_list":{"0":"post-14190","1":"product","2":"type-product","3":"status-publish","4":"has-post-thumbnail","6":"product_cat-a-partir-du-xxeme-siecle","7":"product_cat-collections","8":"product_cat-illustres-modernes-editions-originales-signees-numerotees","9":"product_cat-hauts-de-france","10":"product_cat-medecine-et-nature","11":"sales-flash-overlay","12":"woocommerce-text-align-center","13":"woocommerce-image-align-center","14":"wc-has-gallery","16":"first","17":"instock","18":"taxable","19":"shipping-taxable","20":"purchasable","21":"product-type-simple"},"aioseo_notices":[],"_links":{"self":[{"href":"https:\/\/www.livresentre2actions.fr\/en\/wp-json\/wp\/v2\/product\/14190","targetHints":{"allow":["GET"]}}],"collection":[{"href":"https:\/\/www.livresentre2actions.fr\/en\/wp-json\/wp\/v2\/product"}],"about":[{"href":"https:\/\/www.livresentre2actions.fr\/en\/wp-json\/wp\/v2\/types\/product"}],"wp:featuredmedia":[{"embeddable":true,"href":"https:\/\/www.livresentre2actions.fr\/en\/wp-json\/wp\/v2\/media\/14191"}],"wp:attachment":[{"href":"https:\/\/www.livresentre2actions.fr\/en\/wp-json\/wp\/v2\/media?parent=14190"}],"wp:term":[{"taxonomy":"product_brand","embeddable":true,"href":"https:\/\/www.livresentre2actions.fr\/en\/wp-json\/wp\/v2\/product_brand?post=14190"},{"taxonomy":"product_cat","embeddable":true,"href":"https:\/\/www.livresentre2actions.fr\/en\/wp-json\/wp\/v2\/product_cat?post=14190"},{"taxonomy":"product_tag","embeddable":true,"href":"https:\/\/www.livresentre2actions.fr\/en\/wp-json\/wp\/v2\/product_tag?post=14190"}],"curies":[{"name":"wp","href":"https:\/\/api.w.org\/{rel}","templated":true}]}}