{"id":14177,"date":"2025-07-31T18:55:39","date_gmt":"2025-07-31T16:55:39","guid":{"rendered":"https:\/\/www.livresentre2actions.fr\/?post_type=product&#038;p=14177"},"modified":"2025-08-25T14:23:23","modified_gmt":"2025-08-25T12:23:23","slug":"meditations-a-lusage-des-femmes-et-jeunes-filles-du-monde-sur-lapostolat","status":"publish","type":"product","link":"https:\/\/www.livresentre2actions.fr\/en\/product\/meditations-a-lusage-des-femmes-et-jeunes-filles-du-monde-sur-lapostolat\/","title":{"rendered":"M\u00e9ditations \u00e0 l&rsquo;usage des femmes et jeunes filles du monde sur l&rsquo;apostolat"},"content":{"rendered":"<p>Marguerite Jules-Simon &#8211; Librairie Devarenne<\/p>\n<p>Broch\u00e9, 152 x 86, 142p. 1904. Edition originale. Int\u00e9rieur propre et int\u00e8gre. Couvertures et dos l\u00e9g\u00e8rement insol\u00e9s, quelques tache en couvertures, deux tr\u00e8s petites d\u00e9chirures sans manque au dos. Bon exemplaire bien ferme.<\/p>","protected":false},"excerpt":{"rendered":"<p>Marguerite Jules-Simon &#8211; Librairie Devarenne Broch\u00e9, 152 x 86, 142p. 1904. Edition originale. Int\u00e9rieur propre et int\u00e8gre. Couvertures et dos l\u00e9g\u00e8rement insol\u00e9s, quelques tache en couvertures, deux tr\u00e8s petites d\u00e9chirures sans manque au dos. Bon exemplaire bien ferme.<\/p>","protected":false},"featured_media":14178,"template":"","meta":{"_eb_attr":""},"product_brand":[],"product_cat":[37,71,68],"product_tag":[],"class_list":{"0":"post-14177","1":"product","2":"type-product","3":"status-publish","4":"has-post-thumbnail","6":"product_cat-a-partir-du-xxeme-siecle","7":"product_cat-illustres-modernes-editions-originales-signees-numerotees","8":"product_cat-religion-spiritualite","9":"sales-flash-overlay","10":"woocommerce-text-align-center","11":"woocommerce-image-align-center","12":"wc-has-gallery","14":"first","15":"instock","16":"taxable","17":"shipping-taxable","18":"purchasable","19":"product-type-simple"},"aioseo_notices":[],"_links":{"self":[{"href":"https:\/\/www.livresentre2actions.fr\/en\/wp-json\/wp\/v2\/product\/14177","targetHints":{"allow":["GET"]}}],"collection":[{"href":"https:\/\/www.livresentre2actions.fr\/en\/wp-json\/wp\/v2\/product"}],"about":[{"href":"https:\/\/www.livresentre2actions.fr\/en\/wp-json\/wp\/v2\/types\/product"}],"wp:featuredmedia":[{"embeddable":true,"href":"https:\/\/www.livresentre2actions.fr\/en\/wp-json\/wp\/v2\/media\/14178"}],"wp:attachment":[{"href":"https:\/\/www.livresentre2actions.fr\/en\/wp-json\/wp\/v2\/media?parent=14177"}],"wp:term":[{"taxonomy":"product_brand","embeddable":true,"href":"https:\/\/www.livresentre2actions.fr\/en\/wp-json\/wp\/v2\/product_brand?post=14177"},{"taxonomy":"product_cat","embeddable":true,"href":"https:\/\/www.livresentre2actions.fr\/en\/wp-json\/wp\/v2\/product_cat?post=14177"},{"taxonomy":"product_tag","embeddable":true,"href":"https:\/\/www.livresentre2actions.fr\/en\/wp-json\/wp\/v2\/product_tag?post=14177"}],"curies":[{"name":"wp","href":"https:\/\/api.w.org\/{rel}","templated":true}]}}