{"id":14166,"date":"2025-07-31T18:52:25","date_gmt":"2025-07-31T16:52:25","guid":{"rendered":"https:\/\/www.livresentre2actions.fr\/?post_type=product&#038;p=14166"},"modified":"2025-08-25T14:23:23","modified_gmt":"2025-08-25T12:23:23","slug":"le-7eme-regiment-de-chasseurs-edition-illustree","status":"publish","type":"product","link":"https:\/\/www.livresentre2actions.fr\/en\/product\/le-7eme-regiment-de-chasseurs-edition-illustree\/","title":{"rendered":"Le 7\u00e8me r\u00e9giment de chasseurs &#8211; Edition illustr\u00e9e"},"content":{"rendered":"<p>Broch\u00e9 dactylographi\u00e9 \u00e0 dos plastique, 224 x190, non pagin\u00e9, 48p. Sans date. Nombreuses illustrations noir et couleur. In fine la port\u00e9e de la partition du refrain du r\u00e9giment. tr\u00e8s bon exemplaire, propre, int\u00e8gre, bien ferme.<\/p>","protected":false},"excerpt":{"rendered":"<p>Broch\u00e9 dactylographi\u00e9 \u00e0 dos plastique, 224 x190, non pagin\u00e9, 48p. Sans date. Nombreuses illustrations noir et couleur. In fine la port\u00e9e de la partition du refrain du r\u00e9giment. tr\u00e8s bon exemplaire, propre, int\u00e8gre, bien ferme.<\/p>","protected":false},"featured_media":14167,"template":"","meta":{"_eb_attr":""},"product_brand":[],"product_cat":[37,71,73],"product_tag":[],"class_list":{"0":"post-14166","1":"product","2":"type-product","3":"status-publish","4":"has-post-thumbnail","6":"product_cat-a-partir-du-xxeme-siecle","7":"product_cat-illustres-modernes-editions-originales-signees-numerotees","8":"product_cat-histoires-et-recits-de-voyage","9":"sales-flash-overlay","10":"woocommerce-text-align-center","11":"woocommerce-image-align-center","12":"wc-has-gallery","14":"first","15":"instock","16":"taxable","17":"shipping-taxable","18":"purchasable","19":"product-type-simple"},"aioseo_notices":[],"_links":{"self":[{"href":"https:\/\/www.livresentre2actions.fr\/en\/wp-json\/wp\/v2\/product\/14166","targetHints":{"allow":["GET"]}}],"collection":[{"href":"https:\/\/www.livresentre2actions.fr\/en\/wp-json\/wp\/v2\/product"}],"about":[{"href":"https:\/\/www.livresentre2actions.fr\/en\/wp-json\/wp\/v2\/types\/product"}],"wp:featuredmedia":[{"embeddable":true,"href":"https:\/\/www.livresentre2actions.fr\/en\/wp-json\/wp\/v2\/media\/14167"}],"wp:attachment":[{"href":"https:\/\/www.livresentre2actions.fr\/en\/wp-json\/wp\/v2\/media?parent=14166"}],"wp:term":[{"taxonomy":"product_brand","embeddable":true,"href":"https:\/\/www.livresentre2actions.fr\/en\/wp-json\/wp\/v2\/product_brand?post=14166"},{"taxonomy":"product_cat","embeddable":true,"href":"https:\/\/www.livresentre2actions.fr\/en\/wp-json\/wp\/v2\/product_cat?post=14166"},{"taxonomy":"product_tag","embeddable":true,"href":"https:\/\/www.livresentre2actions.fr\/en\/wp-json\/wp\/v2\/product_tag?post=14166"}],"curies":[{"name":"wp","href":"https:\/\/api.w.org\/{rel}","templated":true}]}}