{"id":14157,"date":"2025-07-31T18:48:36","date_gmt":"2025-07-31T16:48:36","guid":{"rendered":"https:\/\/www.livresentre2actions.fr\/?post_type=product&#038;p=14157"},"modified":"2025-08-27T11:10:37","modified_gmt":"2025-08-27T09:10:37","slug":"parmi-dautres-roger-lee-signe","status":"publish","type":"product","link":"https:\/\/www.livresentre2actions.fr\/en\/product\/parmi-dautres-roger-lee-signe\/","title":{"rendered":"Parmi d&rsquo;autres &#8211; Roger Lee &#8211; Sign\u00e9"},"content":{"rendered":"<p>Broch\u00e9, 165 x 110, sans date, 131p. avec envoi sign\u00e9 de l&rsquo;auteur. exemplaire insol\u00e9 mais prorpe. Une tr\u00e8s petite d\u00e9chirure sans manque en t\u00eate de dos. exemplaire bien ferme.<\/p>","protected":false},"excerpt":{"rendered":"<p>Broch\u00e9, 165 x 110, sans date, 131p. avec envoi sign\u00e9 de l&rsquo;auteur. exemplaire insol\u00e9 mais prorpe. Une tr\u00e8s petite d\u00e9chirure sans manque en t\u00eate de dos. exemplaire bien ferme.<\/p>","protected":false},"featured_media":14158,"template":"","meta":{"_eb_attr":""},"product_brand":[],"product_cat":[37,71,81,73],"product_tag":[87],"class_list":{"0":"post-14157","1":"product","2":"type-product","3":"status-publish","4":"has-post-thumbnail","6":"product_cat-a-partir-du-xxeme-siecle","7":"product_cat-illustres-modernes-editions-originales-signees-numerotees","8":"product_cat-hauts-de-france","9":"product_cat-histoires-et-recits-de-voyage","10":"product_tag-signe","11":"sales-flash-overlay","12":"woocommerce-text-align-center","13":"woocommerce-image-align-center","14":"wc-has-gallery","16":"first","17":"instock","18":"taxable","19":"shipping-taxable","20":"purchasable","21":"product-type-simple"},"aioseo_notices":[],"_links":{"self":[{"href":"https:\/\/www.livresentre2actions.fr\/en\/wp-json\/wp\/v2\/product\/14157","targetHints":{"allow":["GET"]}}],"collection":[{"href":"https:\/\/www.livresentre2actions.fr\/en\/wp-json\/wp\/v2\/product"}],"about":[{"href":"https:\/\/www.livresentre2actions.fr\/en\/wp-json\/wp\/v2\/types\/product"}],"wp:featuredmedia":[{"embeddable":true,"href":"https:\/\/www.livresentre2actions.fr\/en\/wp-json\/wp\/v2\/media\/14158"}],"wp:attachment":[{"href":"https:\/\/www.livresentre2actions.fr\/en\/wp-json\/wp\/v2\/media?parent=14157"}],"wp:term":[{"taxonomy":"product_brand","embeddable":true,"href":"https:\/\/www.livresentre2actions.fr\/en\/wp-json\/wp\/v2\/product_brand?post=14157"},{"taxonomy":"product_cat","embeddable":true,"href":"https:\/\/www.livresentre2actions.fr\/en\/wp-json\/wp\/v2\/product_cat?post=14157"},{"taxonomy":"product_tag","embeddable":true,"href":"https:\/\/www.livresentre2actions.fr\/en\/wp-json\/wp\/v2\/product_tag?post=14157"}],"curies":[{"name":"wp","href":"https:\/\/api.w.org\/{rel}","templated":true}]}}