{"id":14119,"date":"2025-07-29T17:12:33","date_gmt":"2025-07-29T15:12:33","guid":{"rendered":"https:\/\/www.livresentre2actions.fr\/?post_type=product&#038;p=14119"},"modified":"2025-07-29T17:12:33","modified_gmt":"2025-07-29T15:12:33","slug":"teleologisches-denken-nicolai-hartmann","status":"publish","type":"product","link":"https:\/\/www.livresentre2actions.fr\/en\/product\/teleologisches-denken-nicolai-hartmann\/","title":{"rendered":"Teleologisches Denken &#8211; Nicolai Hartmann"},"content":{"rendered":"<p>Walter de Gruyter &amp; Co &#8211; Cartonnage \u00e9diteur \u00e0 dos long orn\u00e9 du titre et de l\u2019auteur, plat sup\u00e9rieur orn\u00e9 des titres et auteur, 237 x 160, 136p. 1951. tr\u00e8s bon exemplaire, propre, int\u00e8gre, bien ferme.<\/p>","protected":false},"excerpt":{"rendered":"<p>Walter de Gruyter &amp; Co &#8211; Cartonnage \u00e9diteur \u00e0 dos long orn\u00e9 du titre et de l\u2019auteur, plat sup\u00e9rieur orn\u00e9 des titres et auteur, 237 x 160, 136p. 1951. tr\u00e8s bon exemplaire, propre, int\u00e8gre, bien ferme.<\/p>","protected":false},"featured_media":14120,"template":"","meta":{"_eb_attr":""},"product_brand":[],"product_cat":[37,68],"product_tag":[],"class_list":{"0":"post-14119","1":"product","2":"type-product","3":"status-publish","4":"has-post-thumbnail","6":"product_cat-a-partir-du-xxeme-siecle","7":"product_cat-religion-spiritualite","8":"sales-flash-overlay","9":"woocommerce-text-align-center","10":"woocommerce-image-align-center","11":"wc-has-gallery","13":"first","14":"instock","15":"taxable","16":"shipping-taxable","17":"purchasable","18":"product-type-simple"},"aioseo_notices":[],"_links":{"self":[{"href":"https:\/\/www.livresentre2actions.fr\/en\/wp-json\/wp\/v2\/product\/14119","targetHints":{"allow":["GET"]}}],"collection":[{"href":"https:\/\/www.livresentre2actions.fr\/en\/wp-json\/wp\/v2\/product"}],"about":[{"href":"https:\/\/www.livresentre2actions.fr\/en\/wp-json\/wp\/v2\/types\/product"}],"wp:featuredmedia":[{"embeddable":true,"href":"https:\/\/www.livresentre2actions.fr\/en\/wp-json\/wp\/v2\/media\/14120"}],"wp:attachment":[{"href":"https:\/\/www.livresentre2actions.fr\/en\/wp-json\/wp\/v2\/media?parent=14119"}],"wp:term":[{"taxonomy":"product_brand","embeddable":true,"href":"https:\/\/www.livresentre2actions.fr\/en\/wp-json\/wp\/v2\/product_brand?post=14119"},{"taxonomy":"product_cat","embeddable":true,"href":"https:\/\/www.livresentre2actions.fr\/en\/wp-json\/wp\/v2\/product_cat?post=14119"},{"taxonomy":"product_tag","embeddable":true,"href":"https:\/\/www.livresentre2actions.fr\/en\/wp-json\/wp\/v2\/product_tag?post=14119"}],"curies":[{"name":"wp","href":"https:\/\/api.w.org\/{rel}","templated":true}]}}