{"id":14102,"date":"2025-07-29T16:59:32","date_gmt":"2025-07-29T14:59:32","guid":{"rendered":"https:\/\/www.livresentre2actions.fr\/?post_type=product&#038;p=14102"},"modified":"2025-08-25T14:23:25","modified_gmt":"2025-08-25T12:23:25","slug":"le-folklore-du-cambresis-coutumes-et-traditions-populaires","status":"publish","type":"product","link":"https:\/\/www.livresentre2actions.fr\/en\/product\/le-folklore-du-cambresis-coutumes-et-traditions-populaires\/","title":{"rendered":"Le folklore du Cambr\u00e9sis : Coutumes et traditions populaires"},"content":{"rendered":"<p>Broch\u00e9, 256 x 151, 214p. avec table. 1978. Coll. de La Soci\u00e9t\u00e9 de Linguistique Picarde Tome XVI. Int\u00e9rieur tr\u00e8s bon, propre et int\u00e8gre. Couvertures et dos l\u00e9g\u00e8rement insol\u00e9s, avec l\u00e9g\u00e8res rousseurs, mais propres et int\u00e8gres. Bon exemplaire, bien ferme. Nous joignons un 6 pages agraf\u00e9 en t\u00eate de po\u00e9sies compos\u00e9es par G\u00e9ry Herbert et Jean Lobry.<\/p>","protected":false},"excerpt":{"rendered":"<p>Broch\u00e9, 256 x 151, 214p. avec table. 1978. Coll. de La Soci\u00e9t\u00e9 de Linguistique Picarde Tome XVI. Int\u00e9rieur tr\u00e8s bon, propre et int\u00e8gre. Couvertures et dos l\u00e9g\u00e8rement insol\u00e9s, avec l\u00e9g\u00e8res rousseurs, mais propres et int\u00e8gres. Bon exemplaire, bien ferme. Nous joignons un 6 pages agraf\u00e9 en t\u00eate de po\u00e9sies compos\u00e9es par G\u00e9ry Herbert et Jean &#8230; <a title=\"Le folklore du Cambr\u00e9sis : Coutumes et traditions populaires\" class=\"read-more\" href=\"https:\/\/www.livresentre2actions.fr\/en\/product\/le-folklore-du-cambresis-coutumes-et-traditions-populaires\/\" aria-label=\"Read more about Le folklore du Cambr\u00e9sis : Coutumes et traditions populaires\">Read more<\/a><\/p>","protected":false},"featured_media":14103,"template":"","meta":{"_eb_attr":""},"product_brand":[],"product_cat":[37,71,81],"product_tag":[],"class_list":{"0":"post-14102","1":"product","2":"type-product","3":"status-publish","4":"has-post-thumbnail","6":"product_cat-a-partir-du-xxeme-siecle","7":"product_cat-illustres-modernes-editions-originales-signees-numerotees","8":"product_cat-hauts-de-france","9":"sales-flash-overlay","10":"woocommerce-text-align-center","11":"woocommerce-image-align-center","12":"wc-has-gallery","14":"first","15":"instock","16":"taxable","17":"shipping-taxable","18":"purchasable","19":"product-type-simple"},"aioseo_notices":[],"_links":{"self":[{"href":"https:\/\/www.livresentre2actions.fr\/en\/wp-json\/wp\/v2\/product\/14102","targetHints":{"allow":["GET"]}}],"collection":[{"href":"https:\/\/www.livresentre2actions.fr\/en\/wp-json\/wp\/v2\/product"}],"about":[{"href":"https:\/\/www.livresentre2actions.fr\/en\/wp-json\/wp\/v2\/types\/product"}],"wp:featuredmedia":[{"embeddable":true,"href":"https:\/\/www.livresentre2actions.fr\/en\/wp-json\/wp\/v2\/media\/14103"}],"wp:attachment":[{"href":"https:\/\/www.livresentre2actions.fr\/en\/wp-json\/wp\/v2\/media?parent=14102"}],"wp:term":[{"taxonomy":"product_brand","embeddable":true,"href":"https:\/\/www.livresentre2actions.fr\/en\/wp-json\/wp\/v2\/product_brand?post=14102"},{"taxonomy":"product_cat","embeddable":true,"href":"https:\/\/www.livresentre2actions.fr\/en\/wp-json\/wp\/v2\/product_cat?post=14102"},{"taxonomy":"product_tag","embeddable":true,"href":"https:\/\/www.livresentre2actions.fr\/en\/wp-json\/wp\/v2\/product_tag?post=14102"}],"curies":[{"name":"wp","href":"https:\/\/api.w.org\/{rel}","templated":true}]}}