{"id":14016,"date":"2025-07-23T16:18:18","date_gmt":"2025-07-23T14:18:18","guid":{"rendered":"https:\/\/www.livresentre2actions.fr\/?post_type=product&#038;p=14016"},"modified":"2025-08-25T14:23:27","modified_gmt":"2025-08-25T12:23:27","slug":"oeuvres-completes-de-plutarque-la-vie-des-hommes-illustres-4-tomes-complet","status":"publish","type":"product","link":"https:\/\/www.livresentre2actions.fr\/en\/product\/oeuvres-completes-de-plutarque-la-vie-des-hommes-illustres-4-tomes-complet\/","title":{"rendered":"\u0152uvres compl\u00e8tes de Plutarque. La vie des hommes illustres, 4 tomes, complet"},"content":{"rendered":"<p>Plutarque (E. Talbot, trad.) &#8211; Librairie L. Hachette<\/p>\n<p>Demi-basane olive, dos long orn\u00e9 de liser\u00e9 des titre et auteur, 180 x 120, 1865. Trad. En fran\u00e7ais par E. Talbot. Tome premier, 439p. Hors table. Ex-libris en page de faux-titre, et derni\u00e8re page vierge avec notes. Tome deuxi\u00e8me, 505p. Hors table. Ex-libris en page de faux-titre. Tome troisi\u00e8me, 650p. Hors table. 2 ex-libris en page de faux-titre. Tome quatri\u00e8me, 565p. Hors table.\u00a0Ex-libris en page de faux-titre. Int\u00e9rieurs propres et int\u00e8gres. Plats, coins et champs frott\u00e9s. Reliures en bon \u00e9tat, avec quelques \u00e9pidermures et griffures, un manque en coiffe du T1. Mors frott\u00e9s. Bons exemplaires bien fermes.<\/p>","protected":false},"excerpt":{"rendered":"<p>Plutarque (E. Talbot, trad.) &#8211; Librairie L. Hachette Demi-basane olive, dos long orn\u00e9 de liser\u00e9 des titre et auteur, 180 x 120, 1865. Trad. En fran\u00e7ais par E. Talbot. Tome premier, 439p. Hors table. Ex-libris en page de faux-titre, et derni\u00e8re page vierge avec notes. Tome deuxi\u00e8me, 505p. Hors table. Ex-libris en page de faux-titre. &#8230; <a title=\"\u0152uvres compl\u00e8tes de Plutarque. La vie des hommes illustres, 4 tomes, complet\" class=\"read-more\" href=\"https:\/\/www.livresentre2actions.fr\/en\/product\/oeuvres-completes-de-plutarque-la-vie-des-hommes-illustres-4-tomes-complet\/\" aria-label=\"Read more about \u0152uvres compl\u00e8tes de Plutarque. La vie des hommes illustres, 4 tomes, complet\">Read more<\/a><\/p>","protected":false},"featured_media":14017,"template":"","meta":{"_eb_attr":""},"product_brand":[],"product_cat":[36,73],"product_tag":[],"class_list":{"0":"post-14016","1":"product","2":"type-product","3":"status-publish","4":"has-post-thumbnail","6":"product_cat-entre-le-xviiieme-et-le-xixeme-siecle","7":"product_cat-histoires-et-recits-de-voyage","8":"sales-flash-overlay","9":"woocommerce-text-align-center","10":"woocommerce-image-align-center","11":"wc-has-gallery","13":"first","14":"instock","15":"taxable","16":"shipping-taxable","17":"purchasable","18":"product-type-simple"},"aioseo_notices":[],"_links":{"self":[{"href":"https:\/\/www.livresentre2actions.fr\/en\/wp-json\/wp\/v2\/product\/14016","targetHints":{"allow":["GET"]}}],"collection":[{"href":"https:\/\/www.livresentre2actions.fr\/en\/wp-json\/wp\/v2\/product"}],"about":[{"href":"https:\/\/www.livresentre2actions.fr\/en\/wp-json\/wp\/v2\/types\/product"}],"wp:featuredmedia":[{"embeddable":true,"href":"https:\/\/www.livresentre2actions.fr\/en\/wp-json\/wp\/v2\/media\/14017"}],"wp:attachment":[{"href":"https:\/\/www.livresentre2actions.fr\/en\/wp-json\/wp\/v2\/media?parent=14016"}],"wp:term":[{"taxonomy":"product_brand","embeddable":true,"href":"https:\/\/www.livresentre2actions.fr\/en\/wp-json\/wp\/v2\/product_brand?post=14016"},{"taxonomy":"product_cat","embeddable":true,"href":"https:\/\/www.livresentre2actions.fr\/en\/wp-json\/wp\/v2\/product_cat?post=14016"},{"taxonomy":"product_tag","embeddable":true,"href":"https:\/\/www.livresentre2actions.fr\/en\/wp-json\/wp\/v2\/product_tag?post=14016"}],"curies":[{"name":"wp","href":"https:\/\/api.w.org\/{rel}","templated":true}]}}