{"id":14002,"date":"2025-07-23T16:15:31","date_gmt":"2025-07-23T14:15:31","guid":{"rendered":"https:\/\/www.livresentre2actions.fr\/?post_type=product&#038;p=14002"},"modified":"2025-07-23T16:15:32","modified_gmt":"2025-07-23T14:15:32","slug":"les-mille-et-une-nuits-contes-arabes-4-tomes","status":"publish","type":"product","link":"https:\/\/www.livresentre2actions.fr\/en\/product\/les-mille-et-une-nuits-contes-arabes-4-tomes\/","title":{"rendered":"\u00a0Les mille et une nuits, contes arabes. 4 tomes"},"content":{"rendered":"<p>Antoine Galland &#8211; Librairie des bibliophiles \u2013 Flammarion<\/p>\n<p>Demi-basane verte, dos \u00e0 faux-nerfs, orn\u00e9s de caissons floraux, liser\u00e9s, des titres, auteur, tomaison, couvertures conserv\u00e9es, 180 x 117, 1924. R\u00e9imprim\u00e9s sur l\u2019\u00e9dition originale. Avec une pr\u00e9face de Jules Janin. T1, 307p. T2, 396p. T3, 381p., T4, 380 p. Int\u00e9rieur tr\u00e8s propre, int\u00e8gre. Plats, coins et champs frott\u00e9s. Reliures tr\u00e8s frott\u00e9es et insol\u00e9es au dos, \u00e9pidermures marqu\u00e9es. Bons exemplaires bien fermes.<\/p>","protected":false},"excerpt":{"rendered":"<p>Antoine Galland &#8211; Librairie des bibliophiles \u2013 Flammarion Demi-basane verte, dos \u00e0 faux-nerfs, orn\u00e9s de caissons floraux, liser\u00e9s, des titres, auteur, tomaison, couvertures conserv\u00e9es, 180 x 117, 1924. R\u00e9imprim\u00e9s sur l\u2019\u00e9dition originale. Avec une pr\u00e9face de Jules Janin. T1, 307p. T2, 396p. T3, 381p., T4, 380 p. Int\u00e9rieur tr\u00e8s propre, int\u00e8gre. Plats, coins et champs &#8230; <a title=\"\u00a0Les mille et une nuits, contes arabes. 4 tomes\" class=\"read-more\" href=\"https:\/\/www.livresentre2actions.fr\/en\/product\/les-mille-et-une-nuits-contes-arabes-4-tomes\/\" aria-label=\"Read more about \u00a0Les mille et une nuits, contes arabes. 4 tomes\">Read more<\/a><\/p>","protected":false},"featured_media":14003,"template":"","meta":{"_eb_attr":""},"product_brand":[],"product_cat":[37,76],"product_tag":[],"class_list":{"0":"post-14002","1":"product","2":"type-product","3":"status-publish","4":"has-post-thumbnail","6":"product_cat-a-partir-du-xxeme-siecle","7":"product_cat-poesie-theatre-prose","8":"sales-flash-overlay","9":"woocommerce-text-align-center","10":"woocommerce-image-align-center","11":"wc-has-gallery","13":"first","14":"instock","15":"taxable","16":"shipping-taxable","17":"purchasable","18":"product-type-simple"},"aioseo_notices":[],"_links":{"self":[{"href":"https:\/\/www.livresentre2actions.fr\/en\/wp-json\/wp\/v2\/product\/14002","targetHints":{"allow":["GET"]}}],"collection":[{"href":"https:\/\/www.livresentre2actions.fr\/en\/wp-json\/wp\/v2\/product"}],"about":[{"href":"https:\/\/www.livresentre2actions.fr\/en\/wp-json\/wp\/v2\/types\/product"}],"wp:featuredmedia":[{"embeddable":true,"href":"https:\/\/www.livresentre2actions.fr\/en\/wp-json\/wp\/v2\/media\/14003"}],"wp:attachment":[{"href":"https:\/\/www.livresentre2actions.fr\/en\/wp-json\/wp\/v2\/media?parent=14002"}],"wp:term":[{"taxonomy":"product_brand","embeddable":true,"href":"https:\/\/www.livresentre2actions.fr\/en\/wp-json\/wp\/v2\/product_brand?post=14002"},{"taxonomy":"product_cat","embeddable":true,"href":"https:\/\/www.livresentre2actions.fr\/en\/wp-json\/wp\/v2\/product_cat?post=14002"},{"taxonomy":"product_tag","embeddable":true,"href":"https:\/\/www.livresentre2actions.fr\/en\/wp-json\/wp\/v2\/product_tag?post=14002"}],"curies":[{"name":"wp","href":"https:\/\/api.w.org\/{rel}","templated":true}]}}