{"id":13976,"date":"2025-07-23T15:48:26","date_gmt":"2025-07-23T13:48:26","guid":{"rendered":"https:\/\/www.livresentre2actions.fr\/?post_type=product&#038;p=13976"},"modified":"2025-07-23T15:48:26","modified_gmt":"2025-07-23T13:48:26","slug":"gesammelte-aufsatze-zur-religionssoziologie-i-ii-et-iii-max-weber","status":"publish","type":"product","link":"https:\/\/www.livresentre2actions.fr\/en\/product\/gesammelte-aufsatze-zur-religionssoziologie-i-ii-et-iii-max-weber\/","title":{"rendered":"Gesammelte Aufs\u00e4tze zur Religionssoziologie, I, II et III, Max Weber"},"content":{"rendered":"<p>J.C. Mohr &#8211;<\/p>\n<p>Broch\u00e9, 243 x 162, 1963. T1, 573p. T2, 378p. T3, 463p. Avec index. Pas de page de garde pour T1 et T3. Un ex-libris manuscrit au titre du T1. Int\u00e9rieur propre pour les rois volumes. Quelques rousseurs l\u00e9g\u00e8res sur les tranches. T2 avec ancienne pliure en t\u00eate de volume, p355 \u00e0 fin. Pour els trois volumes, couvertures et dos l\u00e9g\u00e8rement insol\u00e9s mais propres et int\u00e8gres, sauf pour le T1\u00a0: une petite d\u00e9chirure sans manque en t\u00eate de dos, et une autre en t\u00eate de couverture le long du dos consolid\u00e9e avec une bande adh\u00e9sive. Bons exemplaires bien fermes.<\/p>","protected":false},"excerpt":{"rendered":"<p>J.C. Mohr &#8211; Broch\u00e9, 243 x 162, 1963. T1, 573p. T2, 378p. T3, 463p. Avec index. Pas de page de garde pour T1 et T3. Un ex-libris manuscrit au titre du T1. Int\u00e9rieur propre pour les rois volumes. Quelques rousseurs l\u00e9g\u00e8res sur les tranches. T2 avec ancienne pliure en t\u00eate de volume, p355 \u00e0 fin. &#8230; <a title=\"Gesammelte Aufs\u00e4tze zur Religionssoziologie, I, II et III, Max Weber\" class=\"read-more\" href=\"https:\/\/www.livresentre2actions.fr\/en\/product\/gesammelte-aufsatze-zur-religionssoziologie-i-ii-et-iii-max-weber\/\" aria-label=\"Read more about Gesammelte Aufs\u00e4tze zur Religionssoziologie, I, II et III, Max Weber\">Read more<\/a><\/p>","protected":false},"featured_media":13977,"template":"","meta":{"_eb_attr":""},"product_brand":[],"product_cat":[37,82,68],"product_tag":[],"class_list":{"0":"post-13976","1":"product","2":"type-product","3":"status-publish","4":"has-post-thumbnail","6":"product_cat-a-partir-du-xxeme-siecle","7":"product_cat-philosophie","8":"product_cat-religion-spiritualite","9":"sales-flash-overlay","10":"woocommerce-text-align-center","11":"woocommerce-image-align-center","12":"wc-has-gallery","14":"first","15":"instock","16":"taxable","17":"shipping-taxable","18":"purchasable","19":"product-type-simple"},"aioseo_notices":[],"_links":{"self":[{"href":"https:\/\/www.livresentre2actions.fr\/en\/wp-json\/wp\/v2\/product\/13976","targetHints":{"allow":["GET"]}}],"collection":[{"href":"https:\/\/www.livresentre2actions.fr\/en\/wp-json\/wp\/v2\/product"}],"about":[{"href":"https:\/\/www.livresentre2actions.fr\/en\/wp-json\/wp\/v2\/types\/product"}],"wp:featuredmedia":[{"embeddable":true,"href":"https:\/\/www.livresentre2actions.fr\/en\/wp-json\/wp\/v2\/media\/13977"}],"wp:attachment":[{"href":"https:\/\/www.livresentre2actions.fr\/en\/wp-json\/wp\/v2\/media?parent=13976"}],"wp:term":[{"taxonomy":"product_brand","embeddable":true,"href":"https:\/\/www.livresentre2actions.fr\/en\/wp-json\/wp\/v2\/product_brand?post=13976"},{"taxonomy":"product_cat","embeddable":true,"href":"https:\/\/www.livresentre2actions.fr\/en\/wp-json\/wp\/v2\/product_cat?post=13976"},{"taxonomy":"product_tag","embeddable":true,"href":"https:\/\/www.livresentre2actions.fr\/en\/wp-json\/wp\/v2\/product_tag?post=13976"}],"curies":[{"name":"wp","href":"https:\/\/api.w.org\/{rel}","templated":true}]}}