{"id":13909,"date":"2025-07-20T15:57:12","date_gmt":"2025-07-20T13:57:12","guid":{"rendered":"https:\/\/www.livresentre2actions.fr\/?post_type=product&#038;p=13909"},"modified":"2025-08-25T14:23:32","modified_gmt":"2025-08-25T12:23:32","slug":"escadrille-14-comedie-dramatique-en-4-actes-et-9-tableaux","status":"publish","type":"product","link":"https:\/\/www.livresentre2actions.fr\/en\/product\/escadrille-14-comedie-dramatique-en-4-actes-et-9-tableaux\/","title":{"rendered":"Escadrille 14. Com\u00e9die dramatique en 4 actes et 9 tableaux"},"content":{"rendered":"<p>Maurice Brahy et Jean Maret &#8211; En feuilles tapuscrites bleu, 270 x 210, 47 feuillets, pagin\u00e9s 1 \u00e0 44 ; un saut 21 \u00e0 23, mais erreur de pagination car continuit\u00e9 de la sc\u00e8ne. Premiers et derniers feuillets salis et gris\u00e9s en marge, sinon ensemble propre et parfaitement lisible.<\/p>","protected":false},"excerpt":{"rendered":"<p>Maurice Brahy et Jean Maret &#8211; En feuilles tapuscrites bleu, 270 x 210, 47 feuillets, pagin\u00e9s 1 \u00e0 44 ; un saut 21 \u00e0 23, mais erreur de pagination car continuit\u00e9 de la sc\u00e8ne. Premiers et derniers feuillets salis et gris\u00e9s en marge, sinon ensemble propre et parfaitement lisible.<\/p>","protected":false},"featured_media":13910,"template":"","meta":{"_eb_attr":""},"product_brand":[],"product_cat":[37,71,76],"product_tag":[],"class_list":{"0":"post-13909","1":"product","2":"type-product","3":"status-publish","4":"has-post-thumbnail","6":"product_cat-a-partir-du-xxeme-siecle","7":"product_cat-illustres-modernes-editions-originales-signees-numerotees","8":"product_cat-poesie-theatre-prose","9":"sales-flash-overlay","10":"woocommerce-text-align-center","11":"woocommerce-image-align-center","12":"wc-has-gallery","14":"first","15":"instock","16":"taxable","17":"shipping-taxable","18":"purchasable","19":"product-type-simple"},"aioseo_notices":[],"_links":{"self":[{"href":"https:\/\/www.livresentre2actions.fr\/en\/wp-json\/wp\/v2\/product\/13909","targetHints":{"allow":["GET"]}}],"collection":[{"href":"https:\/\/www.livresentre2actions.fr\/en\/wp-json\/wp\/v2\/product"}],"about":[{"href":"https:\/\/www.livresentre2actions.fr\/en\/wp-json\/wp\/v2\/types\/product"}],"wp:featuredmedia":[{"embeddable":true,"href":"https:\/\/www.livresentre2actions.fr\/en\/wp-json\/wp\/v2\/media\/13910"}],"wp:attachment":[{"href":"https:\/\/www.livresentre2actions.fr\/en\/wp-json\/wp\/v2\/media?parent=13909"}],"wp:term":[{"taxonomy":"product_brand","embeddable":true,"href":"https:\/\/www.livresentre2actions.fr\/en\/wp-json\/wp\/v2\/product_brand?post=13909"},{"taxonomy":"product_cat","embeddable":true,"href":"https:\/\/www.livresentre2actions.fr\/en\/wp-json\/wp\/v2\/product_cat?post=13909"},{"taxonomy":"product_tag","embeddable":true,"href":"https:\/\/www.livresentre2actions.fr\/en\/wp-json\/wp\/v2\/product_tag?post=13909"}],"curies":[{"name":"wp","href":"https:\/\/api.w.org\/{rel}","templated":true}]}}