{"id":13901,"date":"2025-07-20T15:54:31","date_gmt":"2025-07-20T13:54:31","guid":{"rendered":"https:\/\/www.livresentre2actions.fr\/?post_type=product&#038;p=13901"},"modified":"2025-09-06T08:58:52","modified_gmt":"2025-09-06T06:58:52","slug":"lhonorable-japon-precede-des-mensonges-dulysse-michel-ragon","status":"publish","type":"product","link":"https:\/\/www.livresentre2actions.fr\/en\/product\/lhonorable-japon-precede-des-mensonges-dulysse-michel-ragon\/","title":{"rendered":"L\u2019honorable Japon. Pr\u00e9c\u00e9d\u00e9 des Mensonges d\u2019Ulysse &#8211; Michel Ragon"},"content":{"rendered":"<p>Albin Michel &#8211; Pleine toile rouge \u00e0 dos long, orn\u00e9 d\u2019une pi\u00e8ce de titre en maroquin noir, 165 x 123, 249p.. Hors table, 1959. Premi\u00e8re \u00e9dition. Enrichi d\u2019un bel ex-libris aux armes Gustave Estaquier en contreplat sup\u00e9rieur. Tr\u00e8s bel exemplaire, propre, int\u00e8gre, bien ferme.<\/p>","protected":false},"excerpt":{"rendered":"<p>Albin Michel &#8211; Pleine toile rouge \u00e0 dos long, orn\u00e9 d\u2019une pi\u00e8ce de titre en maroquin noir, 165 x 123, 249p.. Hors table, 1959. Premi\u00e8re \u00e9dition. Enrichi d\u2019un bel ex-libris aux armes Gustave Estaquier en contreplat sup\u00e9rieur. Tr\u00e8s bel exemplaire, propre, int\u00e8gre, bien ferme.<\/p>","protected":false},"featured_media":0,"template":"","meta":{"_eb_attr":""},"product_brand":[],"product_cat":[37,71,73],"product_tag":[],"class_list":{"0":"post-13901","1":"product","2":"type-product","3":"status-publish","5":"product_cat-a-partir-du-xxeme-siecle","6":"product_cat-illustres-modernes-editions-originales-signees-numerotees","7":"product_cat-histoires-et-recits-de-voyage","8":"sales-flash-overlay","9":"woocommerce-text-align-center","10":"woocommerce-image-align-center","12":"first","13":"outofstock","14":"taxable","15":"shipping-taxable","16":"purchasable","17":"product-type-simple"},"aioseo_notices":[],"_links":{"self":[{"href":"https:\/\/www.livresentre2actions.fr\/en\/wp-json\/wp\/v2\/product\/13901","targetHints":{"allow":["GET"]}}],"collection":[{"href":"https:\/\/www.livresentre2actions.fr\/en\/wp-json\/wp\/v2\/product"}],"about":[{"href":"https:\/\/www.livresentre2actions.fr\/en\/wp-json\/wp\/v2\/types\/product"}],"wp:attachment":[{"href":"https:\/\/www.livresentre2actions.fr\/en\/wp-json\/wp\/v2\/media?parent=13901"}],"wp:term":[{"taxonomy":"product_brand","embeddable":true,"href":"https:\/\/www.livresentre2actions.fr\/en\/wp-json\/wp\/v2\/product_brand?post=13901"},{"taxonomy":"product_cat","embeddable":true,"href":"https:\/\/www.livresentre2actions.fr\/en\/wp-json\/wp\/v2\/product_cat?post=13901"},{"taxonomy":"product_tag","embeddable":true,"href":"https:\/\/www.livresentre2actions.fr\/en\/wp-json\/wp\/v2\/product_tag?post=13901"}],"curies":[{"name":"wp","href":"https:\/\/api.w.org\/{rel}","templated":true}]}}