{"id":13878,"date":"2025-07-16T14:49:02","date_gmt":"2025-07-16T12:49:02","guid":{"rendered":"https:\/\/www.livresentre2actions.fr\/?post_type=product&#038;p=13878"},"modified":"2025-08-25T14:21:53","modified_gmt":"2025-08-25T12:21:53","slug":"le-cardinal-de-richelieu-eveque-theologien-et-protecteur-des-lettres","status":"publish","type":"product","link":"https:\/\/www.livresentre2actions.fr\/en\/product\/le-cardinal-de-richelieu-eveque-theologien-et-protecteur-des-lettres\/","title":{"rendered":"Le Cardinal de Richelieu \u00e9v\u00eaque, th\u00e9ologien et protecteur des lettres"},"content":{"rendered":"<p>P. Adolphe Perraud &#8211; Dejussieu \u00e0 Autun, et Servais \u00e0 Paris<\/p>\n<p>Broch\u00e9, 255 x 166, 57p. 1882. Edition originale num\u00e9rot\u00e9e 25, un des 60 exemplaires sur verg\u00e9 de Hollande (seul tirage). Int\u00e9rieur propre, non coup\u00e9. Couvertures et dos insol\u00e9s,int\u00e8gres, bords gris\u00e9s. Bon exemplaire bien ferme.<\/p>","protected":false},"excerpt":{"rendered":"<p>P. Adolphe Perraud &#8211; Dejussieu \u00e0 Autun, et Servais \u00e0 Paris Broch\u00e9, 255 x 166, 57p. 1882. Edition originale num\u00e9rot\u00e9e 25, un des 60 exemplaires sur verg\u00e9 de Hollande (seul tirage). Int\u00e9rieur propre, non coup\u00e9. Couvertures et dos insol\u00e9s,int\u00e8gres, bords gris\u00e9s. Bon exemplaire bien ferme.<\/p>","protected":false},"featured_media":13879,"template":"","meta":{"_eb_attr":""},"product_brand":[],"product_cat":[36,71,68],"product_tag":[],"class_list":{"0":"post-13878","1":"product","2":"type-product","3":"status-publish","4":"has-post-thumbnail","6":"product_cat-entre-le-xviiieme-et-le-xixeme-siecle","7":"product_cat-illustres-modernes-editions-originales-signees-numerotees","8":"product_cat-religion-spiritualite","9":"sales-flash-overlay","10":"woocommerce-text-align-center","11":"woocommerce-image-align-center","12":"wc-has-gallery","14":"first","15":"instock","16":"taxable","17":"shipping-taxable","18":"purchasable","19":"product-type-simple"},"aioseo_notices":[],"_links":{"self":[{"href":"https:\/\/www.livresentre2actions.fr\/en\/wp-json\/wp\/v2\/product\/13878","targetHints":{"allow":["GET"]}}],"collection":[{"href":"https:\/\/www.livresentre2actions.fr\/en\/wp-json\/wp\/v2\/product"}],"about":[{"href":"https:\/\/www.livresentre2actions.fr\/en\/wp-json\/wp\/v2\/types\/product"}],"wp:featuredmedia":[{"embeddable":true,"href":"https:\/\/www.livresentre2actions.fr\/en\/wp-json\/wp\/v2\/media\/13879"}],"wp:attachment":[{"href":"https:\/\/www.livresentre2actions.fr\/en\/wp-json\/wp\/v2\/media?parent=13878"}],"wp:term":[{"taxonomy":"product_brand","embeddable":true,"href":"https:\/\/www.livresentre2actions.fr\/en\/wp-json\/wp\/v2\/product_brand?post=13878"},{"taxonomy":"product_cat","embeddable":true,"href":"https:\/\/www.livresentre2actions.fr\/en\/wp-json\/wp\/v2\/product_cat?post=13878"},{"taxonomy":"product_tag","embeddable":true,"href":"https:\/\/www.livresentre2actions.fr\/en\/wp-json\/wp\/v2\/product_tag?post=13878"}],"curies":[{"name":"wp","href":"https:\/\/api.w.org\/{rel}","templated":true}]}}