{"id":13860,"date":"2025-07-15T15:26:27","date_gmt":"2025-07-15T13:26:27","guid":{"rendered":"https:\/\/www.livresentre2actions.fr\/?post_type=product&#038;p=13860"},"modified":"2025-08-27T11:33:43","modified_gmt":"2025-08-27T09:33:43","slug":"les-congregations-romaines-felix-grimaldi-reliure-signee","status":"publish","type":"product","link":"https:\/\/www.livresentre2actions.fr\/en\/product\/les-congregations-romaines-felix-grimaldi-reliure-signee\/","title":{"rendered":"Les Congr\u00e9gations Romaines. F\u00e9lix Grimaldi &#8211; Reliure sign\u00e9e"},"content":{"rendered":"<p>Les Congr\u00e9gations Romaines. Guide historique et pratique<\/p>\n<p>Imprimerie San Bernadino, Sienne &#8211; Plein chagrin oliv\u00e2tre, gaufr\u00e9, dos \u00e0 cinq nerfs gaufr\u00e9, orn\u00e9 des titre, auteur, et de frise, estamp\u00e9s dor\u00e9s aux caissons, plats biseaut\u00e9s et spectaculairement dor\u00e9e \u00e0 encadrements, contreplats doubl\u00e9s de soie dans un encadrement \u00e0 frise dor\u00e9e, toutes tranches dor\u00e9es et gaufr\u00e9es, premi\u00e8re de couverture conserv\u00e9e, une reliure sign\u00e9e Carl. Glingler, [important relieur romain,\u00a0Via della Merced]. 260 x 183\u00a0, 556p. Avec table. 1890. Edition originale. Avec deux planches hors texte [ornementation et sceaux des bulles papales et d\u00e9corations du Vatican]. Int\u00e9rieur l\u00e9g\u00e8rement insol\u00e9 mais tr\u00e8s bon, propre et int\u00e8gre. Reliure en tr\u00e8s bel \u00e9tat, avec quelques frottements et \u00e9pidermures aux mors, plats, coins et coiffe. Bel exemplaire bien ferme.<\/p>","protected":false},"excerpt":{"rendered":"<p>Les Congr\u00e9gations Romaines. Guide historique et pratique Imprimerie San Bernadino, Sienne &#8211; Plein chagrin oliv\u00e2tre, gaufr\u00e9, dos \u00e0 cinq nerfs gaufr\u00e9, orn\u00e9 des titre, auteur, et de frise, estamp\u00e9s dor\u00e9s aux caissons, plats biseaut\u00e9s et spectaculairement dor\u00e9e \u00e0 encadrements, contreplats doubl\u00e9s de soie dans un encadrement \u00e0 frise dor\u00e9e, toutes tranches dor\u00e9es et gaufr\u00e9es, premi\u00e8re &#8230; <a title=\"Les Congr\u00e9gations Romaines. F\u00e9lix Grimaldi &#8211; Reliure sign\u00e9e\" class=\"read-more\" href=\"https:\/\/www.livresentre2actions.fr\/en\/product\/les-congregations-romaines-felix-grimaldi-reliure-signee\/\" aria-label=\"Read more about Les Congr\u00e9gations Romaines. F\u00e9lix Grimaldi &#8211; Reliure sign\u00e9e\">Read more<\/a><\/p>","protected":false},"featured_media":13861,"template":"","meta":{"_eb_attr":""},"product_brand":[],"product_cat":[36,71,68],"product_tag":[95],"class_list":{"0":"post-13860","1":"product","2":"type-product","3":"status-publish","4":"has-post-thumbnail","6":"product_cat-entre-le-xviiieme-et-le-xixeme-siecle","7":"product_cat-illustres-modernes-editions-originales-signees-numerotees","8":"product_cat-religion-spiritualite","9":"product_tag-reliure","10":"sales-flash-overlay","11":"woocommerce-text-align-center","12":"woocommerce-image-align-center","13":"wc-has-gallery","15":"first","16":"instock","17":"taxable","18":"shipping-taxable","19":"purchasable","20":"product-type-simple"},"aioseo_notices":[],"_links":{"self":[{"href":"https:\/\/www.livresentre2actions.fr\/en\/wp-json\/wp\/v2\/product\/13860","targetHints":{"allow":["GET"]}}],"collection":[{"href":"https:\/\/www.livresentre2actions.fr\/en\/wp-json\/wp\/v2\/product"}],"about":[{"href":"https:\/\/www.livresentre2actions.fr\/en\/wp-json\/wp\/v2\/types\/product"}],"wp:featuredmedia":[{"embeddable":true,"href":"https:\/\/www.livresentre2actions.fr\/en\/wp-json\/wp\/v2\/media\/13861"}],"wp:attachment":[{"href":"https:\/\/www.livresentre2actions.fr\/en\/wp-json\/wp\/v2\/media?parent=13860"}],"wp:term":[{"taxonomy":"product_brand","embeddable":true,"href":"https:\/\/www.livresentre2actions.fr\/en\/wp-json\/wp\/v2\/product_brand?post=13860"},{"taxonomy":"product_cat","embeddable":true,"href":"https:\/\/www.livresentre2actions.fr\/en\/wp-json\/wp\/v2\/product_cat?post=13860"},{"taxonomy":"product_tag","embeddable":true,"href":"https:\/\/www.livresentre2actions.fr\/en\/wp-json\/wp\/v2\/product_tag?post=13860"}],"curies":[{"name":"wp","href":"https:\/\/api.w.org\/{rel}","templated":true}]}}