{"id":13845,"date":"2025-07-15T14:35:27","date_gmt":"2025-07-15T12:35:27","guid":{"rendered":"https:\/\/www.livresentre2actions.fr\/?post_type=product&#038;p=13845"},"modified":"2025-07-15T14:35:28","modified_gmt":"2025-07-15T12:35:28","slug":"handbuch-der-chirstlischen-moral-i-et-iii-johann-michael-sailer","status":"publish","type":"product","link":"https:\/\/www.livresentre2actions.fr\/en\/product\/handbuch-der-chirstlischen-moral-i-et-iii-johann-michael-sailer\/","title":{"rendered":"Handbuch der chirstlischen moral I et III &#8211; Johann Michael Sailer"},"content":{"rendered":"<p>Handbuch der christlichen Moral : zun\u00e4chst f\u00fcr k\u00fcnftige katholische Seelensorger und dann f\u00fcr jeden gebildeten Christen, ester band und dritter band, M\u00fcnchen, 1817. Demi-percaline verte, dos long, orn\u00e9 des titre, auteur et tomaison, 211 x 135, 568 p. hors table, et [URL masqu\u00e9e pour votre s\u00e9curit\u00e9] Index des trois volumes, pagin\u00e9 II-XXX. Int\u00e9rieur avec rousseurs, mais propre. Reliure en bon \u00e9tat. Bon exemplaires, bien fermes.<\/p>","protected":false},"excerpt":{"rendered":"<p>Handbuch der christlichen Moral : zun\u00e4chst f\u00fcr k\u00fcnftige katholische Seelensorger und dann f\u00fcr jeden gebildeten Christen, ester band und dritter band, M\u00fcnchen, 1817. Demi-percaline verte, dos long, orn\u00e9 des titre, auteur et tomaison, 211 x 135, 568 p. hors table, et [URL masqu\u00e9e pour votre s\u00e9curit\u00e9] Index des trois volumes, pagin\u00e9 II-XXX. Int\u00e9rieur avec rousseurs, &#8230; <a title=\"Handbuch der chirstlischen moral I et III &#8211; Johann Michael Sailer\" class=\"read-more\" href=\"https:\/\/www.livresentre2actions.fr\/en\/product\/handbuch-der-chirstlischen-moral-i-et-iii-johann-michael-sailer\/\" aria-label=\"Read more about Handbuch der chirstlischen moral I et III &#8211; Johann Michael Sailer\">Read more<\/a><\/p>","protected":false},"featured_media":13846,"template":"","meta":{"_eb_attr":""},"product_brand":[],"product_cat":[36,68],"product_tag":[],"class_list":{"0":"post-13845","1":"product","2":"type-product","3":"status-publish","4":"has-post-thumbnail","6":"product_cat-entre-le-xviiieme-et-le-xixeme-siecle","7":"product_cat-religion-spiritualite","8":"sales-flash-overlay","9":"woocommerce-text-align-center","10":"woocommerce-image-align-center","11":"wc-has-gallery","13":"first","14":"instock","15":"taxable","16":"shipping-taxable","17":"purchasable","18":"product-type-simple"},"aioseo_notices":[],"_links":{"self":[{"href":"https:\/\/www.livresentre2actions.fr\/en\/wp-json\/wp\/v2\/product\/13845","targetHints":{"allow":["GET"]}}],"collection":[{"href":"https:\/\/www.livresentre2actions.fr\/en\/wp-json\/wp\/v2\/product"}],"about":[{"href":"https:\/\/www.livresentre2actions.fr\/en\/wp-json\/wp\/v2\/types\/product"}],"wp:featuredmedia":[{"embeddable":true,"href":"https:\/\/www.livresentre2actions.fr\/en\/wp-json\/wp\/v2\/media\/13846"}],"wp:attachment":[{"href":"https:\/\/www.livresentre2actions.fr\/en\/wp-json\/wp\/v2\/media?parent=13845"}],"wp:term":[{"taxonomy":"product_brand","embeddable":true,"href":"https:\/\/www.livresentre2actions.fr\/en\/wp-json\/wp\/v2\/product_brand?post=13845"},{"taxonomy":"product_cat","embeddable":true,"href":"https:\/\/www.livresentre2actions.fr\/en\/wp-json\/wp\/v2\/product_cat?post=13845"},{"taxonomy":"product_tag","embeddable":true,"href":"https:\/\/www.livresentre2actions.fr\/en\/wp-json\/wp\/v2\/product_tag?post=13845"}],"curies":[{"name":"wp","href":"https:\/\/api.w.org\/{rel}","templated":true}]}}