{"id":13729,"date":"2025-07-12T18:22:28","date_gmt":"2025-07-12T16:22:28","guid":{"rendered":"https:\/\/www.livresentre2actions.fr\/?post_type=product&#038;p=13729"},"modified":"2025-07-12T18:22:29","modified_gmt":"2025-07-12T16:22:29","slug":"the-history-of-tom-jones-a-foundling-2-tomes-complet","status":"publish","type":"product","link":"https:\/\/www.livresentre2actions.fr\/en\/product\/the-history-of-tom-jones-a-foundling-2-tomes-complet\/","title":{"rendered":"The History of Tom Jones, a foundling, 2 tomes, complet"},"content":{"rendered":"<p>Henry Fielding &#8211; Baudry\u2019s foreign Library<\/p>\n<p>Demi-veau blond \u00e0 coins, \u00e0 dos long orn\u00e9 de frises, motifs floraux et d\u2019une pi\u00e8ce de titre en maroquin noir, plat sup\u00e9rieur du T1 avec partie de la couverture originale contrecoll\u00e9e tr\u00e8s proprement, 219 x 141, 1831. 519 et 506p. With a fife of the author by Sir Walter Scott. Collection of ancient and modern British novels and romances. Avec ex-libris aux armes \u00ab\u00a0Le Gonidec de Traissan\u00a0\u00bb. Int\u00e9rieur avec rousseurs abondantes. Champs frott\u00e9s mais. Reliure l\u00e9g\u00e8rement insol\u00e9e mais tr\u00e8s bonne, propre t int\u00e8gre. Beau exemplaires, bien fermes.<\/p>","protected":false},"excerpt":{"rendered":"<p>Henry Fielding &#8211; Baudry\u2019s foreign Library Demi-veau blond \u00e0 coins, \u00e0 dos long orn\u00e9 de frises, motifs floraux et d\u2019une pi\u00e8ce de titre en maroquin noir, plat sup\u00e9rieur du T1 avec partie de la couverture originale contrecoll\u00e9e tr\u00e8s proprement, 219 x 141, 1831. 519 et 506p. With a fife of the author by Sir Walter &#8230; <a title=\"The History of Tom Jones, a foundling, 2 tomes, complet\" class=\"read-more\" href=\"https:\/\/www.livresentre2actions.fr\/en\/product\/the-history-of-tom-jones-a-foundling-2-tomes-complet\/\" aria-label=\"Read more about The History of Tom Jones, a foundling, 2 tomes, complet\">Read more<\/a><\/p>","protected":false},"featured_media":13730,"template":"","meta":{"_eb_attr":""},"product_brand":[],"product_cat":[36,76],"product_tag":[],"class_list":{"0":"post-13729","1":"product","2":"type-product","3":"status-publish","4":"has-post-thumbnail","6":"product_cat-entre-le-xviiieme-et-le-xixeme-siecle","7":"product_cat-poesie-theatre-prose","8":"sales-flash-overlay","9":"woocommerce-text-align-center","10":"woocommerce-image-align-center","11":"wc-has-gallery","13":"first","14":"instock","15":"taxable","16":"shipping-taxable","17":"purchasable","18":"product-type-simple"},"aioseo_notices":[],"_links":{"self":[{"href":"https:\/\/www.livresentre2actions.fr\/en\/wp-json\/wp\/v2\/product\/13729","targetHints":{"allow":["GET"]}}],"collection":[{"href":"https:\/\/www.livresentre2actions.fr\/en\/wp-json\/wp\/v2\/product"}],"about":[{"href":"https:\/\/www.livresentre2actions.fr\/en\/wp-json\/wp\/v2\/types\/product"}],"wp:featuredmedia":[{"embeddable":true,"href":"https:\/\/www.livresentre2actions.fr\/en\/wp-json\/wp\/v2\/media\/13730"}],"wp:attachment":[{"href":"https:\/\/www.livresentre2actions.fr\/en\/wp-json\/wp\/v2\/media?parent=13729"}],"wp:term":[{"taxonomy":"product_brand","embeddable":true,"href":"https:\/\/www.livresentre2actions.fr\/en\/wp-json\/wp\/v2\/product_brand?post=13729"},{"taxonomy":"product_cat","embeddable":true,"href":"https:\/\/www.livresentre2actions.fr\/en\/wp-json\/wp\/v2\/product_cat?post=13729"},{"taxonomy":"product_tag","embeddable":true,"href":"https:\/\/www.livresentre2actions.fr\/en\/wp-json\/wp\/v2\/product_tag?post=13729"}],"curies":[{"name":"wp","href":"https:\/\/api.w.org\/{rel}","templated":true}]}}