{"id":13696,"date":"2025-07-12T18:01:55","date_gmt":"2025-07-12T16:01:55","guid":{"rendered":"https:\/\/www.livresentre2actions.fr\/?post_type=product&#038;p=13696"},"modified":"2025-08-25T14:21:56","modified_gmt":"2025-08-25T12:21:56","slug":"formale-und-transzendentale-logik-edmund-husserl","status":"publish","type":"product","link":"https:\/\/www.livresentre2actions.fr\/en\/product\/formale-und-transzendentale-logik-edmund-husserl\/","title":{"rendered":"Formale Und Transzendentale Logik &#8211; Edmund Husserl"},"content":{"rendered":"<p>Formale Und Transzendentale Logik. Versuch einer kritik der logischen vernu<\/p>\n<p>Max Niemeyer &#8211; Cartonnage \u00e9diteur, \u00e0 dos toil\u00e9 orn\u00e9 des titre et auteur, 243 x 173, 298p. 1929. Premi\u00e8re \u00e9dition.Int\u00e9rieur tr\u00e8s bon, propre et int\u00e8gre. Plats propres, un coin de pied cogn\u00e9, coins et champs frott\u00e9s, dois toil\u00e9 propre mais avec d\u00e9chirure sans manque en plein (d\u00e9chirure qui a \u00e9t\u00e9 refix\u00e9e). Bon exemplaire\u00a0bien ferme.<\/p>","protected":false},"excerpt":{"rendered":"<p>Formale Und Transzendentale Logik. Versuch einer kritik der logischen vernu Max Niemeyer &#8211; Cartonnage \u00e9diteur, \u00e0 dos toil\u00e9 orn\u00e9 des titre et auteur, 243 x 173, 298p. 1929. Premi\u00e8re \u00e9dition.Int\u00e9rieur tr\u00e8s bon, propre et int\u00e8gre. Plats propres, un coin de pied cogn\u00e9, coins et champs frott\u00e9s, dois toil\u00e9 propre mais avec d\u00e9chirure sans manque en &#8230; <a title=\"Formale Und Transzendentale Logik &#8211; Edmund Husserl\" class=\"read-more\" href=\"https:\/\/www.livresentre2actions.fr\/en\/product\/formale-und-transzendentale-logik-edmund-husserl\/\" aria-label=\"Read more about Formale Und Transzendentale Logik &#8211; Edmund Husserl\">Read more<\/a><\/p>","protected":false},"featured_media":13697,"template":"","meta":{"_eb_attr":""},"product_brand":[],"product_cat":[37,72,71,82,76],"product_tag":[],"class_list":{"0":"post-13696","1":"product","2":"type-product","3":"status-publish","4":"has-post-thumbnail","6":"product_cat-a-partir-du-xxeme-siecle","7":"product_cat-divers","8":"product_cat-illustres-modernes-editions-originales-signees-numerotees","9":"product_cat-philosophie","10":"product_cat-poesie-theatre-prose","11":"sales-flash-overlay","12":"woocommerce-text-align-center","13":"woocommerce-image-align-center","14":"wc-has-gallery","16":"first","17":"instock","18":"taxable","19":"shipping-taxable","20":"purchasable","21":"product-type-simple"},"aioseo_notices":[],"_links":{"self":[{"href":"https:\/\/www.livresentre2actions.fr\/en\/wp-json\/wp\/v2\/product\/13696","targetHints":{"allow":["GET"]}}],"collection":[{"href":"https:\/\/www.livresentre2actions.fr\/en\/wp-json\/wp\/v2\/product"}],"about":[{"href":"https:\/\/www.livresentre2actions.fr\/en\/wp-json\/wp\/v2\/types\/product"}],"wp:featuredmedia":[{"embeddable":true,"href":"https:\/\/www.livresentre2actions.fr\/en\/wp-json\/wp\/v2\/media\/13697"}],"wp:attachment":[{"href":"https:\/\/www.livresentre2actions.fr\/en\/wp-json\/wp\/v2\/media?parent=13696"}],"wp:term":[{"taxonomy":"product_brand","embeddable":true,"href":"https:\/\/www.livresentre2actions.fr\/en\/wp-json\/wp\/v2\/product_brand?post=13696"},{"taxonomy":"product_cat","embeddable":true,"href":"https:\/\/www.livresentre2actions.fr\/en\/wp-json\/wp\/v2\/product_cat?post=13696"},{"taxonomy":"product_tag","embeddable":true,"href":"https:\/\/www.livresentre2actions.fr\/en\/wp-json\/wp\/v2\/product_tag?post=13696"}],"curies":[{"name":"wp","href":"https:\/\/api.w.org\/{rel}","templated":true}]}}