{"id":13682,"date":"2025-07-12T17:57:46","date_gmt":"2025-07-12T15:57:46","guid":{"rendered":"https:\/\/www.livresentre2actions.fr\/?post_type=product&#038;p=13682"},"modified":"2026-01-19T19:34:00","modified_gmt":"2026-01-19T18:34:00","slug":"les-confessions-livres-i-a-vi-2-volumes-rousseau","status":"publish","type":"product","link":"https:\/\/www.livresentre2actions.fr\/en\/product\/les-confessions-livres-i-a-vi-2-volumes-rousseau\/","title":{"rendered":"Les confessions, Livres I \u00e0 VI, 2 volumes &#8211; Rousseau"},"content":{"rendered":"<p>\u00c0 Londres<\/p>\n<p>Plein veau \u00e0 dos long richement orn\u00e9 des titre, auteur, tomaison, de fleurons et frises, plats marbr\u00e9s \u00e0 encadrement triple liser\u00e9, toutes tranches dor\u00e9e, supra libris D.F. dans l\u2019angle de t\u00eate du plat sup\u00e9rieur, 123 x 76, 1789. 254 et 290p. Jolie provenance : Ex-libris tamponn\u00e9 au titre du T1\u00a0: \u00ab\u00a0A. Madesclaire, Brasseur \u00e0 Tulle\u00a0\u00bb. [d\u00e9put\u00e9 Montagnard de la Corr\u00e8ze]. Derni\u00e8re page vierge du T1 avec manque\u00a0; lequel manque semble s\u2019\u00eatre coll\u00e9 \u00e0 la p254,masquant les premi\u00e8res syllabes de 4 lignes. Une page corn\u00e9e au T2. Reliure avec menus accidents\u00a0: frottements, griffes \u00e9pidermures, un coup en pie de dos du T2, mais bon \u00e9tat. Beaux exemplaires bien fermes.<\/p>","protected":false},"excerpt":{"rendered":"<p>\u00c0 Londres Plein veau \u00e0 dos long richement orn\u00e9 des titre, auteur, tomaison, de fleurons et frises, plats marbr\u00e9s \u00e0 encadrement triple liser\u00e9, toutes tranches dor\u00e9e, supra libris D.F. dans l\u2019angle de t\u00eate du plat sup\u00e9rieur, 123 x 76, 1789. 254 et 290p. Jolie provenance : Ex-libris tamponn\u00e9 au titre du T1\u00a0: \u00ab\u00a0A. Madesclaire, Brasseur &#8230; <a title=\"Les confessions, Livres I \u00e0 VI, 2 volumes &#8211; Rousseau\" class=\"read-more\" href=\"https:\/\/www.livresentre2actions.fr\/en\/product\/les-confessions-livres-i-a-vi-2-volumes-rousseau\/\" aria-label=\"Read more about Les confessions, Livres I \u00e0 VI, 2 volumes &#8211; Rousseau\">Read more<\/a><\/p>","protected":false},"featured_media":13683,"template":"","meta":{"_eb_attr":""},"product_brand":[],"product_cat":[36,82,76],"product_tag":[],"class_list":{"0":"post-13682","1":"product","2":"type-product","3":"status-publish","4":"has-post-thumbnail","6":"product_cat-entre-le-xviiieme-et-le-xixeme-siecle","7":"product_cat-philosophie","8":"product_cat-poesie-theatre-prose","9":"sales-flash-overlay","10":"woocommerce-text-align-center","11":"woocommerce-image-align-center","12":"wc-has-gallery","14":"first","15":"instock","16":"taxable","17":"shipping-taxable","18":"purchasable","19":"product-type-simple"},"aioseo_notices":[],"_links":{"self":[{"href":"https:\/\/www.livresentre2actions.fr\/en\/wp-json\/wp\/v2\/product\/13682","targetHints":{"allow":["GET"]}}],"collection":[{"href":"https:\/\/www.livresentre2actions.fr\/en\/wp-json\/wp\/v2\/product"}],"about":[{"href":"https:\/\/www.livresentre2actions.fr\/en\/wp-json\/wp\/v2\/types\/product"}],"wp:featuredmedia":[{"embeddable":true,"href":"https:\/\/www.livresentre2actions.fr\/en\/wp-json\/wp\/v2\/media\/13683"}],"wp:attachment":[{"href":"https:\/\/www.livresentre2actions.fr\/en\/wp-json\/wp\/v2\/media?parent=13682"}],"wp:term":[{"taxonomy":"product_brand","embeddable":true,"href":"https:\/\/www.livresentre2actions.fr\/en\/wp-json\/wp\/v2\/product_brand?post=13682"},{"taxonomy":"product_cat","embeddable":true,"href":"https:\/\/www.livresentre2actions.fr\/en\/wp-json\/wp\/v2\/product_cat?post=13682"},{"taxonomy":"product_tag","embeddable":true,"href":"https:\/\/www.livresentre2actions.fr\/en\/wp-json\/wp\/v2\/product_tag?post=13682"}],"curies":[{"name":"wp","href":"https:\/\/api.w.org\/{rel}","templated":true}]}}