{"id":13571,"date":"2025-07-01T17:54:07","date_gmt":"2025-07-01T15:54:07","guid":{"rendered":"https:\/\/www.livresentre2actions.fr\/?post_type=product&#038;p=13571"},"modified":"2025-08-25T14:21:57","modified_gmt":"2025-08-25T12:21:57","slug":"table-dangles-horaires-contenant-plus-de-quarante-mille-horaires","status":"publish","type":"product","link":"https:\/\/www.livresentre2actions.fr\/en\/product\/table-dangles-horaires-contenant-plus-de-quarante-mille-horaires\/","title":{"rendered":"Table d\u2019angles horaires contenant plus de quarante mille horaires"},"content":{"rendered":"<p>Table d\u2019angles horaires contenant plus de quarante mille horaires calcul\u00e9s pour toutes les latitudes\u2026 Des parties proportionnelles\u2026 Un texte explicatif. Deux tomes reli\u00e9s en un volume, complet<\/p>\n<p>Louis Hommey &#8211; Chez Mallet-Bachelier<\/p>\n<p>Demi-chagrin rouge, dos \u00e0 faux-nerfs orn\u00e9 de liser\u00e9s, de frise aux nerfs , des titre,n auteur et d\u2019initiales en pied. 274 x 180, 1er et second volumes en pagination continue, 404p. 1863. Premi\u00e8re \u00e9dition. Pr\u00e9c\u00e9d\u00e9 de \u00ab\u00a0Copie d\u2019une lettre adress\u00e9e \u00e0 l\u2019auteur par son exc. le ministre de la marine et des colonies. Et de Description et usage de la table d\u2019angles horaires, pagin\u00e9e viii-xxxvii. Puis les tables. Avec un tr\u00e8s joli et originale petit ex-libris coll\u00e9 en contreplat\u00a0: un heaume couronn\u00e9 pos\u00e9 sur un \u0153uf liser\u00e9 au centre et orn\u00e9 de trois fleurs. Int\u00e9rieur tr\u00e8s frais. Plats, coins et champs frott\u00e9s mais bons. Mors frott\u00e9s mais int\u00e8gres. Dos frott\u00e9 avec \u00e9pidermures en coiffe et queue\u00a0; et quelques \u00e9pidermures en plein, mais bon.<\/p>","protected":false},"excerpt":{"rendered":"<p>Table d\u2019angles horaires contenant plus de quarante mille horaires calcul\u00e9s pour toutes les latitudes\u2026 Des parties proportionnelles\u2026 Un texte explicatif. Deux tomes reli\u00e9s en un volume, complet Louis Hommey &#8211; Chez Mallet-Bachelier Demi-chagrin rouge, dos \u00e0 faux-nerfs orn\u00e9 de liser\u00e9s, de frise aux nerfs , des titre,n auteur et d\u2019initiales en pied. 274 x 180, &#8230; <a title=\"Table d\u2019angles horaires contenant plus de quarante mille horaires\" class=\"read-more\" href=\"https:\/\/www.livresentre2actions.fr\/en\/product\/table-dangles-horaires-contenant-plus-de-quarante-mille-horaires\/\" aria-label=\"Read more about Table d\u2019angles horaires contenant plus de quarante mille horaires\">Read more<\/a><\/p>","protected":false},"featured_media":13572,"template":"","meta":{"_eb_attr":""},"product_brand":[],"product_cat":[36,71,73,69],"product_tag":[],"class_list":{"0":"post-13571","1":"product","2":"type-product","3":"status-publish","4":"has-post-thumbnail","6":"product_cat-entre-le-xviiieme-et-le-xixeme-siecle","7":"product_cat-illustres-modernes-editions-originales-signees-numerotees","8":"product_cat-histoires-et-recits-de-voyage","9":"product_cat-sciences-et-techniques","10":"sales-flash-overlay","11":"woocommerce-text-align-center","12":"woocommerce-image-align-center","13":"wc-has-gallery","15":"first","16":"instock","17":"taxable","18":"shipping-taxable","19":"purchasable","20":"product-type-simple"},"aioseo_notices":[],"_links":{"self":[{"href":"https:\/\/www.livresentre2actions.fr\/en\/wp-json\/wp\/v2\/product\/13571","targetHints":{"allow":["GET"]}}],"collection":[{"href":"https:\/\/www.livresentre2actions.fr\/en\/wp-json\/wp\/v2\/product"}],"about":[{"href":"https:\/\/www.livresentre2actions.fr\/en\/wp-json\/wp\/v2\/types\/product"}],"wp:featuredmedia":[{"embeddable":true,"href":"https:\/\/www.livresentre2actions.fr\/en\/wp-json\/wp\/v2\/media\/13572"}],"wp:attachment":[{"href":"https:\/\/www.livresentre2actions.fr\/en\/wp-json\/wp\/v2\/media?parent=13571"}],"wp:term":[{"taxonomy":"product_brand","embeddable":true,"href":"https:\/\/www.livresentre2actions.fr\/en\/wp-json\/wp\/v2\/product_brand?post=13571"},{"taxonomy":"product_cat","embeddable":true,"href":"https:\/\/www.livresentre2actions.fr\/en\/wp-json\/wp\/v2\/product_cat?post=13571"},{"taxonomy":"product_tag","embeddable":true,"href":"https:\/\/www.livresentre2actions.fr\/en\/wp-json\/wp\/v2\/product_tag?post=13571"}],"curies":[{"name":"wp","href":"https:\/\/api.w.org\/{rel}","templated":true}]}}