{"id":13514,"date":"2025-07-01T17:23:40","date_gmt":"2025-07-01T15:23:40","guid":{"rendered":"https:\/\/www.livresentre2actions.fr\/?post_type=product&#038;p=13514"},"modified":"2026-01-25T09:40:09","modified_gmt":"2026-01-25T08:40:09","slug":"epistolae-et-evangelia-totius-anni-juxta-typicam-editionemmissalis-romani","status":"publish","type":"product","link":"https:\/\/www.livresentre2actions.fr\/en\/product\/epistolae-et-evangelia-totius-anni-juxta-typicam-editionemmissalis-romani\/","title":{"rendered":"Epistolae et Evangelia Totius Anni. Juxta Typicam editionemMissalis Romani"},"content":{"rendered":"<p>Epistolae et Evangelia Totius Anni. Juxta Typicam editionemMissalis Romani Sacrosancti Concilii Tridenti decreto restituti, S. Pii V. Pontificis Maximi jussu editi, aliorum pontificum cura recogniti, a Pio X reformati et Benedicti XV acutoritate vulgati<\/p>\n<p>Sans nom d\u2019auteur &#8211; H. Dessain, Mechliniae<\/p>\n<p>In-folio plein maroquin rouge, \u00e0 dos long, fleuronn\u00e9, orn\u00e9 des titre et auteur, plats \u00e0 encadrement large filet dor\u00e9avec grand chiffre dor\u00e9 au centre, toutes tranches dor\u00e9es, sous embo\u00eetage cartonn\u00e9, 345 x 262, 1948. [Concordat cum originali, in fidem, etc. Angelus Mariani, 1927] Comprend Epistolae, pp. 2-218, suivi de Epistolae communes, pp. 2-58, avec Index alphabeticus omnium festorum. Suivi de Evangeli totius anni\u2026, pp. 2-200, suivi de evangelia communia, pp. 2-48, avec Index alphabeticus omnium festorum. Suivi de Missiae propriae sanctorum Galliae, pp. 2-16. 1948. Texte rouge et noir, dans un encadrement rouge. Exemplaire enrichi d\u2019un cahier de six pages de partitions rouge et noir, reli\u00e9 p 126-127 de l\u2019Evangelia : Genealogia in nativitate domini. Et de deux feuille A4 volantes dactylographi\u00e9e : Suite du Saint-Evangile selon Saint-Luc ; et Lecture de la lettre de Saint-Paul aux Philippiens. Int\u00e9rieur en excellent \u00e9tat, propre et int\u00e8gre. Reliure en tr\u00e8s bel \u00e9tat, quelques frottements et traces l\u00e9g\u00e8res ; coins un peu frott\u00e9s, mais tr\u00e8s bel \u00e9tat, et dans son embo\u00eetage tr\u00e8s bon \u00e9galement.<\/p>","protected":false},"excerpt":{"rendered":"<p>Epistolae et Evangelia Totius Anni. Juxta Typicam editionemMissalis Romani Sacrosancti Concilii Tridenti decreto restituti, S. Pii V. Pontificis Maximi jussu editi, aliorum pontificum cura recogniti, a Pio X reformati et Benedicti XV acutoritate vulgati Sans nom d\u2019auteur &#8211; H. Dessain, Mechliniae In-folio plein maroquin rouge, \u00e0 dos long, fleuronn\u00e9, orn\u00e9 des titre et auteur, plats &#8230; <a title=\"Epistolae et Evangelia Totius Anni. Juxta Typicam editionemMissalis Romani\" class=\"read-more\" href=\"https:\/\/www.livresentre2actions.fr\/en\/product\/epistolae-et-evangelia-totius-anni-juxta-typicam-editionemmissalis-romani\/\" aria-label=\"Read more about Epistolae et Evangelia Totius Anni. Juxta Typicam editionemMissalis Romani\">Read more<\/a><\/p>","protected":false},"featured_media":13515,"template":"","meta":{"_eb_attr":""},"product_brand":[],"product_cat":[37,68],"product_tag":[95],"class_list":{"0":"post-13514","1":"product","2":"type-product","3":"status-publish","4":"has-post-thumbnail","6":"product_cat-a-partir-du-xxeme-siecle","7":"product_cat-religion-spiritualite","8":"product_tag-reliure","9":"sales-flash-overlay","10":"woocommerce-text-align-center","11":"woocommerce-image-align-center","12":"wc-has-gallery","14":"first","15":"instock","16":"taxable","17":"shipping-taxable","18":"purchasable","19":"product-type-simple"},"aioseo_notices":[],"_links":{"self":[{"href":"https:\/\/www.livresentre2actions.fr\/en\/wp-json\/wp\/v2\/product\/13514","targetHints":{"allow":["GET"]}}],"collection":[{"href":"https:\/\/www.livresentre2actions.fr\/en\/wp-json\/wp\/v2\/product"}],"about":[{"href":"https:\/\/www.livresentre2actions.fr\/en\/wp-json\/wp\/v2\/types\/product"}],"wp:featuredmedia":[{"embeddable":true,"href":"https:\/\/www.livresentre2actions.fr\/en\/wp-json\/wp\/v2\/media\/13515"}],"wp:attachment":[{"href":"https:\/\/www.livresentre2actions.fr\/en\/wp-json\/wp\/v2\/media?parent=13514"}],"wp:term":[{"taxonomy":"product_brand","embeddable":true,"href":"https:\/\/www.livresentre2actions.fr\/en\/wp-json\/wp\/v2\/product_brand?post=13514"},{"taxonomy":"product_cat","embeddable":true,"href":"https:\/\/www.livresentre2actions.fr\/en\/wp-json\/wp\/v2\/product_cat?post=13514"},{"taxonomy":"product_tag","embeddable":true,"href":"https:\/\/www.livresentre2actions.fr\/en\/wp-json\/wp\/v2\/product_tag?post=13514"}],"curies":[{"name":"wp","href":"https:\/\/api.w.org\/{rel}","templated":true}]}}