{"id":13506,"date":"2025-06-30T16:44:50","date_gmt":"2025-06-30T14:44:50","guid":{"rendered":"https:\/\/www.livresentre2actions.fr\/?post_type=product&#038;p=13506"},"modified":"2025-08-25T14:21:59","modified_gmt":"2025-08-25T12:21:59","slug":"benn-1905-1989-vers-leternite","status":"publish","type":"product","link":"https:\/\/www.livresentre2actions.fr\/en\/product\/benn-1905-1989-vers-leternite\/","title":{"rendered":"Benn 1905-1989. Vers l&rsquo;\u00e9ternit\u00e9"},"content":{"rendered":"<p>Les Amis de l&rsquo;Ouvre du peintre Benn &#8211; Broch\u00e9 \u00e0 l&rsquo;italienne, 221 x 306, non pagin\u00e9 (85p.)Sans date. Catalogue d&rsquo;exposition 27-29\/01\/1995, Espace Malraux, La Madeleine. Except\u00e9 une tr\u00e8s l\u00e9g\u00e8re corne en t\u00eate de quatri\u00e8me de couverture, excellent exemplaire, propre, int\u00e8gre, bien ferme.<\/p>","protected":false},"excerpt":{"rendered":"<p>Les Amis de l&rsquo;Ouvre du peintre Benn &#8211; Broch\u00e9 \u00e0 l&rsquo;italienne, 221 x 306, non pagin\u00e9 (85p.)Sans date. Catalogue d&rsquo;exposition 27-29\/01\/1995, Espace Malraux, La Madeleine. Except\u00e9 une tr\u00e8s l\u00e9g\u00e8re corne en t\u00eate de quatri\u00e8me de couverture, excellent exemplaire, propre, int\u00e8gre, bien ferme.<\/p>","protected":false},"featured_media":13507,"template":"","meta":{"_eb_attr":""},"product_brand":[],"product_cat":[37,75,71],"product_tag":[],"class_list":{"0":"post-13506","1":"product","2":"type-product","3":"status-publish","4":"has-post-thumbnail","6":"product_cat-a-partir-du-xxeme-siecle","7":"product_cat-art","8":"product_cat-illustres-modernes-editions-originales-signees-numerotees","9":"sales-flash-overlay","10":"woocommerce-text-align-center","11":"woocommerce-image-align-center","12":"wc-has-gallery","14":"first","15":"instock","16":"taxable","17":"shipping-taxable","18":"purchasable","19":"product-type-simple"},"aioseo_notices":[],"_links":{"self":[{"href":"https:\/\/www.livresentre2actions.fr\/en\/wp-json\/wp\/v2\/product\/13506","targetHints":{"allow":["GET"]}}],"collection":[{"href":"https:\/\/www.livresentre2actions.fr\/en\/wp-json\/wp\/v2\/product"}],"about":[{"href":"https:\/\/www.livresentre2actions.fr\/en\/wp-json\/wp\/v2\/types\/product"}],"wp:featuredmedia":[{"embeddable":true,"href":"https:\/\/www.livresentre2actions.fr\/en\/wp-json\/wp\/v2\/media\/13507"}],"wp:attachment":[{"href":"https:\/\/www.livresentre2actions.fr\/en\/wp-json\/wp\/v2\/media?parent=13506"}],"wp:term":[{"taxonomy":"product_brand","embeddable":true,"href":"https:\/\/www.livresentre2actions.fr\/en\/wp-json\/wp\/v2\/product_brand?post=13506"},{"taxonomy":"product_cat","embeddable":true,"href":"https:\/\/www.livresentre2actions.fr\/en\/wp-json\/wp\/v2\/product_cat?post=13506"},{"taxonomy":"product_tag","embeddable":true,"href":"https:\/\/www.livresentre2actions.fr\/en\/wp-json\/wp\/v2\/product_tag?post=13506"}],"curies":[{"name":"wp","href":"https:\/\/api.w.org\/{rel}","templated":true}]}}