{"id":13482,"date":"2025-06-30T16:29:08","date_gmt":"2025-06-30T14:29:08","guid":{"rendered":"https:\/\/www.livresentre2actions.fr\/?post_type=product&#038;p=13482"},"modified":"2025-08-25T14:21:59","modified_gmt":"2025-08-25T12:21:59","slug":"dans-les-alpes-francaises-f-gex","status":"publish","type":"product","link":"https:\/\/www.livresentre2actions.fr\/en\/product\/dans-les-alpes-francaises-f-gex\/","title":{"rendered":"Dans les Alpes fran\u00e7aises &#8211; F. Gex"},"content":{"rendered":"<p>J. de Gigord \u00e9diteur &#8211; Demi-chagrin rouge, dos long orn\u00e9 du titre, 204 x 136, 305p. Avec table. 1929. Premi\u00e8re \u00e9dition. Une vue d\u2019ensemble \u2013 Une excursion \u2013 Un massif\u00a0: Alpes du nord et alpes du sud. \u2013 Du Mont Cenis au L\u00e9man \u2013 Le Mont Blanc, g\u00e9ant des Alpes. Frontispice. Vignette au titre. Et 22 hors texte dont 3 cartes, 2 figures, et 36 reproductions photog. Int\u00e9rieur tr\u00e8s bon, propre et int\u00e8gre. Reliure en bel \u00e9tat, propre et int\u00e8gre. Tr\u00e8s bon exemplaire bien ferme.<\/p>","protected":false},"excerpt":{"rendered":"<p>J. de Gigord \u00e9diteur &#8211; Demi-chagrin rouge, dos long orn\u00e9 du titre, 204 x 136, 305p. Avec table. 1929. Premi\u00e8re \u00e9dition. Une vue d\u2019ensemble \u2013 Une excursion \u2013 Un massif\u00a0: Alpes du nord et alpes du sud. \u2013 Du Mont Cenis au L\u00e9man \u2013 Le Mont Blanc, g\u00e9ant des Alpes. Frontispice. Vignette au titre. Et &#8230; <a title=\"Dans les Alpes fran\u00e7aises &#8211; F. Gex\" class=\"read-more\" href=\"https:\/\/www.livresentre2actions.fr\/en\/product\/dans-les-alpes-francaises-f-gex\/\" aria-label=\"Read more about Dans les Alpes fran\u00e7aises &#8211; F. Gex\">Read more<\/a><\/p>","protected":false},"featured_media":13483,"template":"","meta":{"_eb_attr":""},"product_brand":[],"product_cat":[15,37,71,73,70],"product_tag":[],"class_list":{"0":"post-13482","1":"product","2":"type-product","3":"status-publish","4":"has-post-thumbnail","6":"product_cat-catalogue","7":"product_cat-a-partir-du-xxeme-siecle","8":"product_cat-illustres-modernes-editions-originales-signees-numerotees","9":"product_cat-histoires-et-recits-de-voyage","10":"product_cat-medecine-et-nature","11":"sales-flash-overlay","12":"woocommerce-text-align-center","13":"woocommerce-image-align-center","14":"wc-has-gallery","16":"first","17":"instock","18":"taxable","19":"shipping-taxable","20":"purchasable","21":"product-type-simple"},"aioseo_notices":[],"_links":{"self":[{"href":"https:\/\/www.livresentre2actions.fr\/en\/wp-json\/wp\/v2\/product\/13482","targetHints":{"allow":["GET"]}}],"collection":[{"href":"https:\/\/www.livresentre2actions.fr\/en\/wp-json\/wp\/v2\/product"}],"about":[{"href":"https:\/\/www.livresentre2actions.fr\/en\/wp-json\/wp\/v2\/types\/product"}],"wp:featuredmedia":[{"embeddable":true,"href":"https:\/\/www.livresentre2actions.fr\/en\/wp-json\/wp\/v2\/media\/13483"}],"wp:attachment":[{"href":"https:\/\/www.livresentre2actions.fr\/en\/wp-json\/wp\/v2\/media?parent=13482"}],"wp:term":[{"taxonomy":"product_brand","embeddable":true,"href":"https:\/\/www.livresentre2actions.fr\/en\/wp-json\/wp\/v2\/product_brand?post=13482"},{"taxonomy":"product_cat","embeddable":true,"href":"https:\/\/www.livresentre2actions.fr\/en\/wp-json\/wp\/v2\/product_cat?post=13482"},{"taxonomy":"product_tag","embeddable":true,"href":"https:\/\/www.livresentre2actions.fr\/en\/wp-json\/wp\/v2\/product_tag?post=13482"}],"curies":[{"name":"wp","href":"https:\/\/api.w.org\/{rel}","templated":true}]}}