{"id":13426,"date":"2025-06-26T17:07:45","date_gmt":"2025-06-26T15:07:45","guid":{"rendered":"https:\/\/www.livresentre2actions.fr\/?post_type=product&#038;p=13426"},"modified":"2025-06-26T17:07:46","modified_gmt":"2025-06-26T15:07:46","slug":"allgemeine-kirchen-und-weltgeschichte-von-der-schopfung-an-bis-auf-unsre-zeiten","status":"publish","type":"product","link":"https:\/\/www.livresentre2actions.fr\/en\/product\/allgemeine-kirchen-und-weltgeschichte-von-der-schopfung-an-bis-auf-unsre-zeiten\/","title":{"rendered":"Allgemeine Kirchen- und Weltgeschichte von der Sch\u00f6pfung an bi\u00df auf unsre Zeiten"},"content":{"rendered":"<p>Allgemeine Kirchen- und Weltgeschichte von der Sch\u00f6pfung an bi\u00df auf unsre Zeiten. Nach dem Franz\u00f6sischen des Hochw\u00fcrdigen Herrn Augustin Calmet, Abtes zu Senones, und Pr\u00e4sidenten der Benediktinercongregation von St. Viton und St. Hidulph. Des Dritten Theils Erster Band. Geschichte der Syrakuser, Karthaginenser und R\u00f6mer<\/p>\n<p>Augustin Calmet &#8211; im Verlage der Joseph Wolffischen buchhandlung<\/p>\n<p>Plein veau d\u2019\u00e9poque, dos \u00e0 cinq nerfs, pi\u00e8ce de titre en maroquin rouge, tomaison en maroquin vert, orn\u00e9s aux caissons, toutes tranches rouges, 208 x 137, 680p. Hors index (Register), 1780. 1\u00e8re \u00e9dition en allemand (les tomes pr\u00e9c\u00e9dents ayant paru en 1776\u00a0; il s\u2019agit de la traduction allemande de Histoire universelle sacr\u00e9e et profane qui a paru de 1735-1747). Le pr\u00e9sent volume couvre l\u2019histoire des Syracusains, des Carthaginois et des Romains et s\u2019ouvre avant le texte sur un tableau chronologique de 13p. de la parie concern\u00e9e, de 411 \u00e0 542 ap. JC. Soit les livres 24, 25 et 26. Int\u00e9rieur avec rousseurs mais bon. Reliure d\u00e9fra\u00eechie, frottement set \u00e9pidermures marqu\u00e9es sur les plats\u00a0; coins \u00e9mouss\u00e9s. Dos frott\u00e9 et rid\u00e9, joliment vieilli, avec un petit manque en coiffe et nombreuses \u00e9pidermures\u00a0; manques \u00e0 la tomaison.<\/p>","protected":false},"excerpt":{"rendered":"<p>Allgemeine Kirchen- und Weltgeschichte von der Sch\u00f6pfung an bi\u00df auf unsre Zeiten. Nach dem Franz\u00f6sischen des Hochw\u00fcrdigen Herrn Augustin Calmet, Abtes zu Senones, und Pr\u00e4sidenten der Benediktinercongregation von St. Viton und St. Hidulph. Des Dritten Theils Erster Band. Geschichte der Syrakuser, Karthaginenser und R\u00f6mer Augustin Calmet &#8211; im Verlage der Joseph Wolffischen buchhandlung Plein veau &#8230; <a title=\"Allgemeine Kirchen- und Weltgeschichte von der Sch\u00f6pfung an bi\u00df auf unsre Zeiten\" class=\"read-more\" href=\"https:\/\/www.livresentre2actions.fr\/en\/product\/allgemeine-kirchen-und-weltgeschichte-von-der-schopfung-an-bis-auf-unsre-zeiten\/\" aria-label=\"Read more about Allgemeine Kirchen- und Weltgeschichte von der Sch\u00f6pfung an bi\u00df auf unsre Zeiten\">Read more<\/a><\/p>","protected":false},"featured_media":13427,"template":"","meta":{"_eb_attr":""},"product_brand":[],"product_cat":[36,68],"product_tag":[],"class_list":{"0":"post-13426","1":"product","2":"type-product","3":"status-publish","4":"has-post-thumbnail","6":"product_cat-entre-le-xviiieme-et-le-xixeme-siecle","7":"product_cat-religion-spiritualite","8":"sales-flash-overlay","9":"woocommerce-text-align-center","10":"woocommerce-image-align-center","11":"wc-has-gallery","13":"first","14":"instock","15":"taxable","16":"shipping-taxable","17":"purchasable","18":"product-type-simple"},"aioseo_notices":[],"_links":{"self":[{"href":"https:\/\/www.livresentre2actions.fr\/en\/wp-json\/wp\/v2\/product\/13426","targetHints":{"allow":["GET"]}}],"collection":[{"href":"https:\/\/www.livresentre2actions.fr\/en\/wp-json\/wp\/v2\/product"}],"about":[{"href":"https:\/\/www.livresentre2actions.fr\/en\/wp-json\/wp\/v2\/types\/product"}],"wp:featuredmedia":[{"embeddable":true,"href":"https:\/\/www.livresentre2actions.fr\/en\/wp-json\/wp\/v2\/media\/13427"}],"wp:attachment":[{"href":"https:\/\/www.livresentre2actions.fr\/en\/wp-json\/wp\/v2\/media?parent=13426"}],"wp:term":[{"taxonomy":"product_brand","embeddable":true,"href":"https:\/\/www.livresentre2actions.fr\/en\/wp-json\/wp\/v2\/product_brand?post=13426"},{"taxonomy":"product_cat","embeddable":true,"href":"https:\/\/www.livresentre2actions.fr\/en\/wp-json\/wp\/v2\/product_cat?post=13426"},{"taxonomy":"product_tag","embeddable":true,"href":"https:\/\/www.livresentre2actions.fr\/en\/wp-json\/wp\/v2\/product_tag?post=13426"}],"curies":[{"name":"wp","href":"https:\/\/api.w.org\/{rel}","templated":true}]}}