{"id":13399,"date":"2025-06-26T17:01:31","date_gmt":"2025-06-26T15:01:31","guid":{"rendered":"https:\/\/www.livresentre2actions.fr\/?post_type=product&#038;p=13399"},"modified":"2025-08-25T14:22:00","modified_gmt":"2025-08-25T12:22:00","slug":"lart-au-japon-korin-hiroshige-hokusai-utamaro","status":"publish","type":"product","link":"https:\/\/www.livresentre2actions.fr\/en\/product\/lart-au-japon-korin-hiroshige-hokusai-utamaro\/","title":{"rendered":"L\u2019art au japon. K\u00f4rin \/ Hiroshige \/ Hokusai \/ Utamaro"},"content":{"rendered":"<p>4 monographies reli\u00e9es \u00e0 la suite, Yone Nogushi<\/p>\n<p>Librairie nationale d\u2019art et d\u2019histoire G. Van Oest &#8211; Superbe reliure unique demi-veau blond \u00e0 coin, chin\u00e9, \u00e0 dos long orn\u00e9 au noir estamp\u00e9 des titres et auteur, plat et contreplats en papier marbr\u00e9 travaill\u00e9 \u00e0 la fibre v\u00e9g\u00e9tale apparente, 252 x 192, 4 textes reli\u00e9s \u00e0 la suite en premi\u00e8re \u00e9dition fran\u00e7aise, et traduit de l\u2019anglais par Melle M.-F. Ma\u00eetre. Comprend : K\u00f6rin, 39p. Frontispice couleur (cascade de Nunobiki), vignettes dans le texte et 10 hors texte pleine page, 1925 \/ Hiroshige, 43p. 19 planches hors texte, 1926 \/ Hokusai, 47p. Frontispice, et 19 planches hors texte dont 1 superbe double page, 1928. \/ Utamaro, 26p. Frontispice et 16 planches hors texte, 1928. Pour les quatre textes : int\u00e9rieur propre, rousseurs en marge. Reliure en tr\u00e8s bel \u00e9tat, un petit d\u00e9faut de papier en plat inf\u00e9rieur. Bel exemplaire.<\/p>","protected":false},"excerpt":{"rendered":"<p>4 monographies reli\u00e9es \u00e0 la suite, Yone Nogushi Librairie nationale d\u2019art et d\u2019histoire G. Van Oest &#8211; Superbe reliure unique demi-veau blond \u00e0 coin, chin\u00e9, \u00e0 dos long orn\u00e9 au noir estamp\u00e9 des titres et auteur, plat et contreplats en papier marbr\u00e9 travaill\u00e9 \u00e0 la fibre v\u00e9g\u00e9tale apparente, 252 x 192, 4 textes reli\u00e9s \u00e0 &#8230; <a title=\"L\u2019art au japon. K\u00f4rin \/ Hiroshige \/ Hokusai \/ Utamaro\" class=\"read-more\" href=\"https:\/\/www.livresentre2actions.fr\/en\/product\/lart-au-japon-korin-hiroshige-hokusai-utamaro\/\" aria-label=\"Read more about L\u2019art au japon. K\u00f4rin \/ Hiroshige \/ Hokusai \/ Utamaro\">Read more<\/a><\/p>","protected":false},"featured_media":0,"template":"","meta":{"_eb_attr":""},"product_brand":[],"product_cat":[37,75,71],"product_tag":[],"class_list":{"0":"post-13399","1":"product","2":"type-product","3":"status-publish","5":"product_cat-a-partir-du-xxeme-siecle","6":"product_cat-art","7":"product_cat-illustres-modernes-editions-originales-signees-numerotees","8":"sales-flash-overlay","9":"woocommerce-text-align-center","10":"woocommerce-image-align-center","12":"first","13":"outofstock","14":"taxable","15":"shipping-taxable","16":"purchasable","17":"product-type-simple"},"aioseo_notices":[],"_links":{"self":[{"href":"https:\/\/www.livresentre2actions.fr\/en\/wp-json\/wp\/v2\/product\/13399","targetHints":{"allow":["GET"]}}],"collection":[{"href":"https:\/\/www.livresentre2actions.fr\/en\/wp-json\/wp\/v2\/product"}],"about":[{"href":"https:\/\/www.livresentre2actions.fr\/en\/wp-json\/wp\/v2\/types\/product"}],"wp:attachment":[{"href":"https:\/\/www.livresentre2actions.fr\/en\/wp-json\/wp\/v2\/media?parent=13399"}],"wp:term":[{"taxonomy":"product_brand","embeddable":true,"href":"https:\/\/www.livresentre2actions.fr\/en\/wp-json\/wp\/v2\/product_brand?post=13399"},{"taxonomy":"product_cat","embeddable":true,"href":"https:\/\/www.livresentre2actions.fr\/en\/wp-json\/wp\/v2\/product_cat?post=13399"},{"taxonomy":"product_tag","embeddable":true,"href":"https:\/\/www.livresentre2actions.fr\/en\/wp-json\/wp\/v2\/product_tag?post=13399"}],"curies":[{"name":"wp","href":"https:\/\/api.w.org\/{rel}","templated":true}]}}