{"id":13368,"date":"2025-06-25T17:17:22","date_gmt":"2025-06-25T15:17:22","guid":{"rendered":"https:\/\/www.livresentre2actions.fr\/?post_type=product&#038;p=13368"},"modified":"2025-08-25T14:22:00","modified_gmt":"2025-08-25T12:22:00","slug":"le-rival-relie-a-la-suite-lamie","status":"publish","type":"product","link":"https:\/\/www.livresentre2actions.fr\/en\/product\/le-rival-relie-a-la-suite-lamie\/","title":{"rendered":"Le rival. Reli\u00e9 \u00e0 la suite\u00a0: L\u2019amie."},"content":{"rendered":"<p>Albert-Emile Sorel &#8211; Alphonse Lemerre \u00e9diteur<\/p>\n<p>Demi-chagrin chocolat, dos \u00e0 faux-nerfs, fleuronn\u00e9 aux caissons, orn\u00e9 des titre et auteur, 190 x 125, 133p. 1910. Premi\u00e8re \u00e9dition. Suivi de L\u2019amie, 300p. Rousseurs sur tranches, mais int\u00e9rieur propre.Except\u00e9 des taches sombres, reliure en bel \u00e9tat. Bon exemplaire bien ferme. Fils d\u2019Albert Sorel, Albert-\u00c9mile Sorel est un homme de lettres et fut biblioth\u00e9caire de la Fondation Thiers.<\/p>","protected":false},"excerpt":{"rendered":"<p>Albert-Emile Sorel &#8211; Alphonse Lemerre \u00e9diteur Demi-chagrin chocolat, dos \u00e0 faux-nerfs, fleuronn\u00e9 aux caissons, orn\u00e9 des titre et auteur, 190 x 125, 133p. 1910. Premi\u00e8re \u00e9dition. Suivi de L\u2019amie, 300p. Rousseurs sur tranches, mais int\u00e9rieur propre.Except\u00e9 des taches sombres, reliure en bel \u00e9tat. Bon exemplaire bien ferme. Fils d\u2019Albert Sorel, Albert-\u00c9mile Sorel est un homme &#8230; <a title=\"Le rival. Reli\u00e9 \u00e0 la suite\u00a0: L\u2019amie.\" class=\"read-more\" href=\"https:\/\/www.livresentre2actions.fr\/en\/product\/le-rival-relie-a-la-suite-lamie\/\" aria-label=\"Read more about Le rival. Reli\u00e9 \u00e0 la suite\u00a0: L\u2019amie.\">Read more<\/a><\/p>","protected":false},"featured_media":13369,"template":"","meta":{"_eb_attr":""},"product_brand":[],"product_cat":[37,71,76],"product_tag":[],"class_list":{"0":"post-13368","1":"product","2":"type-product","3":"status-publish","4":"has-post-thumbnail","6":"product_cat-a-partir-du-xxeme-siecle","7":"product_cat-illustres-modernes-editions-originales-signees-numerotees","8":"product_cat-poesie-theatre-prose","9":"sales-flash-overlay","10":"woocommerce-text-align-center","11":"woocommerce-image-align-center","12":"wc-has-gallery","14":"first","15":"instock","16":"taxable","17":"shipping-taxable","18":"purchasable","19":"product-type-simple"},"aioseo_notices":[],"_links":{"self":[{"href":"https:\/\/www.livresentre2actions.fr\/en\/wp-json\/wp\/v2\/product\/13368","targetHints":{"allow":["GET"]}}],"collection":[{"href":"https:\/\/www.livresentre2actions.fr\/en\/wp-json\/wp\/v2\/product"}],"about":[{"href":"https:\/\/www.livresentre2actions.fr\/en\/wp-json\/wp\/v2\/types\/product"}],"wp:featuredmedia":[{"embeddable":true,"href":"https:\/\/www.livresentre2actions.fr\/en\/wp-json\/wp\/v2\/media\/13369"}],"wp:attachment":[{"href":"https:\/\/www.livresentre2actions.fr\/en\/wp-json\/wp\/v2\/media?parent=13368"}],"wp:term":[{"taxonomy":"product_brand","embeddable":true,"href":"https:\/\/www.livresentre2actions.fr\/en\/wp-json\/wp\/v2\/product_brand?post=13368"},{"taxonomy":"product_cat","embeddable":true,"href":"https:\/\/www.livresentre2actions.fr\/en\/wp-json\/wp\/v2\/product_cat?post=13368"},{"taxonomy":"product_tag","embeddable":true,"href":"https:\/\/www.livresentre2actions.fr\/en\/wp-json\/wp\/v2\/product_tag?post=13368"}],"curies":[{"name":"wp","href":"https:\/\/api.w.org\/{rel}","templated":true}]}}