{"id":13357,"date":"2025-06-25T17:14:24","date_gmt":"2025-06-25T15:14:24","guid":{"rendered":"https:\/\/www.livresentre2actions.fr\/?post_type=product&#038;p=13357"},"modified":"2025-08-25T14:22:01","modified_gmt":"2025-08-25T12:22:01","slug":"s-clavo-daniel-dezeuze","status":"publish","type":"product","link":"https:\/\/www.livresentre2actions.fr\/en\/product\/s-clavo-daniel-dezeuze\/","title":{"rendered":"S \u2013 clavo &#8211; Daniel Dezeuze"},"content":{"rendered":"<p>Editions Cartes blanche<\/p>\n<p>Broch\u00e9 \u00e0 rabats,format italien 240 x 339, non pagin\u00e9, 1986 Editions Cartes Blanche. Edition originale un des 500 exemplaires. Int\u00e9rieur tr\u00e8s bon, propre et int\u00e8gre. Des rousseurs en couvertures, mai propre et int\u00e8gre par ailleurs. Bon exemplaire bien ferme.<\/p>","protected":false},"excerpt":{"rendered":"<p>Editions Cartes blanche Broch\u00e9 \u00e0 rabats,format italien 240 x 339, non pagin\u00e9, 1986 Editions Cartes Blanche. Edition originale un des 500 exemplaires. Int\u00e9rieur tr\u00e8s bon, propre et int\u00e8gre. Des rousseurs en couvertures, mai propre et int\u00e8gre par ailleurs. Bon exemplaire bien ferme.<\/p>","protected":false},"featured_media":13358,"template":"","meta":{"_eb_attr":""},"product_brand":[],"product_cat":[37,75,71],"product_tag":[],"class_list":{"0":"post-13357","1":"product","2":"type-product","3":"status-publish","4":"has-post-thumbnail","6":"product_cat-a-partir-du-xxeme-siecle","7":"product_cat-art","8":"product_cat-illustres-modernes-editions-originales-signees-numerotees","9":"sales-flash-overlay","10":"woocommerce-text-align-center","11":"woocommerce-image-align-center","12":"wc-has-gallery","14":"first","15":"instock","16":"taxable","17":"shipping-taxable","18":"purchasable","19":"product-type-simple"},"aioseo_notices":[],"_links":{"self":[{"href":"https:\/\/www.livresentre2actions.fr\/en\/wp-json\/wp\/v2\/product\/13357","targetHints":{"allow":["GET"]}}],"collection":[{"href":"https:\/\/www.livresentre2actions.fr\/en\/wp-json\/wp\/v2\/product"}],"about":[{"href":"https:\/\/www.livresentre2actions.fr\/en\/wp-json\/wp\/v2\/types\/product"}],"wp:featuredmedia":[{"embeddable":true,"href":"https:\/\/www.livresentre2actions.fr\/en\/wp-json\/wp\/v2\/media\/13358"}],"wp:attachment":[{"href":"https:\/\/www.livresentre2actions.fr\/en\/wp-json\/wp\/v2\/media?parent=13357"}],"wp:term":[{"taxonomy":"product_brand","embeddable":true,"href":"https:\/\/www.livresentre2actions.fr\/en\/wp-json\/wp\/v2\/product_brand?post=13357"},{"taxonomy":"product_cat","embeddable":true,"href":"https:\/\/www.livresentre2actions.fr\/en\/wp-json\/wp\/v2\/product_cat?post=13357"},{"taxonomy":"product_tag","embeddable":true,"href":"https:\/\/www.livresentre2actions.fr\/en\/wp-json\/wp\/v2\/product_tag?post=13357"}],"curies":[{"name":"wp","href":"https:\/\/api.w.org\/{rel}","templated":true}]}}