{"id":13345,"date":"2025-06-25T17:11:31","date_gmt":"2025-06-25T15:11:31","guid":{"rendered":"https:\/\/www.livresentre2actions.fr\/?post_type=product&#038;p=13345"},"modified":"2025-08-25T14:22:01","modified_gmt":"2025-08-25T12:22:01","slug":"la-disquette-de-tuchan-daniel-dezeuze","status":"publish","type":"product","link":"https:\/\/www.livresentre2actions.fr\/en\/product\/la-disquette-de-tuchan-daniel-dezeuze\/","title":{"rendered":"La disquette de Tuchan &#8211; Daniel Dezeuze"},"content":{"rendered":"<p>Livres d\u2019artistes Dao \u2013 La petite Ecole<\/p>\n<p>Broch\u00e9 \u00e0 rabats, 320 x 243, non pagin\u00e9. Catalogue de l&rsquo;exposition de Daniel Dezeuze au Mus\u00e9e Ch\u00e2teau de la ville d&rsquo;Annecy, 13\/10\/1994 &#8211; 10\/01\/1995). Int\u00e9rieur tr\u00e8s bon, propre et int\u00e8gre. Except\u00e9 quelques tr\u00e8s rares et tr\u00e8s l\u00e9g\u00e8res traces en couvertures, tr\u00e8s bel exemplaire, propre, int\u00e8gre, bien ferme. Une alternance de textes sur calque et de dessins au crayon sur papier. \u00ab\u00a0Si l&rsquo;angle d&rsquo;effluence de la Trinit\u00e9 est le Fils de Dieu, lequel fut dot\u00e9 d&rsquo;un syst\u00e8me digestif complet, les tenants du colmatage de cette m\u00eame Trinit\u00e9 ont trop affirm\u00e9 qu&rsquo;il avait v\u00e9cu dans l&rsquo;ignorance du bol f\u00e9cal. \u00bb EGALEMENT EN STOCK : S-clavo.<\/p>","protected":false},"excerpt":{"rendered":"<p>Livres d\u2019artistes Dao \u2013 La petite Ecole Broch\u00e9 \u00e0 rabats, 320 x 243, non pagin\u00e9. Catalogue de l&rsquo;exposition de Daniel Dezeuze au Mus\u00e9e Ch\u00e2teau de la ville d&rsquo;Annecy, 13\/10\/1994 &#8211; 10\/01\/1995). Int\u00e9rieur tr\u00e8s bon, propre et int\u00e8gre. Except\u00e9 quelques tr\u00e8s rares et tr\u00e8s l\u00e9g\u00e8res traces en couvertures, tr\u00e8s bel exemplaire, propre, int\u00e8gre, bien ferme. Une &#8230; <a title=\"La disquette de Tuchan &#8211; Daniel Dezeuze\" class=\"read-more\" href=\"https:\/\/www.livresentre2actions.fr\/en\/product\/la-disquette-de-tuchan-daniel-dezeuze\/\" aria-label=\"Read more about La disquette de Tuchan &#8211; Daniel Dezeuze\">Read more<\/a><\/p>","protected":false},"featured_media":13346,"template":"","meta":{"_eb_attr":""},"product_brand":[],"product_cat":[37,75,71],"product_tag":[],"class_list":{"0":"post-13345","1":"product","2":"type-product","3":"status-publish","4":"has-post-thumbnail","6":"product_cat-a-partir-du-xxeme-siecle","7":"product_cat-art","8":"product_cat-illustres-modernes-editions-originales-signees-numerotees","9":"sales-flash-overlay","10":"woocommerce-text-align-center","11":"woocommerce-image-align-center","12":"wc-has-gallery","14":"first","15":"instock","16":"taxable","17":"shipping-taxable","18":"purchasable","19":"product-type-simple"},"aioseo_notices":[],"_links":{"self":[{"href":"https:\/\/www.livresentre2actions.fr\/en\/wp-json\/wp\/v2\/product\/13345","targetHints":{"allow":["GET"]}}],"collection":[{"href":"https:\/\/www.livresentre2actions.fr\/en\/wp-json\/wp\/v2\/product"}],"about":[{"href":"https:\/\/www.livresentre2actions.fr\/en\/wp-json\/wp\/v2\/types\/product"}],"wp:featuredmedia":[{"embeddable":true,"href":"https:\/\/www.livresentre2actions.fr\/en\/wp-json\/wp\/v2\/media\/13346"}],"wp:attachment":[{"href":"https:\/\/www.livresentre2actions.fr\/en\/wp-json\/wp\/v2\/media?parent=13345"}],"wp:term":[{"taxonomy":"product_brand","embeddable":true,"href":"https:\/\/www.livresentre2actions.fr\/en\/wp-json\/wp\/v2\/product_brand?post=13345"},{"taxonomy":"product_cat","embeddable":true,"href":"https:\/\/www.livresentre2actions.fr\/en\/wp-json\/wp\/v2\/product_cat?post=13345"},{"taxonomy":"product_tag","embeddable":true,"href":"https:\/\/www.livresentre2actions.fr\/en\/wp-json\/wp\/v2\/product_tag?post=13345"}],"curies":[{"name":"wp","href":"https:\/\/api.w.org\/{rel}","templated":true}]}}