{"id":13328,"date":"2025-06-25T17:04:30","date_gmt":"2025-06-25T15:04:30","guid":{"rendered":"https:\/\/www.livresentre2actions.fr\/?post_type=product&#038;p=13328"},"modified":"2025-06-25T17:04:31","modified_gmt":"2025-06-25T15:04:31","slug":"concordiantiarum-s-s-scripturae-manuale-pp-de-raze-de-lachaud-et-flandrin","status":"publish","type":"product","link":"https:\/\/www.livresentre2actions.fr\/en\/product\/concordiantiarum-s-s-scripturae-manuale-pp-de-raze-de-lachaud-et-flandrin\/","title":{"rendered":"Concordiantiarum S.S. scripturae manuale. &#8211; PP. de Raze, de Lachaud et Flandrin"},"content":{"rendered":"<p>Concordiantiarum S.S. scripturae manuale. Editio in commodissimum ordinem disposita et cum ipso textu sacro de verbo ad verbum sexies collata. Vicesima editio.\u200e<\/p>\n<p>PP. de Raze, de Lachaud et Flandrin &#8211;\u00a0 Victor Lecoffre<\/p>\n<p>Demi-chagrin chocolat, dos \u00e0 faux nerfs, 202 x 134, 751p. 1949. Texte sur deux colonnes. 2 tampons de biblioth\u00e8que au faux-titre, un au titre. Des frottements et \u00e9pidermures aux nerfs, coiffe, queue et mors, mais tr\u00e8s bon exemplaire, propre, int\u00e8gre. Bien ferme.<\/p>","protected":false},"excerpt":{"rendered":"<p>Concordiantiarum S.S. scripturae manuale. Editio in commodissimum ordinem disposita et cum ipso textu sacro de verbo ad verbum sexies collata. Vicesima editio.\u200e PP. de Raze, de Lachaud et Flandrin &#8211;\u00a0 Victor Lecoffre Demi-chagrin chocolat, dos \u00e0 faux nerfs, 202 x 134, 751p. 1949. Texte sur deux colonnes. 2 tampons de biblioth\u00e8que au faux-titre, un au &#8230; <a title=\"Concordiantiarum S.S. scripturae manuale. &#8211; PP. de Raze, de Lachaud et Flandrin\" class=\"read-more\" href=\"https:\/\/www.livresentre2actions.fr\/en\/product\/concordiantiarum-s-s-scripturae-manuale-pp-de-raze-de-lachaud-et-flandrin\/\" aria-label=\"Read more about Concordiantiarum S.S. scripturae manuale. &#8211; PP. de Raze, de Lachaud et Flandrin\">Read more<\/a><\/p>","protected":false},"featured_media":13329,"template":"","meta":{"_eb_attr":""},"product_brand":[],"product_cat":[37,68],"product_tag":[],"class_list":{"0":"post-13328","1":"product","2":"type-product","3":"status-publish","4":"has-post-thumbnail","6":"product_cat-a-partir-du-xxeme-siecle","7":"product_cat-religion-spiritualite","8":"sales-flash-overlay","9":"woocommerce-text-align-center","10":"woocommerce-image-align-center","11":"wc-has-gallery","13":"first","14":"instock","15":"taxable","16":"shipping-taxable","17":"purchasable","18":"product-type-simple"},"aioseo_notices":[],"_links":{"self":[{"href":"https:\/\/www.livresentre2actions.fr\/en\/wp-json\/wp\/v2\/product\/13328","targetHints":{"allow":["GET"]}}],"collection":[{"href":"https:\/\/www.livresentre2actions.fr\/en\/wp-json\/wp\/v2\/product"}],"about":[{"href":"https:\/\/www.livresentre2actions.fr\/en\/wp-json\/wp\/v2\/types\/product"}],"wp:featuredmedia":[{"embeddable":true,"href":"https:\/\/www.livresentre2actions.fr\/en\/wp-json\/wp\/v2\/media\/13329"}],"wp:attachment":[{"href":"https:\/\/www.livresentre2actions.fr\/en\/wp-json\/wp\/v2\/media?parent=13328"}],"wp:term":[{"taxonomy":"product_brand","embeddable":true,"href":"https:\/\/www.livresentre2actions.fr\/en\/wp-json\/wp\/v2\/product_brand?post=13328"},{"taxonomy":"product_cat","embeddable":true,"href":"https:\/\/www.livresentre2actions.fr\/en\/wp-json\/wp\/v2\/product_cat?post=13328"},{"taxonomy":"product_tag","embeddable":true,"href":"https:\/\/www.livresentre2actions.fr\/en\/wp-json\/wp\/v2\/product_tag?post=13328"}],"curies":[{"name":"wp","href":"https:\/\/api.w.org\/{rel}","templated":true}]}}