{"id":13305,"date":"2025-06-24T17:12:34","date_gmt":"2025-06-24T15:12:34","guid":{"rendered":"https:\/\/www.livresentre2actions.fr\/?post_type=product&#038;p=13305"},"modified":"2025-08-25T14:22:02","modified_gmt":"2025-08-25T12:22:02","slug":"oeuvres-julius-sacrovir-ou-le-dernier-des-eduens-en-viii-livres","status":"publish","type":"product","link":"https:\/\/www.livresentre2actions.fr\/en\/product\/oeuvres-julius-sacrovir-ou-le-dernier-des-eduens-en-viii-livres\/","title":{"rendered":"Oeuvres. Julius Sacrovir, ou le Dernier des \u00c9duens en VIII livres"},"content":{"rendered":"<p>Oeuvres. Julius Sacrovir, ou le Dernier des \u00c9duens en VIII livres. Suivi de Le Bonheur rural ou tableau de la vie champ\u00eatre en XII livres<\/p>\n<p>Joseph Rosny &#8211; Chez Frechet \/ Imprimerie de Glisau<\/p>\n<p>Plein veau, dos long orn\u00e9 d\u2019une pi\u00e8ce de titre, tranches rouges, 203 x 130, 281p. Avec sommaire des huit livres. Et liste des souscripteurs. An XII (1804), \u00e9dition originale. Reli\u00e9 \u00e0 la suite\u00a0: Le bonheur rural, avec un joli frontispice. Pr\u00e9liminaire, pagin\u00e9 vj \u2013 xix. 275p. Avec table des sommaires. An VII. Edition originale. Except\u00e9 une restauration en bord de page de titre 1, int\u00e9rieur propre et int\u00e8gre. Reliure tr\u00e8s frott\u00e9e, coins \u00e9mouss\u00e9s, des petits manques en bordures de plats, un manque en t\u00eat de dos, des griffes. Bien ferme.<\/p>\n<p>&nbsp;<\/p>","protected":false},"excerpt":{"rendered":"<p>Oeuvres. Julius Sacrovir, ou le Dernier des \u00c9duens en VIII livres. Suivi de Le Bonheur rural ou tableau de la vie champ\u00eatre en XII livres Joseph Rosny &#8211; Chez Frechet \/ Imprimerie de Glisau Plein veau, dos long orn\u00e9 d\u2019une pi\u00e8ce de titre, tranches rouges, 203 x 130, 281p. Avec sommaire des huit livres. Et &#8230; <a title=\"Oeuvres. Julius Sacrovir, ou le Dernier des \u00c9duens en VIII livres\" class=\"read-more\" href=\"https:\/\/www.livresentre2actions.fr\/en\/product\/oeuvres-julius-sacrovir-ou-le-dernier-des-eduens-en-viii-livres\/\" aria-label=\"Read more about Oeuvres. Julius Sacrovir, ou le Dernier des \u00c9duens en VIII livres\">Read more<\/a><\/p>","protected":false},"featured_media":13306,"template":"","meta":{"_eb_attr":""},"product_brand":[],"product_cat":[36,71,76],"product_tag":[],"class_list":{"0":"post-13305","1":"product","2":"type-product","3":"status-publish","4":"has-post-thumbnail","6":"product_cat-entre-le-xviiieme-et-le-xixeme-siecle","7":"product_cat-illustres-modernes-editions-originales-signees-numerotees","8":"product_cat-poesie-theatre-prose","9":"sales-flash-overlay","10":"woocommerce-text-align-center","11":"woocommerce-image-align-center","12":"wc-has-gallery","14":"first","15":"instock","16":"taxable","17":"shipping-taxable","18":"purchasable","19":"product-type-simple"},"aioseo_notices":[],"_links":{"self":[{"href":"https:\/\/www.livresentre2actions.fr\/en\/wp-json\/wp\/v2\/product\/13305","targetHints":{"allow":["GET"]}}],"collection":[{"href":"https:\/\/www.livresentre2actions.fr\/en\/wp-json\/wp\/v2\/product"}],"about":[{"href":"https:\/\/www.livresentre2actions.fr\/en\/wp-json\/wp\/v2\/types\/product"}],"wp:featuredmedia":[{"embeddable":true,"href":"https:\/\/www.livresentre2actions.fr\/en\/wp-json\/wp\/v2\/media\/13306"}],"wp:attachment":[{"href":"https:\/\/www.livresentre2actions.fr\/en\/wp-json\/wp\/v2\/media?parent=13305"}],"wp:term":[{"taxonomy":"product_brand","embeddable":true,"href":"https:\/\/www.livresentre2actions.fr\/en\/wp-json\/wp\/v2\/product_brand?post=13305"},{"taxonomy":"product_cat","embeddable":true,"href":"https:\/\/www.livresentre2actions.fr\/en\/wp-json\/wp\/v2\/product_cat?post=13305"},{"taxonomy":"product_tag","embeddable":true,"href":"https:\/\/www.livresentre2actions.fr\/en\/wp-json\/wp\/v2\/product_tag?post=13305"}],"curies":[{"name":"wp","href":"https:\/\/api.w.org\/{rel}","templated":true}]}}