{"id":13236,"date":"2025-06-24T16:47:03","date_gmt":"2025-06-24T14:47:03","guid":{"rendered":"https:\/\/www.livresentre2actions.fr\/?post_type=product&#038;p=13236"},"modified":"2025-08-25T14:22:03","modified_gmt":"2025-08-25T12:22:03","slug":"cours-de-mathematiques-a-lusage-de-la-marine-et-de-lartillerie-seconde-partie","status":"publish","type":"product","link":"https:\/\/www.livresentre2actions.fr\/en\/product\/cours-de-mathematiques-a-lusage-de-la-marine-et-de-lartillerie-seconde-partie\/","title":{"rendered":"Cours de Math\u00e9matiques \u00e0 l&rsquo;usage de la Marine et de l&rsquo;Artillerie, seconde partie"},"content":{"rendered":"<p>Cours de Math\u00e9matiques \u00e0 l&rsquo;usage de la Marine et de l&rsquo;Artillerie, seconde partie. Par Bezout. Suivi de Notes sur la g\u00e9om\u00e9trie, par A.-A.-L. Reynaud.<\/p>\n<p>Demi-cuir \u00e0 dos long, lie de vin, belle reliure romantique, dos orn\u00e9 du titre et de motifs fleuronn\u00e9s. Plats tricolores dans la hauteur en bandes parall\u00e8les. 216 x 130. 1820. Cours de math\u00e9matiques, seconde partie, contenant la g\u00e9om\u00e9trie, la trigonom\u00e9trie rectiligne et la trigonom\u00e9trie sph\u00e9rique, 212p avec sa Table des diff\u00e9rentes mesures. Suivi de 8 planches sur onglet, d\u00e9pliantes, int\u00e8gres. Notes sur la g\u00e9om\u00e9trie comprenant un grand nombre de th\u00e9or\u00e8mes et de probl\u00e8mes nouveaux\u00a0; suivies des \u00c9l\u00e9mens de la g\u00e9om\u00e9trie \u00e0 l\u2019usage des \u00e9l\u00e8ves, 7\u00c8me ed. 1828. 168p. Suivies de 13 planches sur onglet, d\u00e9pliantes, int\u00e8gres hors pliures.. Int\u00e9rieur insol\u00e9, rousseurs marginales, tr\u00e8s bon. Plats et champs frott\u00e9s, mais bons. Dos et coins frott\u00e9s, mais propres, quelques \u00e9pidermures en coiffe et pied. Bel exemplaire, bien ferme.<\/p>","protected":false},"excerpt":{"rendered":"<p>Cours de Math\u00e9matiques \u00e0 l&rsquo;usage de la Marine et de l&rsquo;Artillerie, seconde partie. Par Bezout. Suivi de Notes sur la g\u00e9om\u00e9trie, par A.-A.-L. Reynaud. Demi-cuir \u00e0 dos long, lie de vin, belle reliure romantique, dos orn\u00e9 du titre et de motifs fleuronn\u00e9s. Plats tricolores dans la hauteur en bandes parall\u00e8les. 216 x 130. 1820. Cours &#8230; <a title=\"Cours de Math\u00e9matiques \u00e0 l&rsquo;usage de la Marine et de l&rsquo;Artillerie, seconde partie\" class=\"read-more\" href=\"https:\/\/www.livresentre2actions.fr\/en\/product\/cours-de-mathematiques-a-lusage-de-la-marine-et-de-lartillerie-seconde-partie\/\" aria-label=\"Read more about Cours de Math\u00e9matiques \u00e0 l&rsquo;usage de la Marine et de l&rsquo;Artillerie, seconde partie\">Read more<\/a><\/p>","protected":false},"featured_media":13237,"template":"","meta":{"_eb_attr":""},"product_brand":[],"product_cat":[36,71,69],"product_tag":[],"class_list":{"0":"post-13236","1":"product","2":"type-product","3":"status-publish","4":"has-post-thumbnail","6":"product_cat-entre-le-xviiieme-et-le-xixeme-siecle","7":"product_cat-illustres-modernes-editions-originales-signees-numerotees","8":"product_cat-sciences-et-techniques","9":"sales-flash-overlay","10":"woocommerce-text-align-center","11":"woocommerce-image-align-center","12":"wc-has-gallery","14":"first","15":"instock","16":"taxable","17":"shipping-taxable","18":"purchasable","19":"product-type-simple"},"aioseo_notices":[],"_links":{"self":[{"href":"https:\/\/www.livresentre2actions.fr\/en\/wp-json\/wp\/v2\/product\/13236","targetHints":{"allow":["GET"]}}],"collection":[{"href":"https:\/\/www.livresentre2actions.fr\/en\/wp-json\/wp\/v2\/product"}],"about":[{"href":"https:\/\/www.livresentre2actions.fr\/en\/wp-json\/wp\/v2\/types\/product"}],"wp:featuredmedia":[{"embeddable":true,"href":"https:\/\/www.livresentre2actions.fr\/en\/wp-json\/wp\/v2\/media\/13237"}],"wp:attachment":[{"href":"https:\/\/www.livresentre2actions.fr\/en\/wp-json\/wp\/v2\/media?parent=13236"}],"wp:term":[{"taxonomy":"product_brand","embeddable":true,"href":"https:\/\/www.livresentre2actions.fr\/en\/wp-json\/wp\/v2\/product_brand?post=13236"},{"taxonomy":"product_cat","embeddable":true,"href":"https:\/\/www.livresentre2actions.fr\/en\/wp-json\/wp\/v2\/product_cat?post=13236"},{"taxonomy":"product_tag","embeddable":true,"href":"https:\/\/www.livresentre2actions.fr\/en\/wp-json\/wp\/v2\/product_tag?post=13236"}],"curies":[{"name":"wp","href":"https:\/\/api.w.org\/{rel}","templated":true}]}}