{"id":13181,"date":"2025-06-18T15:19:02","date_gmt":"2025-06-18T13:19:02","guid":{"rendered":"https:\/\/www.livresentre2actions.fr\/?post_type=product&#038;p=13181"},"modified":"2025-06-18T15:19:03","modified_gmt":"2025-06-18T13:19:03","slug":"devotion-au-sacre-coeur-de-notre-seigneur-jesus-christ","status":"publish","type":"product","link":"https:\/\/www.livresentre2actions.fr\/en\/product\/devotion-au-sacre-coeur-de-notre-seigneur-jesus-christ\/","title":{"rendered":"D\u00e9votion au Sacr\u00e9-Coeur\u00a0de Notre-Seigneur\u00a0J\u00e9sus-Christ"},"content":{"rendered":"<p>D\u00e9votion au Sacr\u00e9-Coeur\u00a0de Notre-Seigneur\u00a0J\u00e9sus-Christ, contenant une pratique de d\u00e9votion pour\u2026 la tr\u00e8s Sainte Vierge Marie. L\u2019abr\u00e9g\u00e9 de la vie de Soeur Marguerite-Marie Alacoque, religieuse de la Visitation. Et l\u2019Office de la divine Providence et de la divine Mis\u00e9ricorde. Derni\u00e8re \u00e9dition. D\u00e9di\u00e9e aux Dames religieuses de la Visitation Sainte-Marie de Clermont-Ferrand<\/p>\n<p>Chez Martial Barbou, Limoges &#8211; Plein veau tabac marbr\u00e9, dos long joliment d\u00e9cor\u00e9, champs orn\u00e9s, tranches caillout\u00e9es, 170 x 103, 1770. Epitre, approbation, 7p. Puis le texte.484p. Avec table. Int\u00e9rieur tr\u00e8s frais, propre. Quelques frottement \u00e0 la reliure, mais tr\u00e8s bel \u00e9tat.<\/p>","protected":false},"excerpt":{"rendered":"<p>D\u00e9votion au Sacr\u00e9-Coeur\u00a0de Notre-Seigneur\u00a0J\u00e9sus-Christ, contenant une pratique de d\u00e9votion pour\u2026 la tr\u00e8s Sainte Vierge Marie. L\u2019abr\u00e9g\u00e9 de la vie de Soeur Marguerite-Marie Alacoque, religieuse de la Visitation. Et l\u2019Office de la divine Providence et de la divine Mis\u00e9ricorde. Derni\u00e8re \u00e9dition. D\u00e9di\u00e9e aux Dames religieuses de la Visitation Sainte-Marie de Clermont-Ferrand Chez Martial Barbou, Limoges &#8211; &#8230; <a title=\"D\u00e9votion au Sacr\u00e9-Coeur\u00a0de Notre-Seigneur\u00a0J\u00e9sus-Christ\" class=\"read-more\" href=\"https:\/\/www.livresentre2actions.fr\/en\/product\/devotion-au-sacre-coeur-de-notre-seigneur-jesus-christ\/\" aria-label=\"Read more about D\u00e9votion au Sacr\u00e9-Coeur\u00a0de Notre-Seigneur\u00a0J\u00e9sus-Christ\">Read more<\/a><\/p>","protected":false},"featured_media":13182,"template":"","meta":{"_eb_attr":""},"product_brand":[],"product_cat":[36,68],"product_tag":[],"class_list":{"0":"post-13181","1":"product","2":"type-product","3":"status-publish","4":"has-post-thumbnail","6":"product_cat-entre-le-xviiieme-et-le-xixeme-siecle","7":"product_cat-religion-spiritualite","8":"sales-flash-overlay","9":"woocommerce-text-align-center","10":"woocommerce-image-align-center","11":"wc-has-gallery","13":"first","14":"instock","15":"taxable","16":"shipping-taxable","17":"purchasable","18":"product-type-simple"},"aioseo_notices":[],"_links":{"self":[{"href":"https:\/\/www.livresentre2actions.fr\/en\/wp-json\/wp\/v2\/product\/13181","targetHints":{"allow":["GET"]}}],"collection":[{"href":"https:\/\/www.livresentre2actions.fr\/en\/wp-json\/wp\/v2\/product"}],"about":[{"href":"https:\/\/www.livresentre2actions.fr\/en\/wp-json\/wp\/v2\/types\/product"}],"wp:featuredmedia":[{"embeddable":true,"href":"https:\/\/www.livresentre2actions.fr\/en\/wp-json\/wp\/v2\/media\/13182"}],"wp:attachment":[{"href":"https:\/\/www.livresentre2actions.fr\/en\/wp-json\/wp\/v2\/media?parent=13181"}],"wp:term":[{"taxonomy":"product_brand","embeddable":true,"href":"https:\/\/www.livresentre2actions.fr\/en\/wp-json\/wp\/v2\/product_brand?post=13181"},{"taxonomy":"product_cat","embeddable":true,"href":"https:\/\/www.livresentre2actions.fr\/en\/wp-json\/wp\/v2\/product_cat?post=13181"},{"taxonomy":"product_tag","embeddable":true,"href":"https:\/\/www.livresentre2actions.fr\/en\/wp-json\/wp\/v2\/product_tag?post=13181"}],"curies":[{"name":"wp","href":"https:\/\/api.w.org\/{rel}","templated":true}]}}