{"id":13123,"date":"2025-06-16T15:22:50","date_gmt":"2025-06-16T13:22:50","guid":{"rendered":"https:\/\/www.livresentre2actions.fr\/?post_type=product&#038;p=13123"},"modified":"2026-03-07T19:11:59","modified_gmt":"2026-03-07T18:11:59","slug":"plantations-dalignement-promenades-parcs-et-jardins-publics","status":"publish","type":"product","link":"https:\/\/www.livresentre2actions.fr\/en\/product\/plantations-dalignement-promenades-parcs-et-jardins-publics\/","title":{"rendered":"Plantations d&rsquo;alignement, promenades, parcs et jardins publics\u00a0"},"content":{"rendered":"<p>Georges Lefebvre &#8211; P. Vicq-Dunord<\/p>\n<p>Cartonnage \u00e9diteur couvert pleine basane tabac, dos long orn\u00e9 du titre et de la collection, 155 x 135, 357p. 1897. Premi\u00e8re \u00e9dition Collection Biblioth\u00e8que du conducteur de travaux publics. Premi\u00e8re partie\u00a0: Plantations d\u2019alignement. Deuxi\u00e8me partie\u00a0: Promenades, parc et jardins publics. Bien complet de sa planche de jardin couleur, d\u00e9pliante, int\u00e8gre. Nombreuses illustrations dans le texte, certaines \u00e0 pleine page. Rousseurs int\u00e9rieurs continues asse prononc\u00e9es. Reliure avec frottements et \u00e9pidermures. Dos rid\u00e9, coiffe aras\u00e9e. Exemplaire bien ferme.<\/p>","protected":false},"excerpt":{"rendered":"<p>Georges Lefebvre &#8211; P. Vicq-Dunord Cartonnage \u00e9diteur couvert pleine basane tabac, dos long orn\u00e9 du titre et de la collection, 155 x 135, 357p. 1897. Premi\u00e8re \u00e9dition Collection Biblioth\u00e8que du conducteur de travaux publics. Premi\u00e8re partie\u00a0: Plantations d\u2019alignement. Deuxi\u00e8me partie\u00a0: Promenades, parc et jardins publics. Bien complet de sa planche de jardin couleur, d\u00e9pliante, int\u00e8gre. &#8230; <a title=\"Plantations d&rsquo;alignement, promenades, parcs et jardins publics\u00a0\" class=\"read-more\" href=\"https:\/\/www.livresentre2actions.fr\/en\/product\/plantations-dalignement-promenades-parcs-et-jardins-publics\/\" aria-label=\"Read more about Plantations d&rsquo;alignement, promenades, parcs et jardins publics\u00a0\">Read more<\/a><\/p>","protected":false},"featured_media":0,"template":"","meta":{"_eb_attr":""},"product_brand":[],"product_cat":[36,71,70],"product_tag":[],"class_list":{"0":"post-13123","1":"product","2":"type-product","3":"status-publish","5":"product_cat-entre-le-xviiieme-et-le-xixeme-siecle","6":"product_cat-illustres-modernes-editions-originales-signees-numerotees","7":"product_cat-medecine-et-nature","8":"sales-flash-overlay","9":"woocommerce-text-align-center","10":"woocommerce-image-align-center","12":"first","13":"outofstock","14":"taxable","15":"shipping-taxable","16":"purchasable","17":"product-type-simple"},"aioseo_notices":[],"_links":{"self":[{"href":"https:\/\/www.livresentre2actions.fr\/en\/wp-json\/wp\/v2\/product\/13123","targetHints":{"allow":["GET"]}}],"collection":[{"href":"https:\/\/www.livresentre2actions.fr\/en\/wp-json\/wp\/v2\/product"}],"about":[{"href":"https:\/\/www.livresentre2actions.fr\/en\/wp-json\/wp\/v2\/types\/product"}],"wp:attachment":[{"href":"https:\/\/www.livresentre2actions.fr\/en\/wp-json\/wp\/v2\/media?parent=13123"}],"wp:term":[{"taxonomy":"product_brand","embeddable":true,"href":"https:\/\/www.livresentre2actions.fr\/en\/wp-json\/wp\/v2\/product_brand?post=13123"},{"taxonomy":"product_cat","embeddable":true,"href":"https:\/\/www.livresentre2actions.fr\/en\/wp-json\/wp\/v2\/product_cat?post=13123"},{"taxonomy":"product_tag","embeddable":true,"href":"https:\/\/www.livresentre2actions.fr\/en\/wp-json\/wp\/v2\/product_tag?post=13123"}],"curies":[{"name":"wp","href":"https:\/\/api.w.org\/{rel}","templated":true}]}}