{"id":13111,"date":"2025-06-16T15:10:27","date_gmt":"2025-06-16T13:10:27","guid":{"rendered":"https:\/\/www.livresentre2actions.fr\/?post_type=product&#038;p=13111"},"modified":"2025-08-25T14:22:06","modified_gmt":"2025-08-25T12:22:06","slug":"vita-del-beato-benedetto-da-urbino-dal-p-eusebio-de-monte-santo","status":"publish","type":"product","link":"https:\/\/www.livresentre2actions.fr\/en\/product\/vita-del-beato-benedetto-da-urbino-dal-p-eusebio-de-monte-santo\/","title":{"rendered":"Vita del beato benedetto da urbino &#8211; Dal P. Eusebio de Monte Santo"},"content":{"rendered":"<p>Vita del beato benedetto da urbino sacerdote e predicatore dell\u2019ordine de\u2019capuccini<\/p>\n<p>Stabil. Tipografico di G. Aurelj<\/p>\n<p>Demi-basane olive, \u00e0 dos long orn\u00e9 de guirlandes et des titre et auteur, toutes tranches jasp\u00e9es bleu, 238 x 155, 313p. Hors table. Roma, 1867. 1\u00e8re \u00e9dition. Frontispice. Int\u00e9rieur l\u00e9g\u00e8rement insol\u00e9 mais propre et int\u00e8gre, tr\u00e8s bon. Champs, coins et plats cartonn\u00e9s vert frott\u00e9s avec quelques taches, mais bons. Coins frott\u00e9s, coins de pied \u00e9mouss\u00e9s. Dos frott\u00e9 en coiffe et queue, mais bon. Bon exemplaire bien ferme. Livre \u00e9dit\u00e9 l\u2019ann\u00e9e de sa b\u00e9atification par le pape Pie IX. Aux c\u00f4t\u00e9s de Lorenzo de Brindisi, il a offici\u00e9 dans les missions parmi les protestants d\u2019Autriche et de Boh\u00eame.<\/p>","protected":false},"excerpt":{"rendered":"<p>Vita del beato benedetto da urbino sacerdote e predicatore dell\u2019ordine de\u2019capuccini Stabil. Tipografico di G. Aurelj Demi-basane olive, \u00e0 dos long orn\u00e9 de guirlandes et des titre et auteur, toutes tranches jasp\u00e9es bleu, 238 x 155, 313p. Hors table. Roma, 1867. 1\u00e8re \u00e9dition. Frontispice. Int\u00e9rieur l\u00e9g\u00e8rement insol\u00e9 mais propre et int\u00e8gre, tr\u00e8s bon. Champs, coins &#8230; <a title=\"Vita del beato benedetto da urbino &#8211; Dal P. Eusebio de Monte Santo\" class=\"read-more\" href=\"https:\/\/www.livresentre2actions.fr\/en\/product\/vita-del-beato-benedetto-da-urbino-dal-p-eusebio-de-monte-santo\/\" aria-label=\"Read more about Vita del beato benedetto da urbino &#8211; Dal P. Eusebio de Monte Santo\">Read more<\/a><\/p>","protected":false},"featured_media":13113,"template":"","meta":{"_eb_attr":""},"product_brand":[],"product_cat":[36,71,68],"product_tag":[],"class_list":{"0":"post-13111","1":"product","2":"type-product","3":"status-publish","4":"has-post-thumbnail","6":"product_cat-entre-le-xviiieme-et-le-xixeme-siecle","7":"product_cat-illustres-modernes-editions-originales-signees-numerotees","8":"product_cat-religion-spiritualite","9":"sales-flash-overlay","10":"woocommerce-text-align-center","11":"woocommerce-image-align-center","12":"wc-has-gallery","14":"first","15":"instock","16":"taxable","17":"shipping-taxable","18":"purchasable","19":"product-type-simple"},"aioseo_notices":[],"_links":{"self":[{"href":"https:\/\/www.livresentre2actions.fr\/en\/wp-json\/wp\/v2\/product\/13111","targetHints":{"allow":["GET"]}}],"collection":[{"href":"https:\/\/www.livresentre2actions.fr\/en\/wp-json\/wp\/v2\/product"}],"about":[{"href":"https:\/\/www.livresentre2actions.fr\/en\/wp-json\/wp\/v2\/types\/product"}],"wp:featuredmedia":[{"embeddable":true,"href":"https:\/\/www.livresentre2actions.fr\/en\/wp-json\/wp\/v2\/media\/13113"}],"wp:attachment":[{"href":"https:\/\/www.livresentre2actions.fr\/en\/wp-json\/wp\/v2\/media?parent=13111"}],"wp:term":[{"taxonomy":"product_brand","embeddable":true,"href":"https:\/\/www.livresentre2actions.fr\/en\/wp-json\/wp\/v2\/product_brand?post=13111"},{"taxonomy":"product_cat","embeddable":true,"href":"https:\/\/www.livresentre2actions.fr\/en\/wp-json\/wp\/v2\/product_cat?post=13111"},{"taxonomy":"product_tag","embeddable":true,"href":"https:\/\/www.livresentre2actions.fr\/en\/wp-json\/wp\/v2\/product_tag?post=13111"}],"curies":[{"name":"wp","href":"https:\/\/api.w.org\/{rel}","templated":true}]}}