{"id":13099,"date":"2025-06-16T15:04:29","date_gmt":"2025-06-16T13:04:29","guid":{"rendered":"https:\/\/www.livresentre2actions.fr\/?post_type=product&#038;p=13099"},"modified":"2025-08-25T14:22:06","modified_gmt":"2025-08-25T12:22:06","slug":"imitation-de-la-tres-sainte-vierge-sur-le-modele-de-limitation-de-jesus-christ","status":"publish","type":"product","link":"https:\/\/www.livresentre2actions.fr\/en\/product\/imitation-de-la-tres-sainte-vierge-sur-le-modele-de-limitation-de-jesus-christ\/","title":{"rendered":"Imitation de la tr\u00e8s sainte Vierge sur le mod\u00e8le de l\u2019imitation de J\u00e9sus-Christ."},"content":{"rendered":"<p>Imitation de la tr\u00e8s sainte Vierge sur le mod\u00e8le de l\u2019imitation de J\u00e9sus-Christ. Suivie des pri\u00e8res durant la sainte messe et des v\u00eapres du dimanche<\/p>\n<p>Abb\u00e9 *** &#8211; Mame<\/p>\n<p>Jolie reliure plein veau marine au chiffre j\u00e9suitique en plat sup\u00e9rieur et royaux au plat inf\u00e9rieur, dos long fleuronn\u00e9 (lis), tranches dor\u00e9es, 120 x 80, 304p. 1885. Frontispice et 4 pleine page, 6 ent\u00eates. Int\u00e9rieur propre, rousseurs marginales. Coins frott\u00e9s. Plats l\u00e9g\u00e8rement frott\u00e9s mais bons. Epidermures en coiffe et queue. Bel exemplaire bien ferme.<\/p>","protected":false},"excerpt":{"rendered":"<p>Imitation de la tr\u00e8s sainte Vierge sur le mod\u00e8le de l\u2019imitation de J\u00e9sus-Christ. Suivie des pri\u00e8res durant la sainte messe et des v\u00eapres du dimanche Abb\u00e9 *** &#8211; Mame Jolie reliure plein veau marine au chiffre j\u00e9suitique en plat sup\u00e9rieur et royaux au plat inf\u00e9rieur, dos long fleuronn\u00e9 (lis), tranches dor\u00e9es, 120 x 80, 304p. &#8230; <a title=\"Imitation de la tr\u00e8s sainte Vierge sur le mod\u00e8le de l\u2019imitation de J\u00e9sus-Christ.\" class=\"read-more\" href=\"https:\/\/www.livresentre2actions.fr\/en\/product\/imitation-de-la-tres-sainte-vierge-sur-le-modele-de-limitation-de-jesus-christ\/\" aria-label=\"Read more about Imitation de la tr\u00e8s sainte Vierge sur le mod\u00e8le de l\u2019imitation de J\u00e9sus-Christ.\">Read more<\/a><\/p>","protected":false},"featured_media":13100,"template":"","meta":{"_eb_attr":""},"product_brand":[],"product_cat":[36,71,68],"product_tag":[],"class_list":{"0":"post-13099","1":"product","2":"type-product","3":"status-publish","4":"has-post-thumbnail","6":"product_cat-entre-le-xviiieme-et-le-xixeme-siecle","7":"product_cat-illustres-modernes-editions-originales-signees-numerotees","8":"product_cat-religion-spiritualite","9":"sales-flash-overlay","10":"woocommerce-text-align-center","11":"woocommerce-image-align-center","12":"wc-has-gallery","14":"first","15":"instock","16":"taxable","17":"shipping-taxable","18":"purchasable","19":"product-type-simple"},"aioseo_notices":[],"_links":{"self":[{"href":"https:\/\/www.livresentre2actions.fr\/en\/wp-json\/wp\/v2\/product\/13099","targetHints":{"allow":["GET"]}}],"collection":[{"href":"https:\/\/www.livresentre2actions.fr\/en\/wp-json\/wp\/v2\/product"}],"about":[{"href":"https:\/\/www.livresentre2actions.fr\/en\/wp-json\/wp\/v2\/types\/product"}],"wp:featuredmedia":[{"embeddable":true,"href":"https:\/\/www.livresentre2actions.fr\/en\/wp-json\/wp\/v2\/media\/13100"}],"wp:attachment":[{"href":"https:\/\/www.livresentre2actions.fr\/en\/wp-json\/wp\/v2\/media?parent=13099"}],"wp:term":[{"taxonomy":"product_brand","embeddable":true,"href":"https:\/\/www.livresentre2actions.fr\/en\/wp-json\/wp\/v2\/product_brand?post=13099"},{"taxonomy":"product_cat","embeddable":true,"href":"https:\/\/www.livresentre2actions.fr\/en\/wp-json\/wp\/v2\/product_cat?post=13099"},{"taxonomy":"product_tag","embeddable":true,"href":"https:\/\/www.livresentre2actions.fr\/en\/wp-json\/wp\/v2\/product_tag?post=13099"}],"curies":[{"name":"wp","href":"https:\/\/api.w.org\/{rel}","templated":true}]}}