{"id":13057,"date":"2025-06-10T16:07:53","date_gmt":"2025-06-10T14:07:53","guid":{"rendered":"https:\/\/www.livresentre2actions.fr\/?post_type=product&#038;p=13057"},"modified":"2025-08-25T14:22:07","modified_gmt":"2025-08-25T12:22:07","slug":"saint-aphrodise-apotre-de-beziers-et-son-eglise-a-travers-les-ages","status":"publish","type":"product","link":"https:\/\/www.livresentre2actions.fr\/en\/product\/saint-aphrodise-apotre-de-beziers-et-son-eglise-a-travers-les-ages\/","title":{"rendered":"Saint Aphrodise Ap\u00f4tre de B\u00e9ziers et son \u00e9glise \u00e0 travers les \u00e2ges"},"content":{"rendered":"<p>A. Coste &#8211; Imprimerie g\u00e9n\u00e9rale, J. Sapte<\/p>\n<p>Plein chagrin lie de vin moderne \u00e0 dos long orn\u00e9 du titre et de l\u2019auteur, 270 x 180, 332p. Hors errata et table. 1899. Edition originale. Frontispice et 13 illustrations \u00e0 pleine page hors texte. Int\u00e9rieur tr\u00e8s bon, propre et int\u00e8gre. On note que le dos est cass\u00e9 en p.156-157, avec la page 156 qui se d\u00e9tache en pied. L\u2019ouvrage reste bien tr\u00e8s bonne, reliure tr\u00e8s bonne, propre, avec frottement du titre dor\u00e9.<\/p>","protected":false},"excerpt":{"rendered":"<p>A. Coste &#8211; Imprimerie g\u00e9n\u00e9rale, J. Sapte Plein chagrin lie de vin moderne \u00e0 dos long orn\u00e9 du titre et de l\u2019auteur, 270 x 180, 332p. Hors errata et table. 1899. Edition originale. Frontispice et 13 illustrations \u00e0 pleine page hors texte. Int\u00e9rieur tr\u00e8s bon, propre et int\u00e8gre. On note que le dos est cass\u00e9 &#8230; <a title=\"Saint Aphrodise Ap\u00f4tre de B\u00e9ziers et son \u00e9glise \u00e0 travers les \u00e2ges\" class=\"read-more\" href=\"https:\/\/www.livresentre2actions.fr\/en\/product\/saint-aphrodise-apotre-de-beziers-et-son-eglise-a-travers-les-ages\/\" aria-label=\"Read more about Saint Aphrodise Ap\u00f4tre de B\u00e9ziers et son \u00e9glise \u00e0 travers les \u00e2ges\">Read more<\/a><\/p>","protected":false},"featured_media":13058,"template":"","meta":{"_eb_attr":""},"product_brand":[],"product_cat":[36,71,73,68],"product_tag":[],"class_list":{"0":"post-13057","1":"product","2":"type-product","3":"status-publish","4":"has-post-thumbnail","6":"product_cat-entre-le-xviiieme-et-le-xixeme-siecle","7":"product_cat-illustres-modernes-editions-originales-signees-numerotees","8":"product_cat-histoires-et-recits-de-voyage","9":"product_cat-religion-spiritualite","10":"sales-flash-overlay","11":"woocommerce-text-align-center","12":"woocommerce-image-align-center","13":"wc-has-gallery","15":"first","16":"instock","17":"taxable","18":"shipping-taxable","19":"purchasable","20":"product-type-simple"},"aioseo_notices":[],"_links":{"self":[{"href":"https:\/\/www.livresentre2actions.fr\/en\/wp-json\/wp\/v2\/product\/13057","targetHints":{"allow":["GET"]}}],"collection":[{"href":"https:\/\/www.livresentre2actions.fr\/en\/wp-json\/wp\/v2\/product"}],"about":[{"href":"https:\/\/www.livresentre2actions.fr\/en\/wp-json\/wp\/v2\/types\/product"}],"wp:featuredmedia":[{"embeddable":true,"href":"https:\/\/www.livresentre2actions.fr\/en\/wp-json\/wp\/v2\/media\/13058"}],"wp:attachment":[{"href":"https:\/\/www.livresentre2actions.fr\/en\/wp-json\/wp\/v2\/media?parent=13057"}],"wp:term":[{"taxonomy":"product_brand","embeddable":true,"href":"https:\/\/www.livresentre2actions.fr\/en\/wp-json\/wp\/v2\/product_brand?post=13057"},{"taxonomy":"product_cat","embeddable":true,"href":"https:\/\/www.livresentre2actions.fr\/en\/wp-json\/wp\/v2\/product_cat?post=13057"},{"taxonomy":"product_tag","embeddable":true,"href":"https:\/\/www.livresentre2actions.fr\/en\/wp-json\/wp\/v2\/product_tag?post=13057"}],"curies":[{"name":"wp","href":"https:\/\/api.w.org\/{rel}","templated":true}]}}