{"id":13017,"date":"2025-06-08T14:58:01","date_gmt":"2025-06-08T12:58:01","guid":{"rendered":"https:\/\/www.livresentre2actions.fr\/?post_type=product&#038;p=13017"},"modified":"2025-08-25T14:22:10","modified_gmt":"2025-08-25T12:22:10","slug":"impressions-de-voyage-dans-paris-ancien-et-moderne","status":"publish","type":"product","link":"https:\/\/www.livresentre2actions.fr\/en\/product\/impressions-de-voyage-dans-paris-ancien-et-moderne\/","title":{"rendered":"Impressions de voyage dans Paris ancien et moderne"},"content":{"rendered":"<p>Baron Lafond de Saint-Mur &#8211; Nouvelle librairie parisienne Albert Savine<\/p>\n<p>Plein simili percaline noire \u00e0 dos long orn\u00e9 des titres et auteurs, 182 x 121, 447p. Avec table. 1893. Premi\u00e8re \u00e9dition. Int\u00e9rieur propre, quelques rousseurs. Des frottements et des traces l\u00e9g\u00e8res \u00e0 la reliure. Bon exemplaire bien ferme. D\u00e9put\u00e9 de Corr\u00e8ze et s\u00e9nateur, Guy Lafond de Saint-Mur a si\u00e9g\u00e9 dans le groupe bonapartiste l\u2019Appel du peuple.<\/p>","protected":false},"excerpt":{"rendered":"<p>Baron Lafond de Saint-Mur &#8211; Nouvelle librairie parisienne Albert Savine Plein simili percaline noire \u00e0 dos long orn\u00e9 des titres et auteurs, 182 x 121, 447p. Avec table. 1893. Premi\u00e8re \u00e9dition. Int\u00e9rieur propre, quelques rousseurs. Des frottements et des traces l\u00e9g\u00e8res \u00e0 la reliure. Bon exemplaire bien ferme. D\u00e9put\u00e9 de Corr\u00e8ze et s\u00e9nateur, Guy Lafond &#8230; <a title=\"Impressions de voyage dans Paris ancien et moderne\" class=\"read-more\" href=\"https:\/\/www.livresentre2actions.fr\/en\/product\/impressions-de-voyage-dans-paris-ancien-et-moderne\/\" aria-label=\"Read more about Impressions de voyage dans Paris ancien et moderne\">Read more<\/a><\/p>","protected":false},"featured_media":13018,"template":"","meta":{"_eb_attr":""},"product_brand":[],"product_cat":[36,71,73],"product_tag":[],"class_list":{"0":"post-13017","1":"product","2":"type-product","3":"status-publish","4":"has-post-thumbnail","6":"product_cat-entre-le-xviiieme-et-le-xixeme-siecle","7":"product_cat-illustres-modernes-editions-originales-signees-numerotees","8":"product_cat-histoires-et-recits-de-voyage","9":"sales-flash-overlay","10":"woocommerce-text-align-center","11":"woocommerce-image-align-center","12":"wc-has-gallery","14":"first","15":"instock","16":"taxable","17":"shipping-taxable","18":"purchasable","19":"product-type-simple"},"aioseo_notices":[],"_links":{"self":[{"href":"https:\/\/www.livresentre2actions.fr\/en\/wp-json\/wp\/v2\/product\/13017","targetHints":{"allow":["GET"]}}],"collection":[{"href":"https:\/\/www.livresentre2actions.fr\/en\/wp-json\/wp\/v2\/product"}],"about":[{"href":"https:\/\/www.livresentre2actions.fr\/en\/wp-json\/wp\/v2\/types\/product"}],"wp:featuredmedia":[{"embeddable":true,"href":"https:\/\/www.livresentre2actions.fr\/en\/wp-json\/wp\/v2\/media\/13018"}],"wp:attachment":[{"href":"https:\/\/www.livresentre2actions.fr\/en\/wp-json\/wp\/v2\/media?parent=13017"}],"wp:term":[{"taxonomy":"product_brand","embeddable":true,"href":"https:\/\/www.livresentre2actions.fr\/en\/wp-json\/wp\/v2\/product_brand?post=13017"},{"taxonomy":"product_cat","embeddable":true,"href":"https:\/\/www.livresentre2actions.fr\/en\/wp-json\/wp\/v2\/product_cat?post=13017"},{"taxonomy":"product_tag","embeddable":true,"href":"https:\/\/www.livresentre2actions.fr\/en\/wp-json\/wp\/v2\/product_tag?post=13017"}],"curies":[{"name":"wp","href":"https:\/\/api.w.org\/{rel}","templated":true}]}}