{"id":12981,"date":"2025-06-06T17:29:17","date_gmt":"2025-06-06T15:29:17","guid":{"rendered":"https:\/\/www.livresentre2actions.fr\/?post_type=product&#038;p=12981"},"modified":"2026-03-07T19:42:30","modified_gmt":"2026-03-07T18:42:30","slug":"agenda-1904-grands-magasins-du-louvre-paris","status":"publish","type":"product","link":"https:\/\/www.livresentre2actions.fr\/en\/product\/agenda-1904-grands-magasins-du-louvre-paris\/","title":{"rendered":"Agenda 1904. Grands Magasins du Louvre, Paris"},"content":{"rendered":"<p>Cartonnage rouge \u00e9diteur, plat sup\u00e9rieur orn\u00e9 du symbole de la marque au lion couch\u00e9 et du titre, 274 x 188, 218p. 1904. Contreplat imprim\u00e9s\u00a0: contreplat sup\u00e9rieur par des publicit\u00e9s, conteplat inf\u00e9rieur liste de villes et de jours en vis-\u00e0-vis (livraisons ?). Avec dessins noir et blanc \u00e0 pleine page de Wilette et 2 planches couleur non sign\u00e9es \u00e0 pleine page. Agenda qui a \u00e9t\u00e9 utilis\u00e9\u00a0: page de titre et derni\u00e8re page avec bandes adh\u00e9sives pour consolider leur lien avec le contreplat en vis-\u00e0-vis\u00a0; 61 pages d\u2019agenda avec mentions manuscrites d\u2019achats, de menus lors de visite amicales ou familiales, notes de restaurant recopi\u00e9es, demandes de messes, notes et paiements divers, le \u00ab\u00a0d\u00e9tail d\u2019un voyage en Lombardie\u00a0\u00bb\u00a0; note chez \u00ab\u00a0Potin\u00a0\u00bb etc. Nombreuses publicit\u00e9s illustr\u00e9es, comprend \u00e9galement les grilles tarifaires illustr\u00e9s d\u2019une vignette des diff\u00e9rents th\u00e9\u00e2tres parisiens, ou encore les adresses des asiles, hospices \u00e9tablissements de secours\u2026 2 pages avec d\u00e9chirure et un manque. Plats frott\u00e9s avec une tache d\u2019encre en plat sup\u00e9rieur, sinon bon \u00e9tat. Bon exemplaire bien ferme. Les\u00a0Grands Magasins du Louvre\u00a0sont un ancien grand magasin parisien, dont l&rsquo;origine remonte \u00e0 l&rsquo;ouverture,\u00a0en 1855, des\u00a0Galeries du Louvre, et ayant pris la d\u00e9nomination\u00a0Grands Magasins du Louvre\u00a0en 1857. Il ferme en 1874, remplac\u00e9 par le Louvre des antiquaires.<\/p>","protected":false},"excerpt":{"rendered":"<p>Cartonnage rouge \u00e9diteur, plat sup\u00e9rieur orn\u00e9 du symbole de la marque au lion couch\u00e9 et du titre, 274 x 188, 218p. 1904. Contreplat imprim\u00e9s\u00a0: contreplat sup\u00e9rieur par des publicit\u00e9s, conteplat inf\u00e9rieur liste de villes et de jours en vis-\u00e0-vis (livraisons ?). Avec dessins noir et blanc \u00e0 pleine page de Wilette et 2 planches couleur &#8230; <a title=\"Agenda 1904. Grands Magasins du Louvre, Paris\" class=\"read-more\" href=\"https:\/\/www.livresentre2actions.fr\/en\/product\/agenda-1904-grands-magasins-du-louvre-paris\/\" aria-label=\"Read more about Agenda 1904. Grands Magasins du Louvre, Paris\">Read more<\/a><\/p>","protected":false},"featured_media":0,"template":"","meta":{"_eb_attr":""},"product_brand":[],"product_cat":[37,72,71],"product_tag":[86],"class_list":{"0":"post-12981","1":"product","2":"type-product","3":"status-publish","5":"product_cat-a-partir-du-xxeme-siecle","6":"product_cat-divers","7":"product_cat-illustres-modernes-editions-originales-signees-numerotees","8":"product_tag-illustre","9":"sales-flash-overlay","10":"woocommerce-text-align-center","11":"woocommerce-image-align-center","13":"first","14":"outofstock","15":"taxable","16":"shipping-taxable","17":"purchasable","18":"product-type-simple"},"aioseo_notices":[],"_links":{"self":[{"href":"https:\/\/www.livresentre2actions.fr\/en\/wp-json\/wp\/v2\/product\/12981","targetHints":{"allow":["GET"]}}],"collection":[{"href":"https:\/\/www.livresentre2actions.fr\/en\/wp-json\/wp\/v2\/product"}],"about":[{"href":"https:\/\/www.livresentre2actions.fr\/en\/wp-json\/wp\/v2\/types\/product"}],"wp:attachment":[{"href":"https:\/\/www.livresentre2actions.fr\/en\/wp-json\/wp\/v2\/media?parent=12981"}],"wp:term":[{"taxonomy":"product_brand","embeddable":true,"href":"https:\/\/www.livresentre2actions.fr\/en\/wp-json\/wp\/v2\/product_brand?post=12981"},{"taxonomy":"product_cat","embeddable":true,"href":"https:\/\/www.livresentre2actions.fr\/en\/wp-json\/wp\/v2\/product_cat?post=12981"},{"taxonomy":"product_tag","embeddable":true,"href":"https:\/\/www.livresentre2actions.fr\/en\/wp-json\/wp\/v2\/product_tag?post=12981"}],"curies":[{"name":"wp","href":"https:\/\/api.w.org\/{rel}","templated":true}]}}