{"id":12970,"date":"2025-06-06T14:48:11","date_gmt":"2025-06-06T12:48:11","guid":{"rendered":"https:\/\/www.livresentre2actions.fr\/?post_type=product&#038;p=12970"},"modified":"2025-11-24T10:17:36","modified_gmt":"2025-11-24T09:17:36","slug":"les-maitres-ecuyers-du-manege-de-saumur-de-1814-a-1874","status":"publish","type":"product","link":"https:\/\/www.livresentre2actions.fr\/en\/product\/les-maitres-ecuyers-du-manege-de-saumur-de-1814-a-1874\/","title":{"rendered":"Les ma\u00eetres \u00e9cuyers du man\u00e8ge de Saumur de 1814 \u00e0 1874"},"content":{"rendered":"<p>G\u00e9n\u00e9ral Decarpentry &#8211; Emile Hazan<\/p>\n<p>Broch\u00e9 \u00e0 couvertures rempli\u00e9es, 286 x 233, 103p. Avec onze compositions originales du commandant Margot. Introduction du g\u00e9n\u00e9ral du Breuil. Bien complet de ses onze hors texte couleur dont frontispice. Et 2 culs-de-lampe, 2 vignettes dans le texte et 2 ent\u00eates, au noir. Edition originale num\u00e9rot\u00e9 848, un des 1239 apr\u00e8s les 111 de t\u00eate, tous sur chiffon de lana (1300 au total). Int\u00e9rieur tr\u00e8s bon propre et int\u00e8gre. Couvertures propres et int\u00e8gres\u00a0; dos rid\u00e9 avec une d\u00e9chirure recoll\u00e9e en t\u00eate et un petit manque. Bel exemplaire bien ferme.<\/p>","protected":false},"excerpt":{"rendered":"<p>G\u00e9n\u00e9ral Decarpentry &#8211; Emile Hazan Broch\u00e9 \u00e0 couvertures rempli\u00e9es, 286 x 233, 103p. Avec onze compositions originales du commandant Margot. Introduction du g\u00e9n\u00e9ral du Breuil. Bien complet de ses onze hors texte couleur dont frontispice. Et 2 culs-de-lampe, 2 vignettes dans le texte et 2 ent\u00eates, au noir. Edition originale num\u00e9rot\u00e9 848, un des 1239 &#8230; <a title=\"Les ma\u00eetres \u00e9cuyers du man\u00e8ge de Saumur de 1814 \u00e0 1874\" class=\"read-more\" href=\"https:\/\/www.livresentre2actions.fr\/en\/product\/les-maitres-ecuyers-du-manege-de-saumur-de-1814-a-1874\/\" aria-label=\"Read more about Les ma\u00eetres \u00e9cuyers du man\u00e8ge de Saumur de 1814 \u00e0 1874\">Read more<\/a><\/p>","protected":false},"featured_media":0,"template":"","meta":{"_eb_attr":""},"product_brand":[],"product_cat":[37,72,71,73],"product_tag":[],"class_list":{"0":"post-12970","1":"product","2":"type-product","3":"status-publish","5":"product_cat-a-partir-du-xxeme-siecle","6":"product_cat-divers","7":"product_cat-illustres-modernes-editions-originales-signees-numerotees","8":"product_cat-histoires-et-recits-de-voyage","9":"sales-flash-overlay","10":"woocommerce-text-align-center","11":"woocommerce-image-align-center","13":"first","14":"outofstock","15":"taxable","16":"shipping-taxable","17":"purchasable","18":"product-type-simple"},"aioseo_notices":[],"_links":{"self":[{"href":"https:\/\/www.livresentre2actions.fr\/en\/wp-json\/wp\/v2\/product\/12970","targetHints":{"allow":["GET"]}}],"collection":[{"href":"https:\/\/www.livresentre2actions.fr\/en\/wp-json\/wp\/v2\/product"}],"about":[{"href":"https:\/\/www.livresentre2actions.fr\/en\/wp-json\/wp\/v2\/types\/product"}],"wp:attachment":[{"href":"https:\/\/www.livresentre2actions.fr\/en\/wp-json\/wp\/v2\/media?parent=12970"}],"wp:term":[{"taxonomy":"product_brand","embeddable":true,"href":"https:\/\/www.livresentre2actions.fr\/en\/wp-json\/wp\/v2\/product_brand?post=12970"},{"taxonomy":"product_cat","embeddable":true,"href":"https:\/\/www.livresentre2actions.fr\/en\/wp-json\/wp\/v2\/product_cat?post=12970"},{"taxonomy":"product_tag","embeddable":true,"href":"https:\/\/www.livresentre2actions.fr\/en\/wp-json\/wp\/v2\/product_tag?post=12970"}],"curies":[{"name":"wp","href":"https:\/\/api.w.org\/{rel}","templated":true}]}}