{"id":12916,"date":"2025-05-29T17:09:46","date_gmt":"2025-05-29T15:09:46","guid":{"rendered":"https:\/\/www.livresentre2actions.fr\/?post_type=product&#038;p=12916"},"modified":"2025-05-29T17:09:47","modified_gmt":"2025-05-29T15:09:47","slug":"oeuvres-de-m-pavillon-de-lacademie-francoise","status":"publish","type":"product","link":"https:\/\/www.livresentre2actions.fr\/en\/product\/oeuvres-de-m-pavillon-de-lacademie-francoise\/","title":{"rendered":"Oeuvres de M. Pavillon de l&rsquo;Acad\u00e9mie fran\u00e7oise\u200e."},"content":{"rendered":"<p>Nouvelle \u00e9dition augment\u00e9e de nouvelles pi\u00e8ces &#8211; Chez Guillaume Cavelier<\/p>\n<p>Plein veau, dos \u00e0 cinq nerfs orn\u00e9 d\u2019une pi\u00e8ce de titre, caissons fleuronn\u00e9s, tranches rouges, 157 x 103, 393p. Hors table (7p.) 1720. Int\u00e9rieur propre, rousseurs marginales. Coins et champs frott\u00e9s, coins l\u00e9g\u00e8rement \u00e9mouss\u00e9s. Plats frott\u00e9s, \u00e9pidermures. Dos frott\u00e9s avec \u00e9pidermures. Coiffe manquante avec un petit manque en caisson sup\u00e9rieur. Bon exemplaire bien ferme.<\/p>\n<p>&nbsp;<\/p>","protected":false},"excerpt":{"rendered":"<p>Nouvelle \u00e9dition augment\u00e9e de nouvelles pi\u00e8ces &#8211; Chez Guillaume Cavelier Plein veau, dos \u00e0 cinq nerfs orn\u00e9 d\u2019une pi\u00e8ce de titre, caissons fleuronn\u00e9s, tranches rouges, 157 x 103, 393p. Hors table (7p.) 1720. Int\u00e9rieur propre, rousseurs marginales. Coins et champs frott\u00e9s, coins l\u00e9g\u00e8rement \u00e9mouss\u00e9s. Plats frott\u00e9s, \u00e9pidermures. Dos frott\u00e9s avec \u00e9pidermures. Coiffe manquante avec un &#8230; <a title=\"Oeuvres de M. Pavillon de l&rsquo;Acad\u00e9mie fran\u00e7oise\u200e.\" class=\"read-more\" href=\"https:\/\/www.livresentre2actions.fr\/en\/product\/oeuvres-de-m-pavillon-de-lacademie-francoise\/\" aria-label=\"Read more about Oeuvres de M. Pavillon de l&rsquo;Acad\u00e9mie fran\u00e7oise\u200e.\">Read more<\/a><\/p>","protected":false},"featured_media":12917,"template":"","meta":{"_eb_attr":""},"product_brand":[],"product_cat":[36,76],"product_tag":[],"class_list":{"0":"post-12916","1":"product","2":"type-product","3":"status-publish","4":"has-post-thumbnail","6":"product_cat-entre-le-xviiieme-et-le-xixeme-siecle","7":"product_cat-poesie-theatre-prose","8":"sales-flash-overlay","9":"woocommerce-text-align-center","10":"woocommerce-image-align-center","11":"wc-has-gallery","13":"first","14":"instock","15":"taxable","16":"shipping-taxable","17":"purchasable","18":"product-type-simple"},"aioseo_notices":[],"_links":{"self":[{"href":"https:\/\/www.livresentre2actions.fr\/en\/wp-json\/wp\/v2\/product\/12916","targetHints":{"allow":["GET"]}}],"collection":[{"href":"https:\/\/www.livresentre2actions.fr\/en\/wp-json\/wp\/v2\/product"}],"about":[{"href":"https:\/\/www.livresentre2actions.fr\/en\/wp-json\/wp\/v2\/types\/product"}],"wp:featuredmedia":[{"embeddable":true,"href":"https:\/\/www.livresentre2actions.fr\/en\/wp-json\/wp\/v2\/media\/12917"}],"wp:attachment":[{"href":"https:\/\/www.livresentre2actions.fr\/en\/wp-json\/wp\/v2\/media?parent=12916"}],"wp:term":[{"taxonomy":"product_brand","embeddable":true,"href":"https:\/\/www.livresentre2actions.fr\/en\/wp-json\/wp\/v2\/product_brand?post=12916"},{"taxonomy":"product_cat","embeddable":true,"href":"https:\/\/www.livresentre2actions.fr\/en\/wp-json\/wp\/v2\/product_cat?post=12916"},{"taxonomy":"product_tag","embeddable":true,"href":"https:\/\/www.livresentre2actions.fr\/en\/wp-json\/wp\/v2\/product_tag?post=12916"}],"curies":[{"name":"wp","href":"https:\/\/api.w.org\/{rel}","templated":true}]}}