{"id":12836,"date":"2025-05-29T16:56:16","date_gmt":"2025-05-29T14:56:16","guid":{"rendered":"https:\/\/www.livresentre2actions.fr\/?post_type=product&#038;p=12836"},"modified":"2025-08-28T19:07:06","modified_gmt":"2025-08-28T17:07:06","slug":"compte-rendu-des-travaux-de-la-commission-prussienne-des-eboulements","status":"publish","type":"product","link":"https:\/\/www.livresentre2actions.fr\/en\/product\/compte-rendu-des-travaux-de-la-commission-prussienne-des-eboulements\/","title":{"rendered":"Compte-rendu des Travaux de la Commission prussienne des \u00e9boulements"},"content":{"rendered":"<p>M. A. Leroux &#8211; Sans nom [Paris, rue de Chateaudun] Publi\u00e9 par les soins du Comit\u00e9 central des Houill\u00e8res de France<\/p>\n<p>Demi-maroquin chocolat, dos \u00e0 faux-nerfs, orn\u00e9 du titre et en pied de la th\u00e9matique (ancien exemplaire de biblioth\u00e8que), 245 x 163, 1905. 684p. Suivi de 7 tableaux dont6 d\u00e9pliants (int\u00e8gres) et 42 planches (int\u00e8gres). 281 illustrations et tableaux dans et hors texte, dont des reproductions photographiques (1 d\u00e9pliante, avec d\u00e9chirures en marge). Reliure de F\u00e9lix Franc\u00e8s \u00e0 Ixelles. Int\u00e9rieur propre et int\u00e8gre. Ancien exemplaire de biblioth\u00e8que avec 2 tampons au titre, une bande de protection antivol coll\u00e9e en derni\u00e8re page, la m\u00eame coll\u00e9e en pied de plat inf\u00e9rieur ; et un bande adh\u00e9sive en plat sup\u00e9rieur. Coins et champs frott\u00e9s, avec deux coins l\u00e9g\u00e8rement \u00e9mouss\u00e9s, un champ cogn\u00e9 avec un bref repli. Mors frott\u00e9s l\u00e9g\u00e8rement ouverts en t\u00eate et pied. Dos frott\u00e9 avec un manque en queue, et des \u00e9pidermures.<\/p>","protected":false},"excerpt":{"rendered":"<p>M. A. Leroux &#8211; Sans nom [Paris, rue de Chateaudun] Publi\u00e9 par les soins du Comit\u00e9 central des Houill\u00e8res de France Demi-maroquin chocolat, dos \u00e0 faux-nerfs, orn\u00e9 du titre et en pied de la th\u00e9matique (ancien exemplaire de biblioth\u00e8que), 245 x 163, 1905. 684p. Suivi de 7 tableaux dont6 d\u00e9pliants (int\u00e8gres) et 42 planches (int\u00e8gres). &#8230; <a title=\"Compte-rendu des Travaux de la Commission prussienne des \u00e9boulements\" class=\"read-more\" href=\"https:\/\/www.livresentre2actions.fr\/en\/product\/compte-rendu-des-travaux-de-la-commission-prussienne-des-eboulements\/\" aria-label=\"Read more about Compte-rendu des Travaux de la Commission prussienne des \u00e9boulements\">Read more<\/a><\/p>","protected":false},"featured_media":12837,"template":"","meta":{"_eb_attr":""},"product_brand":[],"product_cat":[37,71,69],"product_tag":[86],"class_list":{"0":"post-12836","1":"product","2":"type-product","3":"status-publish","4":"has-post-thumbnail","6":"product_cat-a-partir-du-xxeme-siecle","7":"product_cat-illustres-modernes-editions-originales-signees-numerotees","8":"product_cat-sciences-et-techniques","9":"product_tag-illustre","10":"sales-flash-overlay","11":"woocommerce-text-align-center","12":"woocommerce-image-align-center","13":"wc-has-gallery","15":"first","16":"instock","17":"taxable","18":"shipping-taxable","19":"purchasable","20":"product-type-simple"},"aioseo_notices":[],"_links":{"self":[{"href":"https:\/\/www.livresentre2actions.fr\/en\/wp-json\/wp\/v2\/product\/12836","targetHints":{"allow":["GET"]}}],"collection":[{"href":"https:\/\/www.livresentre2actions.fr\/en\/wp-json\/wp\/v2\/product"}],"about":[{"href":"https:\/\/www.livresentre2actions.fr\/en\/wp-json\/wp\/v2\/types\/product"}],"wp:featuredmedia":[{"embeddable":true,"href":"https:\/\/www.livresentre2actions.fr\/en\/wp-json\/wp\/v2\/media\/12837"}],"wp:attachment":[{"href":"https:\/\/www.livresentre2actions.fr\/en\/wp-json\/wp\/v2\/media?parent=12836"}],"wp:term":[{"taxonomy":"product_brand","embeddable":true,"href":"https:\/\/www.livresentre2actions.fr\/en\/wp-json\/wp\/v2\/product_brand?post=12836"},{"taxonomy":"product_cat","embeddable":true,"href":"https:\/\/www.livresentre2actions.fr\/en\/wp-json\/wp\/v2\/product_cat?post=12836"},{"taxonomy":"product_tag","embeddable":true,"href":"https:\/\/www.livresentre2actions.fr\/en\/wp-json\/wp\/v2\/product_tag?post=12836"}],"curies":[{"name":"wp","href":"https:\/\/api.w.org\/{rel}","templated":true}]}}