{"id":12765,"date":"2025-05-28T17:57:16","date_gmt":"2025-05-28T15:57:16","guid":{"rendered":"https:\/\/www.livresentre2actions.fr\/?post_type=product&#038;p=12765"},"modified":"2025-08-25T14:22:16","modified_gmt":"2025-08-25T12:22:16","slug":"la-pharsale-de-lucain-mr-de-brebeuf","status":"publish","type":"product","link":"https:\/\/www.livresentre2actions.fr\/en\/product\/la-pharsale-de-lucain-mr-de-brebeuf\/","title":{"rendered":"La Pharsale de Lucain &#8211; Mr. de Brebeuf"},"content":{"rendered":"<p>La Pharsale de Lucain, ou les guerres civiles de C\u00e9sar et de Pomp\u00e9e en vers fran\u00e7ois par Mr. de Brebeuf<\/p>\n<p>Arnout Leers [Fran\u00e7ois Foppens, Bruxelles]] &#8211; In-18 plein veau havane 19\u00e8me, dos \u00e0 nerfs tr\u00e8s joliment orn\u00e9 aux caissons, et d\u2019une pi\u00e8ce de titre noire, filets en encadrement des plats, dentelles int\u00e9rieure en bordure des contreplats, plat sup\u00e9rieur aux armes, armes reprises en ex-libris sur maroquin lie de vin en t\u00eate de contreplat sup\u00e9rieur, champs dor\u00e9s, toutes tranches dor\u00e9es, 134 x 81, 375 pp, 1683. Marque \u00e0 la sph\u00e8re au titre qui indique Fran\u00e7ois Foppens en \u00e9diteur sous le nom de Anout Leers. Frontispice et 10 planches grav\u00e9es h.t. Int\u00e9rieur tr\u00e8s bon, tr\u00e8s frais. Mors fendus, \u00e9pidermures marqu\u00e9es en pied de contreplat sup\u00e9rieur et en t\u00eate de contreplat inf\u00e9rieur. Dos en tr\u00e8s bel \u00e9tat.<\/p>","protected":false},"excerpt":{"rendered":"<p>La Pharsale de Lucain, ou les guerres civiles de C\u00e9sar et de Pomp\u00e9e en vers fran\u00e7ois par Mr. de Brebeuf Arnout Leers [Fran\u00e7ois Foppens, Bruxelles]] &#8211; In-18 plein veau havane 19\u00e8me, dos \u00e0 nerfs tr\u00e8s joliment orn\u00e9 aux caissons, et d\u2019une pi\u00e8ce de titre noire, filets en encadrement des plats, dentelles int\u00e9rieure en bordure des &#8230; <a title=\"La Pharsale de Lucain &#8211; Mr. de Brebeuf\" class=\"read-more\" href=\"https:\/\/www.livresentre2actions.fr\/en\/product\/la-pharsale-de-lucain-mr-de-brebeuf\/\" aria-label=\"Read more about La Pharsale de Lucain &#8211; Mr. de Brebeuf\">Read more<\/a><\/p>","protected":false},"featured_media":12766,"template":"","meta":{"_eb_attr":""},"product_brand":[],"product_cat":[35,71,73,76],"product_tag":[],"class_list":{"0":"post-12765","1":"product","2":"type-product","3":"status-publish","4":"has-post-thumbnail","6":"product_cat-jusquau-xviiemesiecle","7":"product_cat-illustres-modernes-editions-originales-signees-numerotees","8":"product_cat-histoires-et-recits-de-voyage","9":"product_cat-poesie-theatre-prose","10":"sales-flash-overlay","11":"woocommerce-text-align-center","12":"woocommerce-image-align-center","13":"wc-has-gallery","15":"first","16":"instock","17":"taxable","18":"shipping-taxable","19":"purchasable","20":"product-type-simple"},"aioseo_notices":[],"_links":{"self":[{"href":"https:\/\/www.livresentre2actions.fr\/en\/wp-json\/wp\/v2\/product\/12765","targetHints":{"allow":["GET"]}}],"collection":[{"href":"https:\/\/www.livresentre2actions.fr\/en\/wp-json\/wp\/v2\/product"}],"about":[{"href":"https:\/\/www.livresentre2actions.fr\/en\/wp-json\/wp\/v2\/types\/product"}],"wp:featuredmedia":[{"embeddable":true,"href":"https:\/\/www.livresentre2actions.fr\/en\/wp-json\/wp\/v2\/media\/12766"}],"wp:attachment":[{"href":"https:\/\/www.livresentre2actions.fr\/en\/wp-json\/wp\/v2\/media?parent=12765"}],"wp:term":[{"taxonomy":"product_brand","embeddable":true,"href":"https:\/\/www.livresentre2actions.fr\/en\/wp-json\/wp\/v2\/product_brand?post=12765"},{"taxonomy":"product_cat","embeddable":true,"href":"https:\/\/www.livresentre2actions.fr\/en\/wp-json\/wp\/v2\/product_cat?post=12765"},{"taxonomy":"product_tag","embeddable":true,"href":"https:\/\/www.livresentre2actions.fr\/en\/wp-json\/wp\/v2\/product_tag?post=12765"}],"curies":[{"name":"wp","href":"https:\/\/api.w.org\/{rel}","templated":true}]}}