{"id":12749,"date":"2025-05-28T17:48:12","date_gmt":"2025-05-28T15:48:12","guid":{"rendered":"https:\/\/www.livresentre2actions.fr\/?post_type=product&#038;p=12749"},"modified":"2025-08-27T11:41:09","modified_gmt":"2025-08-27T09:41:09","slug":"les-chansons-de-bilitis-pierre-louys-notor","status":"publish","type":"product","link":"https:\/\/www.livresentre2actions.fr\/en\/product\/les-chansons-de-bilitis-pierre-louys-notor\/","title":{"rendered":"Les chansons de Bilitis &#8211; Pierre Lou\u00ffs \/ Notor"},"content":{"rendered":"<p>Charpentier et Fasquelle &#8211; Demi-chagrin \u00e0 coins, \u00e0 petits grains, chocolat, plats liser\u00e9s, dos liser\u00e9, orn\u00e9 des titre et auteur et d\u2019un tr\u00e8s joli motif dans le go\u00fbt art nouveau, avec fleurons rouges estamp\u00e9s\/mosa\u00efqu\u00e9s, tranche de t\u00eate dor\u00e9e, couvertures conserv\u00e9es, signet, 185 x 120, 356p. 1928. Edition orn\u00e9e de 300 gravures par Notor, d\u2019apr\u00e8s des documents authentiques des mus\u00e9es d\u2019Europe. Except\u00e9 de l\u00e9g\u00e8res rousseurs en feuillets de garde avant le texte, int\u00e9rieur tr\u00e8s bon, propre et int\u00e8gre. Reliure en tr\u00e8s bel \u00e9tat, dos un peu \u00e9clairci. Bel exemplaire bien ferme.<\/p>","protected":false},"excerpt":{"rendered":"<p>Charpentier et Fasquelle &#8211; Demi-chagrin \u00e0 coins, \u00e0 petits grains, chocolat, plats liser\u00e9s, dos liser\u00e9, orn\u00e9 des titre et auteur et d\u2019un tr\u00e8s joli motif dans le go\u00fbt art nouveau, avec fleurons rouges estamp\u00e9s\/mosa\u00efqu\u00e9s, tranche de t\u00eate dor\u00e9e, couvertures conserv\u00e9es, signet, 185 x 120, 356p. 1928. Edition orn\u00e9e de 300 gravures par Notor, d\u2019apr\u00e8s des &#8230; <a title=\"Les chansons de Bilitis &#8211; Pierre Lou\u00ffs \/ Notor\" class=\"read-more\" href=\"https:\/\/www.livresentre2actions.fr\/en\/product\/les-chansons-de-bilitis-pierre-louys-notor\/\" aria-label=\"Read more about Les chansons de Bilitis &#8211; Pierre Lou\u00ffs \/ Notor\">Read more<\/a><\/p>","protected":false},"featured_media":12751,"template":"","meta":{"_eb_attr":""},"product_brand":[],"product_cat":[37,75,84,71,76],"product_tag":[86],"class_list":{"0":"post-12749","1":"product","2":"type-product","3":"status-publish","4":"has-post-thumbnail","6":"product_cat-a-partir-du-xxeme-siecle","7":"product_cat-art","8":"product_cat-curiosa","9":"product_cat-illustres-modernes-editions-originales-signees-numerotees","10":"product_cat-poesie-theatre-prose","11":"product_tag-illustre","12":"sales-flash-overlay","13":"woocommerce-text-align-center","14":"woocommerce-image-align-center","15":"wc-has-gallery","17":"first","18":"instock","19":"taxable","20":"shipping-taxable","21":"purchasable","22":"product-type-simple"},"aioseo_notices":[],"_links":{"self":[{"href":"https:\/\/www.livresentre2actions.fr\/en\/wp-json\/wp\/v2\/product\/12749","targetHints":{"allow":["GET"]}}],"collection":[{"href":"https:\/\/www.livresentre2actions.fr\/en\/wp-json\/wp\/v2\/product"}],"about":[{"href":"https:\/\/www.livresentre2actions.fr\/en\/wp-json\/wp\/v2\/types\/product"}],"wp:featuredmedia":[{"embeddable":true,"href":"https:\/\/www.livresentre2actions.fr\/en\/wp-json\/wp\/v2\/media\/12751"}],"wp:attachment":[{"href":"https:\/\/www.livresentre2actions.fr\/en\/wp-json\/wp\/v2\/media?parent=12749"}],"wp:term":[{"taxonomy":"product_brand","embeddable":true,"href":"https:\/\/www.livresentre2actions.fr\/en\/wp-json\/wp\/v2\/product_brand?post=12749"},{"taxonomy":"product_cat","embeddable":true,"href":"https:\/\/www.livresentre2actions.fr\/en\/wp-json\/wp\/v2\/product_cat?post=12749"},{"taxonomy":"product_tag","embeddable":true,"href":"https:\/\/www.livresentre2actions.fr\/en\/wp-json\/wp\/v2\/product_tag?post=12749"}],"curies":[{"name":"wp","href":"https:\/\/api.w.org\/{rel}","templated":true}]}}