{"id":12738,"date":"2025-05-28T17:35:27","date_gmt":"2025-05-28T15:35:27","guid":{"rendered":"https:\/\/www.livresentre2actions.fr\/?post_type=product&#038;p=12738"},"modified":"2025-08-27T11:40:53","modified_gmt":"2025-08-27T09:40:53","slug":"lorgie-latine-felicien-champsaur","status":"publish","type":"product","link":"https:\/\/www.livresentre2actions.fr\/en\/product\/lorgie-latine-felicien-champsaur\/","title":{"rendered":"L\u2019orgie latine &#8211; F\u00e9licien Champsaur"},"content":{"rendered":"<p>Eug\u00e8ne Fasquelle \u00e9diteur &#8211; Demi-maroquin olive, plats marbr\u00e9s verts et liser\u00e9s, dos \u00e0 faux-nerfs orn\u00e9 des titre et auteur, fleuronn\u00e9s et mosa\u00efqu\u00e9s rouge, signet, 206 x 142, 354p. Avec table. 1903. Edition originale sur papier courant (apr\u00e8s les 50 num\u00e9rot\u00e9s sur Hollande). Illustrations par Auguste Leroux. Pr\u00e9c\u00e9d\u00e9 de La luxure dans la vie, les lettres et les arts, pagin\u00e9 II \u2013 XX, avec motifs floraux rouges en t\u00eate de paragraphes, lettrine. L\u2019illustration du texte se compose de 32 pleines page (31 couleur), nombreux dessins dans le texte en noir et rouge en vignettes, culs-de-lampe, ent\u00eates\u2026 Int\u00e9rieur tr\u00e8s propre, on note pour les pages 5-15 un d\u00e9calage d\u00fb \u00e0 un rel\u00e2chement de la brochure en t\u00eate. Les deux premi\u00e8res pages du pr\u00e9ambule sur la Luxure pr\u00e9sentent une corne et une d\u00e9chirure sans manque en marge ext\u00e9rieure lat\u00e9rale. Coins et champs frott\u00e9s mais bons. Quelques l\u00e9gers frottements \u00e0 la reliure, mais dos en tr\u00e8s bel \u00e9tat. Bel exemplaire.<\/p>","protected":false},"excerpt":{"rendered":"<p>Eug\u00e8ne Fasquelle \u00e9diteur &#8211; Demi-maroquin olive, plats marbr\u00e9s verts et liser\u00e9s, dos \u00e0 faux-nerfs orn\u00e9 des titre et auteur, fleuronn\u00e9s et mosa\u00efqu\u00e9s rouge, signet, 206 x 142, 354p. Avec table. 1903. Edition originale sur papier courant (apr\u00e8s les 50 num\u00e9rot\u00e9s sur Hollande). Illustrations par Auguste Leroux. Pr\u00e9c\u00e9d\u00e9 de La luxure dans la vie, les lettres &#8230; <a title=\"L\u2019orgie latine &#8211; F\u00e9licien Champsaur\" class=\"read-more\" href=\"https:\/\/www.livresentre2actions.fr\/en\/product\/lorgie-latine-felicien-champsaur\/\" aria-label=\"Read more about L\u2019orgie latine &#8211; F\u00e9licien Champsaur\">Read more<\/a><\/p>","protected":false},"featured_media":12739,"template":"","meta":{"_eb_attr":""},"product_brand":[],"product_cat":[37,84,71,76],"product_tag":[86],"class_list":{"0":"post-12738","1":"product","2":"type-product","3":"status-publish","4":"has-post-thumbnail","6":"product_cat-a-partir-du-xxeme-siecle","7":"product_cat-curiosa","8":"product_cat-illustres-modernes-editions-originales-signees-numerotees","9":"product_cat-poesie-theatre-prose","10":"product_tag-illustre","11":"sales-flash-overlay","12":"woocommerce-text-align-center","13":"woocommerce-image-align-center","14":"wc-has-gallery","16":"first","17":"instock","18":"taxable","19":"shipping-taxable","20":"purchasable","21":"product-type-simple"},"aioseo_notices":[],"_links":{"self":[{"href":"https:\/\/www.livresentre2actions.fr\/en\/wp-json\/wp\/v2\/product\/12738","targetHints":{"allow":["GET"]}}],"collection":[{"href":"https:\/\/www.livresentre2actions.fr\/en\/wp-json\/wp\/v2\/product"}],"about":[{"href":"https:\/\/www.livresentre2actions.fr\/en\/wp-json\/wp\/v2\/types\/product"}],"wp:featuredmedia":[{"embeddable":true,"href":"https:\/\/www.livresentre2actions.fr\/en\/wp-json\/wp\/v2\/media\/12739"}],"wp:attachment":[{"href":"https:\/\/www.livresentre2actions.fr\/en\/wp-json\/wp\/v2\/media?parent=12738"}],"wp:term":[{"taxonomy":"product_brand","embeddable":true,"href":"https:\/\/www.livresentre2actions.fr\/en\/wp-json\/wp\/v2\/product_brand?post=12738"},{"taxonomy":"product_cat","embeddable":true,"href":"https:\/\/www.livresentre2actions.fr\/en\/wp-json\/wp\/v2\/product_cat?post=12738"},{"taxonomy":"product_tag","embeddable":true,"href":"https:\/\/www.livresentre2actions.fr\/en\/wp-json\/wp\/v2\/product_tag?post=12738"}],"curies":[{"name":"wp","href":"https:\/\/api.w.org\/{rel}","templated":true}]}}