{"id":12720,"date":"2025-05-27T16:12:01","date_gmt":"2025-05-27T14:12:01","guid":{"rendered":"https:\/\/www.livresentre2actions.fr\/?post_type=product&#038;p=12720"},"modified":"2025-08-27T11:39:22","modified_gmt":"2025-08-27T09:39:22","slug":"summa-theologica-s-thomae-aquinatis","status":"publish","type":"product","link":"https:\/\/www.livresentre2actions.fr\/en\/product\/summa-theologica-s-thomae-aquinatis\/","title":{"rendered":"Summa theologica &#8211; S. Thomae Aquinatis"},"content":{"rendered":"<p>Summa theologica, Tomus I \u00e0 V, plus un volume d\u2019Index (Tomus VI)<\/p>\n<p>S. Thomae Aquinatis &#8211; Ex-officina Libraria Marietti &#8211; Reliure demi-maroquin brun, \u00e0 plats chagrins dos \u00e0 faux-nerfs, orn\u00e9 des titre, auteur, tomaison, reliure sign\u00e9e Leplat (Tournai\u00a0; une \u00e9tiquette en t\u00eate de contreplat sup\u00e9rieur), 223 x 153, 1932. Diligenter emendata de Rubeis, Billuart, et Aliorum. Notis slectis ornata. Texte sur deux colonnes. T1, Pars Ia, 768p. Avec index. T2, Pars 1a 2ae, 732p. Avec index. T3, Pars 2a 2ae, a Qu. I. usque ad Qu.CXXIII, 700p. Avec index. T4, Pars 2a 2ae a Qu. CXXIV. Ad finem. Pars 3a a Qu. I ad LXII, 819p. T5, Pars 3a, a Qu. LXIII ad finem, et Supplementum 3ae partis. 824p. Avec index. Un volume Indices et Lexicon, tomus sectus. Indices, 438p. Lexixon, Joseph Zamae Mellinio, 41p. Pour les six volumes, int\u00e9rieur propre et int\u00e8gre. Reliures l\u00e9g\u00e8rement frott\u00e9es, dos l\u00e9g\u00e8rement insol\u00e9s par rapport aux plats, avec quelques \u00e9pidermures, mais tr\u00e8s bel \u00e9tat g\u00e9n\u00e9ral des reliures. Un champ l\u00e9g\u00e8rement cogn\u00e9 (T1). Bel ensemble uniforme, complet en six volumes.<\/p>","protected":false},"excerpt":{"rendered":"<p>Summa theologica, Tomus I \u00e0 V, plus un volume d\u2019Index (Tomus VI) S. Thomae Aquinatis &#8211; Ex-officina Libraria Marietti &#8211; Reliure demi-maroquin brun, \u00e0 plats chagrins dos \u00e0 faux-nerfs, orn\u00e9 des titre, auteur, tomaison, reliure sign\u00e9e Leplat (Tournai\u00a0; une \u00e9tiquette en t\u00eate de contreplat sup\u00e9rieur), 223 x 153, 1932. Diligenter emendata de Rubeis, Billuart, et &#8230; <a title=\"Summa theologica &#8211; S. Thomae Aquinatis\" class=\"read-more\" href=\"https:\/\/www.livresentre2actions.fr\/en\/product\/summa-theologica-s-thomae-aquinatis\/\" aria-label=\"Read more about Summa theologica &#8211; S. Thomae Aquinatis\">Read more<\/a><\/p>","protected":false},"featured_media":12721,"template":"","meta":{"_eb_attr":""},"product_brand":[],"product_cat":[37,68],"product_tag":[95],"class_list":{"0":"post-12720","1":"product","2":"type-product","3":"status-publish","4":"has-post-thumbnail","6":"product_cat-a-partir-du-xxeme-siecle","7":"product_cat-religion-spiritualite","8":"product_tag-reliure","9":"sales-flash-overlay","10":"woocommerce-text-align-center","11":"woocommerce-image-align-center","12":"wc-has-gallery","14":"first","15":"instock","16":"taxable","17":"shipping-taxable","18":"purchasable","19":"product-type-simple"},"aioseo_notices":[],"_links":{"self":[{"href":"https:\/\/www.livresentre2actions.fr\/en\/wp-json\/wp\/v2\/product\/12720","targetHints":{"allow":["GET"]}}],"collection":[{"href":"https:\/\/www.livresentre2actions.fr\/en\/wp-json\/wp\/v2\/product"}],"about":[{"href":"https:\/\/www.livresentre2actions.fr\/en\/wp-json\/wp\/v2\/types\/product"}],"wp:featuredmedia":[{"embeddable":true,"href":"https:\/\/www.livresentre2actions.fr\/en\/wp-json\/wp\/v2\/media\/12721"}],"wp:attachment":[{"href":"https:\/\/www.livresentre2actions.fr\/en\/wp-json\/wp\/v2\/media?parent=12720"}],"wp:term":[{"taxonomy":"product_brand","embeddable":true,"href":"https:\/\/www.livresentre2actions.fr\/en\/wp-json\/wp\/v2\/product_brand?post=12720"},{"taxonomy":"product_cat","embeddable":true,"href":"https:\/\/www.livresentre2actions.fr\/en\/wp-json\/wp\/v2\/product_cat?post=12720"},{"taxonomy":"product_tag","embeddable":true,"href":"https:\/\/www.livresentre2actions.fr\/en\/wp-json\/wp\/v2\/product_tag?post=12720"}],"curies":[{"name":"wp","href":"https:\/\/api.w.org\/{rel}","templated":true}]}}