{"id":12708,"date":"2025-05-27T16:02:28","date_gmt":"2025-05-27T14:02:28","guid":{"rendered":"https:\/\/www.livresentre2actions.fr\/?post_type=product&#038;p=12708"},"modified":"2026-03-07T19:38:30","modified_gmt":"2026-03-07T18:38:30","slug":"the-poetical-works-of-dr-john-donne","status":"publish","type":"product","link":"https:\/\/www.livresentre2actions.fr\/en\/product\/the-poetical-works-of-dr-john-donne\/","title":{"rendered":"The poetical Works of Dr. John Donne"},"content":{"rendered":"<p>The poetical Works of Dr. John Donne. In three volumes with the Life of the Author. 3 tomes en un volume. Complet<\/p>\n<p>John Donne &#8211; G. Cawthorn<\/p>\n<p>Tr\u00e8s belle reliure anglaise en pleine basane oliv\u00e2tre et l\u00e9g\u00e8rement racin\u00e9e, \u00e0 dos long, orn\u00e9 du titre et de liser\u00e9s, signet vert, 124 x 86, 1799, pagination s\u00e9par\u00e9 pour chaque tome. Vol. I, containing his Satires and Epithalamions, 168p. Avec index. Vol. II. Containing his Songs, Sonnets, divine Poems, &amp; Epigrams. 168P\u00a0; avec index. Vol. III. Containing his Elegies, funeral Elegies, Letters, etc. 1800. 190p. Hors index. Comprend 4 gravures\u00a0: un frontispice g\u00e9n\u00e9ral, le portrait de John Donne, grav\u00e9 par Thomas Cook. Et un frontispice \u00ab\u00a0Bell&rsquo;s edition: the poets of Great Britain\u00a0\u00bb pour chaque titre des trois volumes\u00a0: une sc\u00e8ne des satires avec le po\u00e8te, dessin\u00e9e par Stadhart (?) et grav\u00e9e par Delattre\u00a0(V.1), dat\u00e9e de 1779\u00a0; une sc\u00e8ne avec des anges \u00ab\u00a0Blow your Trumpets Angels\u00a0\u00bb non sign\u00e9e car marge coup\u00e9e courte\u00a0; enfin, une sc\u00e8ne illustrant une histoire, dessin\u00e9e par Stadhart et grav\u00e9e par Charles Grignion, 1779. Int\u00e9rieur tr\u00e8s frais, propre. Reliure en tr\u00e8s bel \u00e9tat, bien qu\u2019insol\u00e9e\u00a0au dos surtout. Des \u00e9pidermures en champs et coins. Quelques l\u00e9g\u00e8res passes en plats. Dos tr\u00e8s bon. Tr\u00e8s bel exemplaire<\/p>","protected":false},"excerpt":{"rendered":"<p>The poetical Works of Dr. John Donne. In three volumes with the Life of the Author. 3 tomes en un volume. Complet John Donne &#8211; G. Cawthorn Tr\u00e8s belle reliure anglaise en pleine basane oliv\u00e2tre et l\u00e9g\u00e8rement racin\u00e9e, \u00e0 dos long, orn\u00e9 du titre et de liser\u00e9s, signet vert, 124 x 86, 1799, pagination s\u00e9par\u00e9 &#8230; <a title=\"The poetical Works of Dr. John Donne\" class=\"read-more\" href=\"https:\/\/www.livresentre2actions.fr\/en\/product\/the-poetical-works-of-dr-john-donne\/\" aria-label=\"Read more about The poetical Works of Dr. John Donne\">Read more<\/a><\/p>","protected":false},"featured_media":0,"template":"","meta":{"_eb_attr":""},"product_brand":[],"product_cat":[36,71,76],"product_tag":[94],"class_list":{"0":"post-12708","1":"product","2":"type-product","3":"status-publish","5":"product_cat-entre-le-xviiieme-et-le-xixeme-siecle","6":"product_cat-illustres-modernes-editions-originales-signees-numerotees","7":"product_cat-poesie-theatre-prose","8":"product_tag-provenance","9":"sales-flash-overlay","10":"woocommerce-text-align-center","11":"woocommerce-image-align-center","13":"first","14":"outofstock","15":"taxable","16":"shipping-taxable","17":"purchasable","18":"product-type-simple"},"aioseo_notices":[],"_links":{"self":[{"href":"https:\/\/www.livresentre2actions.fr\/en\/wp-json\/wp\/v2\/product\/12708","targetHints":{"allow":["GET"]}}],"collection":[{"href":"https:\/\/www.livresentre2actions.fr\/en\/wp-json\/wp\/v2\/product"}],"about":[{"href":"https:\/\/www.livresentre2actions.fr\/en\/wp-json\/wp\/v2\/types\/product"}],"wp:attachment":[{"href":"https:\/\/www.livresentre2actions.fr\/en\/wp-json\/wp\/v2\/media?parent=12708"}],"wp:term":[{"taxonomy":"product_brand","embeddable":true,"href":"https:\/\/www.livresentre2actions.fr\/en\/wp-json\/wp\/v2\/product_brand?post=12708"},{"taxonomy":"product_cat","embeddable":true,"href":"https:\/\/www.livresentre2actions.fr\/en\/wp-json\/wp\/v2\/product_cat?post=12708"},{"taxonomy":"product_tag","embeddable":true,"href":"https:\/\/www.livresentre2actions.fr\/en\/wp-json\/wp\/v2\/product_tag?post=12708"}],"curies":[{"name":"wp","href":"https:\/\/api.w.org\/{rel}","templated":true}]}}