{"id":12677,"date":"2025-05-27T15:24:18","date_gmt":"2025-05-27T13:24:18","guid":{"rendered":"https:\/\/www.livresentre2actions.fr\/?post_type=product&#038;p=12677"},"modified":"2025-08-28T18:40:11","modified_gmt":"2025-08-28T16:40:11","slug":"adeisidaemon-sive-titus-livius-a-vsuperstitione-vindicatus","status":"publish","type":"product","link":"https:\/\/www.livresentre2actions.fr\/en\/product\/adeisidaemon-sive-titus-livius-a-vsuperstitione-vindicatus\/","title":{"rendered":"Adeisidaemon sive titus livius a vsuperstitione vindicatus"},"content":{"rendered":"<p>Adeisidaemon sive titus livius a vsuperstitione vindicatus in qua dissertatione probatur, Livium historicum in sacris, prodigiis, &amp; ostentis romanorum enarrandis, haudquaquam fuisse credulum aut superstitiosum; ipsamque superstitionem non minus reipubliquae (si non magis) exitiosam esse, quam purum putum atheismum. Annexae sunt ejusdem Origines Judaicae<\/p>\n<p>J. Tolando [John Toland] &#8211; Hagae-Comitis, Apud Thomam Johnson<\/p>\n<p>Plein veau, dos \u00e0 cinq nerfs orn\u00e9 d\u2019une pi\u00e8ce de titre (effac\u00e9e) et d\u00e9cor\u00e9s aux caissons, 168 x 105, 199p. 1709. Premi\u00e8re \u00e9dition. Titre et faux-titre en rouge et noir ; bandeaux et initiales grav\u00e9s sur bois.<\/p>\n<p>Comprend : Epistola ad Antonium Collinum [Anthony Collins (1676-1729),ami de Toland et de Locke], 17p. Puis la premi\u00e8re partie Adeisidemon sive titus livis\u2026 97p.<\/p>\n<p>Suivi de Origines judaicae sive strabonis de Moyse et religione judaica historia, beviter illustrata, pagin\u00e9 101 \u00e0 fin ; suivi d\u2019un errata.<\/p>\n<p>Ex-libris au faux-titre : Paulus Cassel, possiblement [Paulus Stephanus Cassel, juif allemand converti au christianisme et missionnaire]. Les notes bibliographiques latines qui noircissent le contreplat sup\u00e9rieur et le verso de la seconde garde sont de la m\u00eame main et sans doute de Paulus Cassel : il s\u2019agit essentiellement de r\u00e9f\u00e9rences bibliographiques autour de l\u2019\u0153uvre de Toland et de la religion.<\/p>\n<p>Par ailleurs, int\u00e9rieur propre et int\u00e8gre. Reliure frott\u00e9e, coins \u00e9mouss\u00e9s. Dos frott\u00e9, coiffe aras\u00e9e.<\/p>\n<p>Dans le premier texte, L\u2019Aideisidaemon, \u201cThe Unsuperstitious Man\u201d, Toland met sur le m\u00eame plan religion et superstition.<\/p>\n<p>Dans le second, Toland pr\u00e9tend que Mo\u00efse lors de l\u2019exode imposa au peuple juif un \u00c9tat et une religion fond\u00e9e sur le panth\u00e9isme. Le peuple juif ne lui apparaissait pas comme l\u2019initiateur du monoth\u00e9isme. La continuit\u00e9 entre juda\u00efsme et christianisme, entre histoire sainte et histoire profane, \u00e9tait rompue.<\/p>\n<p>Disciple de Locke, John Toland (1670-1722) est un philosophe irlandais libre penseur, et fut la premi\u00e8re personne qualifi\u00e9e de freethinker par l\u2019\u00e9v\u00eaque Berkeley. Traducteur de Giordano Bruno, il \u00e9crivit \u00e9galement le Pantheisticon, ouvrage dans lequel appara\u00eet pour la premi\u00e8re fois le terme \u00ab panth\u00e9sime \u00bb. Bien que ce soit d\u00e9sormais fort douteux, il aurait rassembl\u00e9 en 1717 les druides d&rsquo;Angleterre et d&rsquo;Irlande ayant surv\u00e9cu aux pers\u00e9cutions chr\u00e9tiennes, pour fonder le Druid Order. A la suite de la publication de son livre Christianity Not Mysterious en 1697, il dut s\u2019exiler en Angleterre, et ce livre fameux fut br\u00fbl\u00e9 en place publique. Le baron d\u2019Hollbach fut l\u2019un des traducteurs de Toland. (sources : wikip. et deproyart.com)<\/p>","protected":false},"excerpt":{"rendered":"<p>Adeisidaemon sive titus livius a vsuperstitione vindicatus in qua dissertatione probatur, Livium historicum in sacris, prodigiis, &amp; ostentis romanorum enarrandis, haudquaquam fuisse credulum aut superstitiosum; ipsamque superstitionem non minus reipubliquae (si non magis) exitiosam esse, quam purum putum atheismum. Annexae sunt ejusdem Origines Judaicae J. Tolando [John Toland] &#8211; Hagae-Comitis, Apud Thomam Johnson Plein veau, &#8230; <a title=\"Adeisidaemon sive titus livius a vsuperstitione vindicatus\" class=\"read-more\" href=\"https:\/\/www.livresentre2actions.fr\/en\/product\/adeisidaemon-sive-titus-livius-a-vsuperstitione-vindicatus\/\" aria-label=\"Read more about Adeisidaemon sive titus livius a vsuperstitione vindicatus\">Read more<\/a><\/p>","protected":false},"featured_media":12678,"template":"","meta":{"_eb_attr":""},"product_brand":[],"product_cat":[35,71,73,68],"product_tag":[94],"class_list":{"0":"post-12677","1":"product","2":"type-product","3":"status-publish","4":"has-post-thumbnail","6":"product_cat-jusquau-xviiemesiecle","7":"product_cat-illustres-modernes-editions-originales-signees-numerotees","8":"product_cat-histoires-et-recits-de-voyage","9":"product_cat-religion-spiritualite","10":"product_tag-provenance","11":"sales-flash-overlay","12":"woocommerce-text-align-center","13":"woocommerce-image-align-center","14":"wc-has-gallery","16":"first","17":"instock","18":"taxable","19":"shipping-taxable","20":"purchasable","21":"product-type-simple"},"aioseo_notices":[],"_links":{"self":[{"href":"https:\/\/www.livresentre2actions.fr\/en\/wp-json\/wp\/v2\/product\/12677","targetHints":{"allow":["GET"]}}],"collection":[{"href":"https:\/\/www.livresentre2actions.fr\/en\/wp-json\/wp\/v2\/product"}],"about":[{"href":"https:\/\/www.livresentre2actions.fr\/en\/wp-json\/wp\/v2\/types\/product"}],"wp:featuredmedia":[{"embeddable":true,"href":"https:\/\/www.livresentre2actions.fr\/en\/wp-json\/wp\/v2\/media\/12678"}],"wp:attachment":[{"href":"https:\/\/www.livresentre2actions.fr\/en\/wp-json\/wp\/v2\/media?parent=12677"}],"wp:term":[{"taxonomy":"product_brand","embeddable":true,"href":"https:\/\/www.livresentre2actions.fr\/en\/wp-json\/wp\/v2\/product_brand?post=12677"},{"taxonomy":"product_cat","embeddable":true,"href":"https:\/\/www.livresentre2actions.fr\/en\/wp-json\/wp\/v2\/product_cat?post=12677"},{"taxonomy":"product_tag","embeddable":true,"href":"https:\/\/www.livresentre2actions.fr\/en\/wp-json\/wp\/v2\/product_tag?post=12677"}],"curies":[{"name":"wp","href":"https:\/\/api.w.org\/{rel}","templated":true}]}}