{"id":12593,"date":"2025-05-23T16:32:06","date_gmt":"2025-05-23T14:32:06","guid":{"rendered":"https:\/\/www.livresentre2actions.fr\/?post_type=product&#038;p=12593"},"modified":"2025-08-27T11:37:49","modified_gmt":"2025-08-27T09:37:49","slug":"pages-choisies-de-ruy-barbosa-ecrivain-orateur-homme-detat-bresilien","status":"publish","type":"product","link":"https:\/\/www.livresentre2actions.fr\/en\/product\/pages-choisies-de-ruy-barbosa-ecrivain-orateur-homme-detat-bresilien\/","title":{"rendered":"Pages choisies de Ruy Barbosa. \u00c9crivain, orateur, homme d\u2019\u00e9tat br\u00e9silien"},"content":{"rendered":"<p>F. Briguiet &amp; Cie \u00e9diteur<\/p>\n<p>Demi-basane havane \u00e0 coins, dos \u00e0 faux nerfs, orn\u00e9 dans un style art avec deux caissons \u00e0 liser\u00e9s, et \u00e0 triple motif g\u00e9om\u00e9trique\u00a0 bicolore\u00a0 (noir et rouge) et dor\u00e9 compos\u00e9 d\u2019un coeur surmont\u00e9 d\u2019une croix, et d\u2019une coquille rouge. Trois petits fers dans le caisson central l\u2019orne d\u2019un encrier central entre deux motifs floraux. Couvertures conserv\u00e9es. 258 x 167, 299p. Hors table. 1928. Rio-de-Janeiro. Edition originale tir\u00e9e \u00e0 48 exemplaires num\u00e9rot\u00e9s, ici le n\u00b039, sur papier \u00e0 la forme des papeteries d\u2019arches, sign\u00e9 de Mario de Lima Barboza et de l\u2019\u00e9diteur. Sign\u00e9 de Ruy Barbosa sous son adresse \u00e0 la France. Et sous portrait en frontispice, photographie sign\u00e9e Pirou [Louis-Eug\u00e8ne] et Mascr\u00e9. Traduit par Cl\u00e9ment Gazet, et pr\u00e9fac\u00e9 par Paul Deschanel. Int\u00e9rieur tr\u00e8s bon, propre et int\u00e8gre. L\u00e9g\u00e8res rousseurs aux premi\u00e8res et derni\u00e8re pages, frontispice, serpente, et titre. Coins et champs frott\u00e9s. Dos frott\u00e9 en coiffe et queue\u00a0 avec \u00e9pidermures. Tr\u00e8s bel exemplaire.<\/p>\n<p>&nbsp;<\/p>","protected":false},"excerpt":{"rendered":"<p>F. Briguiet &amp; Cie \u00e9diteur Demi-basane havane \u00e0 coins, dos \u00e0 faux nerfs, orn\u00e9 dans un style art avec deux caissons \u00e0 liser\u00e9s, et \u00e0 triple motif g\u00e9om\u00e9trique\u00a0 bicolore\u00a0 (noir et rouge) et dor\u00e9 compos\u00e9 d\u2019un coeur surmont\u00e9 d\u2019une croix, et d\u2019une coquille rouge. Trois petits fers dans le caisson central l\u2019orne d\u2019un encrier central &#8230; <a title=\"Pages choisies de Ruy Barbosa. \u00c9crivain, orateur, homme d\u2019\u00e9tat br\u00e9silien\" class=\"read-more\" href=\"https:\/\/www.livresentre2actions.fr\/en\/product\/pages-choisies-de-ruy-barbosa-ecrivain-orateur-homme-detat-bresilien\/\" aria-label=\"Read more about Pages choisies de Ruy Barbosa. \u00c9crivain, orateur, homme d\u2019\u00e9tat br\u00e9silien\">Read more<\/a><\/p>","protected":false},"featured_media":12594,"template":"","meta":{"_eb_attr":""},"product_brand":[],"product_cat":[37,71,73,76],"product_tag":[87],"class_list":{"0":"post-12593","1":"product","2":"type-product","3":"status-publish","4":"has-post-thumbnail","6":"product_cat-a-partir-du-xxeme-siecle","7":"product_cat-illustres-modernes-editions-originales-signees-numerotees","8":"product_cat-histoires-et-recits-de-voyage","9":"product_cat-poesie-theatre-prose","10":"product_tag-signe","11":"sales-flash-overlay","12":"woocommerce-text-align-center","13":"woocommerce-image-align-center","14":"wc-has-gallery","16":"first","17":"instock","18":"taxable","19":"shipping-taxable","20":"purchasable","21":"product-type-simple"},"aioseo_notices":[],"_links":{"self":[{"href":"https:\/\/www.livresentre2actions.fr\/en\/wp-json\/wp\/v2\/product\/12593","targetHints":{"allow":["GET"]}}],"collection":[{"href":"https:\/\/www.livresentre2actions.fr\/en\/wp-json\/wp\/v2\/product"}],"about":[{"href":"https:\/\/www.livresentre2actions.fr\/en\/wp-json\/wp\/v2\/types\/product"}],"wp:featuredmedia":[{"embeddable":true,"href":"https:\/\/www.livresentre2actions.fr\/en\/wp-json\/wp\/v2\/media\/12594"}],"wp:attachment":[{"href":"https:\/\/www.livresentre2actions.fr\/en\/wp-json\/wp\/v2\/media?parent=12593"}],"wp:term":[{"taxonomy":"product_brand","embeddable":true,"href":"https:\/\/www.livresentre2actions.fr\/en\/wp-json\/wp\/v2\/product_brand?post=12593"},{"taxonomy":"product_cat","embeddable":true,"href":"https:\/\/www.livresentre2actions.fr\/en\/wp-json\/wp\/v2\/product_cat?post=12593"},{"taxonomy":"product_tag","embeddable":true,"href":"https:\/\/www.livresentre2actions.fr\/en\/wp-json\/wp\/v2\/product_tag?post=12593"}],"curies":[{"name":"wp","href":"https:\/\/api.w.org\/{rel}","templated":true}]}}