{"id":12546,"date":"2025-05-23T15:47:13","date_gmt":"2025-05-23T13:47:13","guid":{"rendered":"https:\/\/www.livresentre2actions.fr\/?post_type=product&#038;p=12546"},"modified":"2026-03-07T19:29:43","modified_gmt":"2026-03-07T18:29:43","slug":"ludovico-magno-panegyricus-joh-antonio-mediobarbo","status":"publish","type":"product","link":"https:\/\/www.livresentre2actions.fr\/en\/product\/ludovico-magno-panegyricus-joh-antonio-mediobarbo\/","title":{"rendered":"Ludovico Magno panegyricus &#8211; Joh. Antonio Mediobarbo"},"content":{"rendered":"<p>Ludovico Magno panegyricus, imper. romanorum nummis contextus. A Joh. Antonio Mediobarbo C.R.S. (\u2026)\u00a0; in Gallicum \u00e0 Carolo Caesare Baudelot de Dairval (\u2026). In italicum ab ipso auctore translatus<\/p>\n<p>Joh. Antonio Mediobarbo (Charles C\u00e9sar Baudelot de Dairval traduction)<\/p>\n<p>Simonem. Langlois &#8211; In-4, pleine basane brune dos \u00e0 nerfs richement orn\u00e9 de caissons \u00e0 motifs floraux, pi\u00e8ce de titre en maroquin lie de vin, 263 x 200, Paris, 1703, Premi\u00e8re \u00e9dition.\u00a0 Pagination multiple. Trilingue latin, fran\u00e7ais, italien. Vignette m\u00e9daille au titre, bel et grand ent\u00eate r\u00e9p\u00e9t\u00e9 trois fois, grav\u00e9 par Franz Ertinger (vers 1640 &#8211; vers 1710), qui a grave aussi les deux m\u00e9dailles dans l\u2019adresse d\u2019ouverture au lecteur, et 4 lettrines histori\u00e9es de reproduction de m\u00e9dailles. Comprend : adresse au lecteur, bilingue lat\/fra, 4p ; Approbation et Privil\u00e8ge 2p. Fra. ; \u00c9p\u00eetre d\u00e9dicatoire \u00e0 Philippe V, en lat. 4p. Ludovico Magno, latin, pp. 2-40. Suivi de 4p. D\u2019adresse du traducteur fran\u00e7ois au lecteur. Puis \u00c0 Louis Le Grand, fra. pp.2- 58. Puis, le texte en italien, A Luigi il Grande, pp. 2-29. Suivi de : Nummorum index qui in contextu orationis reperiuntur, pp. 1-14 ; puis Index autorum, pp. 14-16. Possible ex-libris manuscrit en t\u00eate de garde. Int\u00e9rieur l\u00e9g\u00e8rement insol\u00e9 mais globalement propre et frais. Reliure d\u00e9fra\u00eechie : plats tr\u00e8s frott\u00e9s avec \u00e9pidermures larges et petits manques. Coins \u00e9mouss\u00e9s. Champs frott\u00e9s. Dos frott\u00e9, avec \u00e9pidermures au nerfs, coiffe et queue manquantes, un manque en caisson de t\u00eate, mors frott\u00e9s avec un manque sur un nerf, mors ouverts en pied, et au cinqui\u00e8me entrenerfs pour le mors sup\u00e9rieur, et mors ouvert en t\u00eate. Exemplaire n\u00e9anmoins bien ferme. Fils de l\u2019avocat et numismate Francesco Mezzabarba Birago (1645-1697), Joh. Antonio Mediobarbo (Gianantonio Mezzabarba) a puis\u00e9 dans la collection de m\u00e9dailles de son p\u00e8re pour cette c\u00e9l\u00e9bration de Louis XIV. Francesco Mezzabarba Birago s\u2019\u00e9tait r\u00e9joui de la r\u00e9vocation de l\u2019\u00e9dit de Nantes et en avait fait frapper une m\u00e9daille \u00e0 l\u2019effigie du roi (reproduite ici). Le texte est un chef-d\u2019\u0153uvre de flagornerie.<\/p>\n<p>&nbsp;<\/p>","protected":false},"excerpt":{"rendered":"<p>Ludovico Magno panegyricus, imper. romanorum nummis contextus. A Joh. Antonio Mediobarbo C.R.S. (\u2026)\u00a0; in Gallicum \u00e0 Carolo Caesare Baudelot de Dairval (\u2026). In italicum ab ipso auctore translatus Joh. Antonio Mediobarbo (Charles C\u00e9sar Baudelot de Dairval traduction) Simonem. Langlois &#8211; In-4, pleine basane brune dos \u00e0 nerfs richement orn\u00e9 de caissons \u00e0 motifs floraux, pi\u00e8ce &#8230; <a title=\"Ludovico Magno panegyricus &#8211; Joh. Antonio Mediobarbo\" class=\"read-more\" href=\"https:\/\/www.livresentre2actions.fr\/en\/product\/ludovico-magno-panegyricus-joh-antonio-mediobarbo\/\" aria-label=\"Read more about Ludovico Magno panegyricus &#8211; Joh. Antonio Mediobarbo\">Read more<\/a><\/p>","protected":false},"featured_media":0,"template":"","meta":{"_eb_attr":""},"product_brand":[],"product_cat":[36,74,72,71,73],"product_tag":[86],"class_list":{"0":"post-12546","1":"product","2":"type-product","3":"status-publish","5":"product_cat-entre-le-xviiieme-et-le-xixeme-siecle","6":"product_cat-collections","7":"product_cat-divers","8":"product_cat-illustres-modernes-editions-originales-signees-numerotees","9":"product_cat-histoires-et-recits-de-voyage","10":"product_tag-illustre","11":"sales-flash-overlay","12":"woocommerce-text-align-center","13":"woocommerce-image-align-center","15":"first","16":"outofstock","17":"taxable","18":"shipping-taxable","19":"purchasable","20":"product-type-simple"},"aioseo_notices":[],"_links":{"self":[{"href":"https:\/\/www.livresentre2actions.fr\/en\/wp-json\/wp\/v2\/product\/12546","targetHints":{"allow":["GET"]}}],"collection":[{"href":"https:\/\/www.livresentre2actions.fr\/en\/wp-json\/wp\/v2\/product"}],"about":[{"href":"https:\/\/www.livresentre2actions.fr\/en\/wp-json\/wp\/v2\/types\/product"}],"wp:attachment":[{"href":"https:\/\/www.livresentre2actions.fr\/en\/wp-json\/wp\/v2\/media?parent=12546"}],"wp:term":[{"taxonomy":"product_brand","embeddable":true,"href":"https:\/\/www.livresentre2actions.fr\/en\/wp-json\/wp\/v2\/product_brand?post=12546"},{"taxonomy":"product_cat","embeddable":true,"href":"https:\/\/www.livresentre2actions.fr\/en\/wp-json\/wp\/v2\/product_cat?post=12546"},{"taxonomy":"product_tag","embeddable":true,"href":"https:\/\/www.livresentre2actions.fr\/en\/wp-json\/wp\/v2\/product_tag?post=12546"}],"curies":[{"name":"wp","href":"https:\/\/api.w.org\/{rel}","templated":true}]}}