{"id":12493,"date":"2025-05-23T14:38:01","date_gmt":"2025-05-23T12:38:01","guid":{"rendered":"https:\/\/www.livresentre2actions.fr\/?post_type=product&#038;p=12493"},"modified":"2025-08-28T18:36:32","modified_gmt":"2025-08-28T16:36:32","slug":"petri-lombar-di-episcopi-parisiensis-sententiarum-libri-iiii","status":"publish","type":"product","link":"https:\/\/www.livresentre2actions.fr\/en\/product\/petri-lombar-di-episcopi-parisiensis-sententiarum-libri-iiii\/","title":{"rendered":"Petri Lombar di Episcopi Parisiensis Sententiarum Libri. IIII."},"content":{"rendered":"<p>Petri Lombar di Episcopi Parisiensis Sententiarum Libri. IIII. \u00a0Quibus author ille in diunis scripturis exercitatissimus, universae theologiae summam ex orthodoxorum Patrum decretis atque sententiis mirabili compendio &amp; arte complexus est\u00a0: ut jure optimo magister sententiarum merucrit cognominari. per Joannem Aleaume, parisien theologie professore, pristino suo nitori nunc primum veri restituti\u00a0: &amp; indicibus ac numeris authorum libros &amp; capira monstrantibus, quam fedeliss. Absoluti<\/p>\n<p>Petrus Lombardus [Pierre Lombard]<\/p>\n<p>Ioannem Mace &#8211; Plein veau,, plats \u00e0 encadrement double estamp\u00e9, dos \u00e0 cinq nerfs orn\u00e9 d\u2019une pi\u00e8ce de titre rouge, caissons fleuronn\u00e9s, tranches rouges, 220 x 172, 654p. Avec Sequntur varii artiulio erronei omnium pene facultatum in anglia &amp; parisijs studiose &amp; auctoritatiue condemnati [568 \u00e0 613], et Index des 4 livres [614 \u00e0 fin]. 1539 (au titre) mais on retrouve 1538 in fine avec l\u2019inscription \u00abParisiis, excudebat Nicolaus Buffet commorans e regione collegii Remansis \u00bb. Des lettrines histori\u00e9es. Un ex-libris manuscrit au titre indiquant une provenance d\u2019un membre d\u2019un ordre situ\u00e9 \u00e0 Coimbra. Une erreur de pagination page 297 marqu\u00e9e 317 mais bien pr\u00e9c\u00e9d\u00e9e par 296 et suivie par 299. Br\u00e8ve mouillure en marge de pied sur quelques pages du livre III. Une page du livre 2 avec d\u00e9chirure sans manque en plein et consolidation en marge de pied. De la page de titre \u00e0 la page 115 marge ext\u00e9rieure rogn\u00e9e en pied. Une tache d\u2019encre en plein sur une page du Livre 1. Des passages soulign\u00e9s r\u00e9guliers mais non abondants, 3 commentaires latins manuscrits en marge. Coins et champs frott\u00e9s, trois coins l\u00e9g\u00e8rement ouverts mais non \u00e9mouss\u00e9s. Plats frott\u00e9s avec nombreuses \u00e9pidermures. Mors sup\u00e9rieur bri\u00e8vement fendu en t\u00eate. Dos en bel \u00e9tat avec des frottements, except\u00e9 en pied avec manque. Rare exemplaire du travail de Pierre Lombard, th\u00e9ologien scolastique et \u00e9v\u00eaque italien du XII\u00e8me si\u00e8cle, dont les \u00e9crits ont notamment port\u00e9 sur la transsubstantiation Le livre des sentences (1152), pr\u00e9sent ouvrage, est une m\u00e9thode bas\u00e9e sur les questions \/ discussions et organisant la critique du texte biblique en quatre livres : la Trinit\u00e9 au Livre I ; la cr\u00e9ation au Livre II ; le Christ au Livre III ; et les sacrements au Livre IV. Quant \u00e0 Jean Mac\u00e9, il succ\u00e8de \u00e0 imprimeur Pierre Gaudoul (1508-1537). Peu d\u2019exemplaires semblent en circulation aujourd\u2019hui, y compris post\u00e9rieures. Une \u00e9dition de 1538 est r\u00e9pertori\u00e9e \u00e0 la Bm d\u2019Epinal mais chez un autre imprimeur.<\/p>","protected":false},"excerpt":{"rendered":"<p>Petri Lombar di Episcopi Parisiensis Sententiarum Libri. IIII. \u00a0Quibus author ille in diunis scripturis exercitatissimus, universae theologiae summam ex orthodoxorum Patrum decretis atque sententiis mirabili compendio &amp; arte complexus est\u00a0: ut jure optimo magister sententiarum merucrit cognominari. per Joannem Aleaume, parisien theologie professore, pristino suo nitori nunc primum veri restituti\u00a0: &amp; indicibus ac numeris authorum &#8230; <a title=\"Petri Lombar di Episcopi Parisiensis Sententiarum Libri. IIII.\" class=\"read-more\" href=\"https:\/\/www.livresentre2actions.fr\/en\/product\/petri-lombar-di-episcopi-parisiensis-sententiarum-libri-iiii\/\" aria-label=\"Read more about Petri Lombar di Episcopi Parisiensis Sententiarum Libri. IIII.\">Read more<\/a><\/p>","protected":false},"featured_media":12494,"template":"","meta":{"_eb_attr":""},"product_brand":[],"product_cat":[35,68],"product_tag":[94],"class_list":{"0":"post-12493","1":"product","2":"type-product","3":"status-publish","4":"has-post-thumbnail","6":"product_cat-jusquau-xviiemesiecle","7":"product_cat-religion-spiritualite","8":"product_tag-provenance","9":"sales-flash-overlay","10":"woocommerce-text-align-center","11":"woocommerce-image-align-center","12":"wc-has-gallery","14":"first","15":"instock","16":"taxable","17":"shipping-taxable","18":"purchasable","19":"product-type-simple"},"aioseo_notices":[],"_links":{"self":[{"href":"https:\/\/www.livresentre2actions.fr\/en\/wp-json\/wp\/v2\/product\/12493","targetHints":{"allow":["GET"]}}],"collection":[{"href":"https:\/\/www.livresentre2actions.fr\/en\/wp-json\/wp\/v2\/product"}],"about":[{"href":"https:\/\/www.livresentre2actions.fr\/en\/wp-json\/wp\/v2\/types\/product"}],"wp:featuredmedia":[{"embeddable":true,"href":"https:\/\/www.livresentre2actions.fr\/en\/wp-json\/wp\/v2\/media\/12494"}],"wp:attachment":[{"href":"https:\/\/www.livresentre2actions.fr\/en\/wp-json\/wp\/v2\/media?parent=12493"}],"wp:term":[{"taxonomy":"product_brand","embeddable":true,"href":"https:\/\/www.livresentre2actions.fr\/en\/wp-json\/wp\/v2\/product_brand?post=12493"},{"taxonomy":"product_cat","embeddable":true,"href":"https:\/\/www.livresentre2actions.fr\/en\/wp-json\/wp\/v2\/product_cat?post=12493"},{"taxonomy":"product_tag","embeddable":true,"href":"https:\/\/www.livresentre2actions.fr\/en\/wp-json\/wp\/v2\/product_tag?post=12493"}],"curies":[{"name":"wp","href":"https:\/\/api.w.org\/{rel}","templated":true}]}}