{"id":12424,"date":"2025-05-15T21:22:26","date_gmt":"2025-05-15T19:22:26","guid":{"rendered":"https:\/\/www.livresentre2actions.fr\/?post_type=product&#038;p=12424"},"modified":"2026-03-05T18:48:35","modified_gmt":"2026-03-05T17:48:35","slug":"album-de-monogrammes-historiques-et-modernes-avec-plus-de-700-monogrammes","status":"publish","type":"product","link":"https:\/\/www.livresentre2actions.fr\/en\/product\/album-de-monogrammes-historiques-et-modernes-avec-plus-de-700-monogrammes\/","title":{"rendered":"Album de Monogrammes historiques et Modernes (avec plus de 700 monogrammes)"},"content":{"rendered":"<p>Album de Monogrammes historiques et Modernes (exemplaire avec plus de 700 monogrammes)<\/p>\n<p>Justin Lallier &#8211; Susse fr\u00e8res \u00e9diteurs<\/p>\n<p>In-8\u00b0 oblong, 180 x 275, demi reliure \u00e9diteur de chagrin marron, dos \u00e0 faux-nerfs muet, titre sur le plat, toutes tranches dor\u00e9es, \u00e9tiquette \u00e9diteur en contreplat sup\u00e9rieur, 101 pp, 1872. Edition originale sign\u00e9e de l\u2019auteur. Comprend\u00a0: 17p. de Table m\u00e9thodique et analytique. Suivi de 42 planches couleur regroupant 294 monogrammes d\u00e9crits, pagin\u00e9es 18 \u00e0 101. La collection des monogrammes est articul\u00e9e autour de 8 axes : monogrammes religieux ;\u00a0 peintres, sculpteurs et graveurs ; c\u00e9ramique ; \u00e9diteurs, imprimeurs et libraires ; empereurs, rois et souverains ; princes, grands seigneurs ; villes ; divers. Exemplaire spectaculairement enrichi de 417 monogrammes organis\u00e9s en 31 planches couleur, coll\u00e9es et expliqu\u00e9es en vis-\u00e0-vis d\u2019une belle \u00e9criture manuscrite par un ancien propri\u00e9taire\u00a0; l\u2019\u00e9diteur avait en effet pr\u00e9vu que tout d\u00e9tenteur du livre pourrait compl\u00e9ter l\u2019ouvrage \u00e0 sa guise, avec pages vierges \u00e0 encadrement de m\u00eame pr\u00e9sentation que l\u2019ouvrage. Int\u00e9rieur tr\u00e8s bon, rares rousseurs, essentiellement en derni\u00e8re page vierge et contreplat inf\u00e9rieur\u00a0; un feuillet d\u00e9cal\u00e9. Des frottements \u00e0 la reliure, mais bonne, \u00e9pidermures en pied de dos.<\/p>","protected":false},"excerpt":{"rendered":"<p>Album de Monogrammes historiques et Modernes (exemplaire avec plus de 700 monogrammes) Justin Lallier &#8211; Susse fr\u00e8res \u00e9diteurs In-8\u00b0 oblong, 180 x 275, demi reliure \u00e9diteur de chagrin marron, dos \u00e0 faux-nerfs muet, titre sur le plat, toutes tranches dor\u00e9es, \u00e9tiquette \u00e9diteur en contreplat sup\u00e9rieur, 101 pp, 1872. Edition originale sign\u00e9e de l\u2019auteur. Comprend\u00a0: 17p. &#8230; <a title=\"Album de Monogrammes historiques et Modernes (avec plus de 700 monogrammes)\" class=\"read-more\" href=\"https:\/\/www.livresentre2actions.fr\/en\/product\/album-de-monogrammes-historiques-et-modernes-avec-plus-de-700-monogrammes\/\" aria-label=\"Read more about Album de Monogrammes historiques et Modernes (avec plus de 700 monogrammes)\">Read more<\/a><\/p>","protected":false},"featured_media":12425,"template":"","meta":{"_eb_attr":""},"product_brand":[],"product_cat":[36,75,74,71,73],"product_tag":[94],"class_list":{"0":"post-12424","1":"product","2":"type-product","3":"status-publish","4":"has-post-thumbnail","6":"product_cat-entre-le-xviiieme-et-le-xixeme-siecle","7":"product_cat-art","8":"product_cat-collections","9":"product_cat-illustres-modernes-editions-originales-signees-numerotees","10":"product_cat-histoires-et-recits-de-voyage","11":"product_tag-provenance","12":"sales-flash-overlay","13":"woocommerce-text-align-center","14":"woocommerce-image-align-center","15":"wc-has-gallery","17":"first","18":"outofstock","19":"taxable","20":"shipping-taxable","21":"purchasable","22":"product-type-simple"},"aioseo_notices":[],"_links":{"self":[{"href":"https:\/\/www.livresentre2actions.fr\/en\/wp-json\/wp\/v2\/product\/12424","targetHints":{"allow":["GET"]}}],"collection":[{"href":"https:\/\/www.livresentre2actions.fr\/en\/wp-json\/wp\/v2\/product"}],"about":[{"href":"https:\/\/www.livresentre2actions.fr\/en\/wp-json\/wp\/v2\/types\/product"}],"wp:featuredmedia":[{"embeddable":true,"href":"https:\/\/www.livresentre2actions.fr\/en\/wp-json\/wp\/v2\/media\/12425"}],"wp:attachment":[{"href":"https:\/\/www.livresentre2actions.fr\/en\/wp-json\/wp\/v2\/media?parent=12424"}],"wp:term":[{"taxonomy":"product_brand","embeddable":true,"href":"https:\/\/www.livresentre2actions.fr\/en\/wp-json\/wp\/v2\/product_brand?post=12424"},{"taxonomy":"product_cat","embeddable":true,"href":"https:\/\/www.livresentre2actions.fr\/en\/wp-json\/wp\/v2\/product_cat?post=12424"},{"taxonomy":"product_tag","embeddable":true,"href":"https:\/\/www.livresentre2actions.fr\/en\/wp-json\/wp\/v2\/product_tag?post=12424"}],"curies":[{"name":"wp","href":"https:\/\/api.w.org\/{rel}","templated":true}]}}