{"id":12389,"date":"2025-05-13T17:44:43","date_gmt":"2025-05-13T15:44:43","guid":{"rendered":"https:\/\/www.livresentre2actions.fr\/?post_type=product&#038;p=12389"},"modified":"2025-08-27T11:57:30","modified_gmt":"2025-08-27T09:57:30","slug":"coloris-et-aquarelle-nouveaux-modeles-de-coloris","status":"publish","type":"product","link":"https:\/\/www.livresentre2actions.fr\/en\/product\/coloris-et-aquarelle-nouveaux-modeles-de-coloris\/","title":{"rendered":"Coloris et aquarelle. Nouveaux mod\u00e8les de coloris"},"content":{"rendered":"<p>Coloris et aquarelle. Nouveaux mod\u00e8les de coloris pouvant \u00eatre ex\u00e9cut\u00e9s avec des crayons de couleur, ou des crayons pastel<br \/>\nSans nom d\u2019auteur &#8211; Sans nom d\u2019\u00e9diteur [J. Monrocq, imp. Paris]<br \/>\nDemi-toil\u00e9 rouge, 314 x 252, non pagin\u00e9. Sans date. 1890 ca. Comprend des pages vierges et 15 dessins couleur (colori\u00e9s ou d\u2019origine), et noir et blanc \u00e0 colorier. 2 sont sign\u00e9s\u00a0: l\u2019un C. Chavatte et le second Genevi\u00e8ve Ledoux. Int\u00e9rieur propre, pages l\u00e9g\u00e8rement insol\u00e9es, quelques traces. Plats tr\u00e8s frott\u00e9s.<\/p>","protected":false},"excerpt":{"rendered":"<p>Coloris et aquarelle. Nouveaux mod\u00e8les de coloris pouvant \u00eatre ex\u00e9cut\u00e9s avec des crayons de couleur, ou des crayons pastel Sans nom d\u2019auteur &#8211; Sans nom d\u2019\u00e9diteur [J. Monrocq, imp. Paris] Demi-toil\u00e9 rouge, 314 x 252, non pagin\u00e9. Sans date. 1890 ca. Comprend des pages vierges et 15 dessins couleur (colori\u00e9s ou d\u2019origine), et noir et &#8230; <a title=\"Coloris et aquarelle. Nouveaux mod\u00e8les de coloris\" class=\"read-more\" href=\"https:\/\/www.livresentre2actions.fr\/en\/product\/coloris-et-aquarelle-nouveaux-modeles-de-coloris\/\" aria-label=\"Read more about Coloris et aquarelle. Nouveaux mod\u00e8les de coloris\">Read more<\/a><\/p>","protected":false},"featured_media":12390,"template":"","meta":{"_eb_attr":""},"product_brand":[],"product_cat":[36,78],"product_tag":[86],"class_list":{"0":"post-12389","1":"product","2":"type-product","3":"status-publish","4":"has-post-thumbnail","6":"product_cat-entre-le-xviiieme-et-le-xixeme-siecle","7":"product_cat-enfantina","8":"product_tag-illustre","9":"sales-flash-overlay","10":"woocommerce-text-align-center","11":"woocommerce-image-align-center","12":"wc-has-gallery","14":"first","15":"instock","16":"taxable","17":"shipping-taxable","18":"purchasable","19":"product-type-simple"},"aioseo_notices":[],"_links":{"self":[{"href":"https:\/\/www.livresentre2actions.fr\/en\/wp-json\/wp\/v2\/product\/12389","targetHints":{"allow":["GET"]}}],"collection":[{"href":"https:\/\/www.livresentre2actions.fr\/en\/wp-json\/wp\/v2\/product"}],"about":[{"href":"https:\/\/www.livresentre2actions.fr\/en\/wp-json\/wp\/v2\/types\/product"}],"wp:featuredmedia":[{"embeddable":true,"href":"https:\/\/www.livresentre2actions.fr\/en\/wp-json\/wp\/v2\/media\/12390"}],"wp:attachment":[{"href":"https:\/\/www.livresentre2actions.fr\/en\/wp-json\/wp\/v2\/media?parent=12389"}],"wp:term":[{"taxonomy":"product_brand","embeddable":true,"href":"https:\/\/www.livresentre2actions.fr\/en\/wp-json\/wp\/v2\/product_brand?post=12389"},{"taxonomy":"product_cat","embeddable":true,"href":"https:\/\/www.livresentre2actions.fr\/en\/wp-json\/wp\/v2\/product_cat?post=12389"},{"taxonomy":"product_tag","embeddable":true,"href":"https:\/\/www.livresentre2actions.fr\/en\/wp-json\/wp\/v2\/product_tag?post=12389"}],"curies":[{"name":"wp","href":"https:\/\/api.w.org\/{rel}","templated":true}]}}